{"id":98,"date":"2016-02-20T16:08:18","date_gmt":"2016-02-20T15:08:18","guid":{"rendered":"http:\/\/www.scenotopic.fr\/?page_id=98"},"modified":"2021-11-03T15:28:23","modified_gmt":"2021-11-03T14:28:23","slug":"gourmandises","status":"publish","type":"page","link":"https:\/\/www.scenotopic.fr\/index.php\/expositions-itinerantes\/gourmandises\/","title":{"rendered":"gourmandises"},"content":{"rendered":"<p style=\"text-align: justify;\">L&rsquo;installation a \u00e9t\u00e9 imagin\u00e9e comme un parcours gourmand invitant petits et grands \u00e0 savourer les plaisirs des mets et des mots : \u00e9couter contes et comptines en soulevant des couvercles de marmites, go\u00fbter aux po\u00e8mes dans leurs moules de cuisson, d\u00e9couvrir le mus\u00e9e imaginaire des ustensiles c\u00e9l\u00e8bres, convoiter des bonbons plus gros que son ventre ou encore faire sa cuisine avec les expressions de la langue fran\u00e7aise&#8230;<div id=\"pressrelease-link-98\" class=\"sh-link pressrelease-link sh-hide\"><a href=\"#\" onclick=\"showhide_toggle('pressrelease', 98, 'Lire la suite', 'Cacher le texte'); return false;\" aria-expanded=\"false\"><span id=\"pressrelease-toggle-98\">Lire la suite<\/span><\/a><\/div><div id=\"pressrelease-content-98\" class=\"sh-content pressrelease-content sh-hide\" style=\"display: none;\"><\/p>\n<p style=\"text-align: justify;\">Convoquant l&rsquo;imaginaire l&rsquo;installation \u00abGourmandises\u00bb est itin\u00e9rante, ludique et interactive. Elle propose aux parents et aux enfants d&rsquo;\u00e9changer autour des th\u00e8mes de la cuisine et des nourritures, en aiguisant l&rsquo;app\u00e9tit des mots.<\/p>\n<p style=\"text-align: justify;\"><strong>Il ne reste plus qu&rsquo;\u00e0 composer son menu parmi les diff\u00e9rents modules pour le porter \u00e0 l&rsquo;app\u00e9tit des visiteurs ! <\/strong><\/p>\n<p style=\"text-align: justify;\"><strong>Public familial \u00e0 partir de 4\/5 ans.<\/strong><\/p>\n<p style=\"text-align: justify;\">Dispositif cr\u00e9\u00e9 et initi\u00e9 par Sandrine Berger et Alain Le Foll, le parcours \u00abGourmandises\u00bb a \u00e9t\u00e9 programm\u00e9 dans pr\u00e8s de 50 lieux culturels, m\u00e9diath\u00e8ques ou festivals depuis sa cr\u00e9ation.<\/p>\n<h4>DOCUMENT DE PR\u00c9SENTATION \/ FICHE TECHNIQUE \/ CONDITIONS TARIFAIRES<\/h4>\n<ul>\n<li>t\u00e9l\u00e9charger le document pdf <a href=\"https:\/\/www.scenotopic.fr\/wp-content\/uploads\/2016\/03\/GOURmandisesPresentationXpages.pdf\" target=\"_blank\" rel=\"noopener\">GOURMANDISES<\/a><\/li>\n<\/ul>\n<p style=\"text-align: justify;\"><code><\/div><\/code><\/p>\n\n\n<p><\/p>\n","protected":false},"excerpt":{"rendered":"<p>L&rsquo;installation a \u00e9t\u00e9 imagin\u00e9e comme un parcours gourmand invitant petits et grands \u00e0 savourer les plaisirs des mets et des mots : \u00e9couter contes et comptines en soulevant des couvercles de marmites, go\u00fbter aux po\u00e8mes dans leurs moules de cuisson, d\u00e9couvrir le mus\u00e9e imaginaire des ustensiles c\u00e9l\u00e8bres, convoiter des bonbons plus gros que son ventre &hellip; <a href=\"https:\/\/www.scenotopic.fr\/index.php\/expositions-itinerantes\/gourmandises\/\" class=\"more-link\">Lire la suite <span class=\"screen-reader-text\">gourmandises<\/span><\/a><\/p>\n","protected":false},"author":2,"featured_media":0,"parent":168,"menu_order":0,"comment_status":"closed","ping_status":"closed","template":"page-templates\/grid-page.php","meta":{"footnotes":""},"class_list":["post-98","page","type-page","status-publish","hentry","without-featured-image"],"_links":{"self":[{"href":"https:\/\/www.scenotopic.fr\/index.php\/wp-json\/wp\/v2\/pages\/98","targetHints":{"allow":["GET"]}}],"collection":[{"href":"https:\/\/www.scenotopic.fr\/index.php\/wp-json\/wp\/v2\/pages"}],"about":[{"href":"https:\/\/www.scenotopic.fr\/index.php\/wp-json\/wp\/v2\/types\/page"}],"author":[{"embeddable":true,"href":"https:\/\/www.scenotopic.fr\/index.php\/wp-json\/wp\/v2\/users\/2"}],"replies":[{"embeddable":true,"href":"https:\/\/www.scenotopic.fr\/index.php\/wp-json\/wp\/v2\/comments?post=98"}],"version-history":[{"count":11,"href":"https:\/\/www.scenotopic.fr\/index.php\/wp-json\/wp\/v2\/pages\/98\/revisions"}],"predecessor-version":[{"id":2405,"href":"https:\/\/www.scenotopic.fr\/index.php\/wp-json\/wp\/v2\/pages\/98\/revisions\/2405"}],"up":[{"embeddable":true,"href":"https:\/\/www.scenotopic.fr\/index.php\/wp-json\/wp\/v2\/pages\/168"}],"wp:attachment":[{"href":"https:\/\/www.scenotopic.fr\/index.php\/wp-json\/wp\/v2\/media?parent=98"}],"curies":[{"name":"wp","href":"https:\/\/api.w.org\/{rel}","templated":true}]}}