{"id":933,"date":"2016-05-26T16:37:46","date_gmt":"2016-05-26T15:37:46","guid":{"rendered":"http:\/\/www.scenotopic.fr\/?page_id=933"},"modified":"2019-03-06T11:38:51","modified_gmt":"2019-03-06T10:38:51","slug":"espaces-sonores","status":"publish","type":"page","link":"https:\/\/www.scenotopic.fr\/index.php\/espaces-sonores\/","title":{"rendered":"Espaces sonores"},"content":{"rendered":"\n<div style=\"width: 600px;\">\n<h2>Mus\u00e9ographie &#8211; installations artistiques<\/h2>\n<h5>Exposition \u00ab\u00a0Namsborg, des vikings \u00e0 Nantes\u00a0\u00bb, Le Chronographe, Nantes &#8211; 2018<\/h5>\n<p>Le Chronographe, Centre d&rsquo;Interpr\u00e9tation et d&rsquo;Animation du Patrimoine, propose d&rsquo;explorer les traces de la pr\u00e9sence viking dans l&rsquo;estuaire de la Loire aux 9\u00e8me et 10\u00e8me si\u00e8cles.\n<br>le Chronographe a souhait\u00e9 compl\u00e9ter le parcours sc\u00e9nographique de dispositifs audiovisuels: \n<ul>\n<li>une animation d\u2019une minute en pr\u00e9ambule de l\u2019exposition proposant au visiteur une immersion progressive dans les repr\u00e9sentations m\u00e9di\u00e9vales des vikings.<\/li>\n<li>un dispositif sonore donnant \u00e0 entendre au visiteur 3 langues anciennes correspondant \u00e0 trois personnages types repr\u00e9sentatifs de la soci\u00e9t\u00e9 m\u00e9di\u00e9vale contemporaine des interactions avec les vikings : le latin, le vieux norrois et le breton. Cet outil devait permettre au visiteur de discerner les diff\u00e9rences sociales, religieuses, culturelles et linguistiques entre les acteurs de cette \u00e9poque, et apporter des \u00e9l\u00e9ments de contexte historique de mani\u00e8re ludique et interactive.<\/li>\n<li>un dispositif visuel donnant \u00e0 voir au visiteur la construction de la figure du martyr, en la personne de saint Gohard, massacr\u00e9 en la cath\u00e9drale de Nantes par les normands en 843.<\/li>\n<\/ul>\nCe travail a \u00e9t\u00e9 r\u00e9alis\u00e9 avec la collaboration de Rapha\u00ebl Lerays pour les animations.<\/p>\n<p><strong>Commanditaire : <\/strong>Nantes M\u00e9tropole \u2013 Le Chronographe<br>\n<strong>Mission : <\/strong>Conception, r\u00e9alisation sonore et interactivit\u00e9.<br>\nEnregistrements, montage, mixage, spatialisation, programmation de l\u2019interactivit\u00e9 et r\u00e9alisation de l\u2019interface.<\/p>\n<p><img loading=\"lazy\" decoding=\"async\" src=\"https:\/\/www.scenotopic.fr\/wp-content\/uploads\/2019\/01\/vikings_190114.jpg\" alt=\"exposition vikings chronographe\" width=\"572\" height=\"320\"><br><br>\n\n<h5>Exposition \u00ab\u00a0Tous acteurs de notre futur \u00e9nerg\u00e9tique\u00a0\u00bb, Syndicat D\u00e9partemental d\u2019Energie du Finist\u00e8re &#8211; 2018<\/h5>\n<p>L&rsquo; exposition aborde les grands enjeux de la transition \u00e9nerg\u00e9tique : climat, mobilit\u00e9, urbanisme, gestion de l\u2019\u00e9nergie en s&rsquo;adressant plus particuli\u00e8rement aux scolaires.<\/p>\n<p><strong>Commanditaire : <\/strong>SDEF<br>\n<strong>Missions : <\/strong>Cr\u00e9ation des contenus sonores, \u00e9laboration de la diffusion sonore, \u00e9laboration du plan de feu, pr\u00e9conisations du mat\u00e9riel son et lumi\u00e8re, achats et installation.<\/p>\n<br><br>\n<h5>Exposition \u00ab\u00a0Curiosit\u00e9s d&rsquo;ici ou d&rsquo;ailleurs, une histoire de collections\u00a0\u00bb, Mus\u00e9e du Ch\u00e2teau de Mayenne &#8211; 2017<\/h5>\n<p>Le Mus\u00e9e du Ch\u00e2teau de Mayenne met \u00e0 l\u2019honneur la richesse et la diversit\u00e9 de ses collections en r\u00e9unissant plus de 350 objets insolites. Le premier espace de l&rsquo;exposition est un cabinet de curiosit\u00e9. En parcourant cet espace, le visiteur d\u00e9clenche, gr\u00e2ce \u00e0 des capteurs de pr\u00e9sence, des sons li\u00e9s aux objets approch\u00e9s . Cette dimension sonore redonne vie aux objets expos\u00e9s et ouvre une fen\u00eatre sensorielle diff\u00e9rente sur l&rsquo;imaginaire. La bande son ainsi cr\u00e9\u00e9e est immersive et toujours en mouvement.<\/p>\n<p><strong>Commanditaire : <\/strong>Mus\u00e9e du Ch\u00e2teau de Mayenne<br>\n<strong>Mission : <\/strong>Conception et r\u00e9alisation du dispositif sonore.<br>\nEnregistrements, montage, mixage d&rsquo;ambiances sonores, programmation de l&rsquo;interactivit\u00e9 et de la spatialisation (logiciel pure data), conception et r\u00e9alisation des interfaces (carte microcontr\u00f4leur Arduino, capteurs de pr\u00e9sence).<\/p>\n<p><img loading=\"lazy\" decoding=\"async\" src=\"https:\/\/www.scenotopic.fr\/wp-content\/uploads\/2018\/01\/museeMayenne-scenotopic_01.jpg\" alt=\"mus\u00e9e Ch\u00e2teau de Mayenne exposition\" width=\"400\" height=\"300\"><br>\nSons de pr\u00e9sentation \u00e0 venir bient\u00f4t.<\/p><br><br>\n<h5>Exposition \u00ab\u00a0Trouillom\u00e8tre Z\u00e9ro\u00a0\u00bb &#8211; 2016<\/h5>\n<p>Dispositif itin\u00e9rant interactif de m\u00e9diation autour de la litt\u00e9rature jeunesse sur le th\u00e8me des imaginaires de la peur.<br>\nL&rsquo;exposition Trouillom\u00e8tre Z\u00e9ro a \u00e9t\u00e9 con\u00e7ue comme un terrain d&rsquo;exploration nomade qui d\u00e9mystifie les terreurs pour offrir un voyage po\u00e9tique et inspir\u00e9 autour des imaginaires de la peur, de la monstruosit\u00e9 \u00e0 l&rsquo;\u00e9trange, en passant par les chim\u00e8res.<br>\nLe dispositif sonore est compos\u00e9 d&rsquo;une bo\u00eete \u00e0 cauchemars diffusant \u00e0 travers 6 bo\u00eetes haut-parleurs manipulables des t\u00e9moignages d&rsquo;enfants sur leurs cauchemars et des sons d&rsquo;ambiance, d&rsquo;un oreiller sonore diffusant, lorsque l&rsquo;on s&rsquo;allonge dessus, des po\u00e8mes sur le th\u00e8me de la nuit et des peurs (textes dits par H\u00e9l\u00e8ne Lafosse) et d&rsquo;une diffusion de sons d&rsquo;ambiance sous le plateau du dispositif. Les sons sont spatialis\u00e9s sur huit haut-parleurs et interagissent avec les manipulations et les d\u00e9placements du public.<\/p>\n<p><strong>Commanditaire : <\/strong>Association la bo\u00eete maisoncl\u00e9tante<br>\n<strong>Mission : <\/strong>Conception et r\u00e9alisation du dispositif sonore.<br>\nEnregistrements, montage, mixage des voix et des ambiances sonores, programmation de l&rsquo;interactivit\u00e9 et de la spatialisation (logiciel pure data), conception et r\u00e9alisation des interfaces (carte microcontr\u00f4leur Arduino, capteurs).<\/p>\n<p><img loading=\"lazy\" decoding=\"async\" src=\"https:\/\/www.scenotopic.fr\/wp-content\/uploads\/2018\/01\/boite-a-cauchemars-scenotopic-trouillometre-zero_400-319.jpg\" alt=\"trouillom\u00e8tre z\u00e9ro exposition sc\u00e9notopic\" width=\"400\" height=\"319\"><br>\nSons de pr\u00e9sentation \u00e0 venir bient\u00f4t.<\/p><br><br>\n<h5>Exposition \u00ab\u00a0La robe et le nuage\u00a0\u00bb<br>\nune certaine vision de la radioprotection, associant art et science<\/h5>\n<p>L\u2019exposition retrace au fil de l\u2019\u00e9volution politique, sociale et culturelle les grands moments, \u00e0 la fois fantastiques et&nbsp;&nbsp;dramatiques&nbsp;&nbsp;de&nbsp;&nbsp;l\u2019histoire&nbsp;&nbsp;des&nbsp;&nbsp;rayons X, de la&nbsp;radioactivit\u00e9&nbsp;et de&nbsp;la&nbsp;radioprotection.<br>\nDes ambiances sonores mouvantes et immersives accompagnent l&rsquo;exposition. Des pulsations br\u00e8ves aux rythmes et fr\u00e9quences vari\u00e9s rappelant les sons issus des compteurs Geiger de mesure des rayonnements ionisants sont diffus\u00e9s \u00e0 travers l&rsquo;espace de l&rsquo;exposition. Les huit enceintes de diffusion sonore sont int\u00e9gr\u00e9es aux \u00e9l\u00e9ments sc\u00e9nographiques (cimaises, mobilier) ou fix\u00e9es en hauteur sur les gaines de ventilation. L&rsquo;ambiance sonore \u00e9volue dans l&rsquo;espace et enveloppe le public. Les sons sont g\u00e9n\u00e9r\u00e9s et spatialis\u00e9s en temps r\u00e9\u00e9l par un programme informatique.<\/p>\n<p><strong>Commanditaire : <\/strong>GIP Arronax<br>\n<strong>Mission : <\/strong>Cr\u00e9ation sonore. Conception \/ R\u00e9alisation du programme informatique de traitement et spatialisation des sons (logiciel pure data). Le syst\u00e8me de diffusion a \u00e9t\u00e9 con\u00e7u en collaboration avec Dominique Leroy.<\/p>\n<p><img loading=\"lazy\" decoding=\"async\" src=\"https:\/\/www.scenotopic.fr\/wp-content\/uploads\/2016\/05\/la-robe_et_le_nuage-exposition.jpg\" alt=\"la robe et le nuage exposition\" width=\"400\" height=\"300\"><br>\n<strong>Hangar \u00e0 Bananes, Nantes de Juin \u00e0 Octobre 2011.<\/strong><br>\n<audio src=\"https:\/\/www.scenotopic.fr\/wp-content\/uploads\/2016\/04\/laRobeEtLeNuage-extrait.mp3\" controls=\"controls\">votre navigateur ne peut pas g\u00e9rer ce contenu audio<\/audio><\/p><br><br>\n<h5>Installation artistique \u00ab\u00a0Storelux\u00a0\u00bb<\/h5>\n<p>Cr\u00e9ation d&rsquo;un espace sonore de d\u00e9ambulation.<br>\nDes lames de stores sont fix\u00e9es \u00e0 des fils m\u00e9talliques traversant l&rsquo;espace cr\u00e9ant ainsi un paysage de bandes blanches en suspension dans lequel d\u00e9ambule le visiteur. Des transducteurs sont fix\u00e9s au niveau des fils m\u00e9talliques et des lames de stores. Un programme informatique g\u00e9n\u00e8re et spatialise des sons mettant en vibration les lames. Les sonorit\u00e9s \u00e9voluent suivant le parcours du visiteur qui peut aussi modifier sa perception des sons en rapprochant son oreille des lames de store.<\/p>\n<p><strong>Commanditaire : <\/strong>APO33<br>\n<strong>Mission : <\/strong>Cr\u00e9ation sonore et cr\u00e9ation du dispositif sc\u00e9nographique en collaboration avec Dominique Leroy, conception, r\u00e9alisation du programme informatique de traitement et spatialisation des sons (logiciel pure data).<\/p>\n<p><img loading=\"lazy\" decoding=\"async\" src=\"https:\/\/www.scenotopic.fr\/wp-content\/uploads\/2016\/05\/storelux-installation.jpg\" alt=\"storelux stereolux\" width=\"300\" height=\"199\"><br>\n<strong>Plateforme intermedia, St\u00e9r\u00e9olux Nantes, 2011.<\/strong><br>\n<audio src=\"https:\/\/www.scenotopic.fr\/wp-content\/uploads\/2016\/04\/storelux-extrait.mp3\" controls=\"controls\">votre navigateur ne peut pas g\u00e9rer ce contenu audio<\/audio><\/p><br><br>\n<h2>Spectacle vivant<\/h2>\n\n<h5>Spectacle \u00ab\u00a0Un Seul \u00catre\u00a0\u00bb &#8211; 2018<\/h5>\n<p>Spectacle de danse de la Cie 29&#215;27.\n<br>A l\u2019origine, une m\u00e9lodie de Vivaldi pour accompagner une danse, une m\u00e9lodie qui suit les danseurs tout le long du spectacle, qui se transforme, devient m\u00e9connaissable, remplit l\u2019espace, les obs\u00e8de.<\/p>\n<p><strong>Commanditaire : <\/strong>Cie 29&#215;27<br>\n<strong>Mission :<\/strong> Conception et r\u00e9alisation du contenu sonore, du dispositif de diffusion et de la r\u00e9gie du spectacle.<\/p>\n<p><img loading=\"lazy\" decoding=\"async\" src=\"https:\/\/www.scenotopic.fr\/wp-content\/uploads\/2019\/01\/Cie_29x27_-_Un_seul_etre_-_visuel_BD__c__Jean-Jacques_Lemasson_600308.jpg\" alt=\"spectacle danse un seul \u00eatre\" width=\"600\" height=\"308\"><br><br>\n\n<h5>Spectacle \u00ab\u00a0Les vitrines int\u00e9rieures\u00a0\u00bb &#8211; Mai 2017<\/h5>\n<p>La Cie les barbaries des barakrok investit des commerces vacants ou en transition, les vitrines de magasins \u00e0 l\u2019abandon pour proposer une d\u00e9ambulation dans la ville. Les vitrines choisies proposent des installations plastiques qui pourront rester une semaine ou plus comme exposition avant d\u2019\u00eatre investies par des com\u00e9diens. Les histoires se racontent tout d\u2019abord par l\u2019espace, par le d\u00e9cor lui-m\u00eame, par son univers sonore.<\/p>\n<p><strong>Commanditaire : <\/strong>Compagnie les barbaries des barakrok<br>\n<strong>Mission : <\/strong>Conception \/ R\u00e9alisation de quatre s\u00e9quences sonores de 8 \u00e0 16 mn. Une des s\u00e9quences sonores est compl\u00e9t\u00e9e d&rsquo;envois de sons command\u00e9s par l&rsquo;ouverture de portes de placards. Les sons sont diffus\u00e9s dans la rue devant chaque vitrine.<br>\nEnregistrement, montage, mixage de voix et de sons d&rsquo;ambiance, programmation de l&rsquo;interactivit\u00e9 (logiciel pure data), conception et r\u00e9alisation des interfaces (carte microcontr\u00f4leur Arduino)<\/p>\n<p><video controls=\"controls\" width=\"600\" height=\"337\"><source src=\"https:\/\/www.scenotopic.fr\/wp-content\/uploads\/2018\/01\/vitrinesInterieures_scenotopic_600-337_02.ogv\" type=\"video\/ogg\">Votre navigateur ne supporte pas le tag video.<\/video><\/p><br><br>\n<h5>Spectacle-performance \u00ab\u00a0Double Frictional Wheel\u00a0\u00bb de Soizic Lebrat- 2017<\/h5>\n<p>Double Frictional Wheel est une \u0153uvre musicale immersive pour violoncelle \u00e0 roue et double acousmatique. Le violoncelle est ici augment\u00e9 d\u2019une roue \u00e9lectrique rempla\u00e7ant l\u2019archet et l\u2019interpr\u00e8te est d\u00e9doubl\u00e9, via un dispositif acousmatique, programm\u00e9 pour r\u00e9agir en temps r\u00e9\u00e9l, en puisant dans un r\u00e9pertoire de sons pr\u00e9alablement enregistr\u00e9s. La mise en geste de la partition musicale et sonore de l\u2019interpr\u00e8te permet de commander le jeu du double acousmatique au moyen d\u2019une captation des mouvements de la roue et d\u2019une analyse des caract\u00e9ristiques du son jou\u00e9 en direct par l\u2019interpr\u00e8te. La programmation informatique est r\u00e9alis\u00e9e \u00e0 l&rsquo;aide du logiciel pure data.<\/p>\n<p><strong>Commanditaire : <\/strong>Ultra\/\/Sonore<br>\n<strong>Mission :<\/strong> Programmation du double acousmatique.<br>\nProgrammation des traitements sonores, de la spatialisation, de la conduite du spectacle (logiciel pure data).<\/p>\n<p><img loading=\"lazy\" decoding=\"async\" src=\"https:\/\/www.scenotopic.fr\/wp-content\/uploads\/2018\/01\/DFW_Visuel-400x250.jpg\" alt=\"Double Frictional Wheel Soizic Lebrat sc\u00e9notopic\" width=\"400\" height=\"250\"><br>\nExtrait de la performance donn\u00e9e \u00e0 Metz le 28\/09\/2017 au Th\u00e9\u00e2tre du Saulcy :<br>\n<audio src=\"https:\/\/www.scenotopic.fr\/wp-content\/uploads\/2018\/01\/DFW-metz_170928-selection.mp3\" controls=\"controls\">votre navigateur ne peut pas g\u00e9rer ce contenu audio<\/audio><\/p><br><br>\n<h5>Spectacle exposition \u00ab\u00a0Josette Forever\u00a0\u00bb &#8211; 2014\/2015<\/h5>\n<p>Ce spectacle-exposition de la Cie Garin Trousseboeuf cl\u00f4t le travail de Patrick Conan autour de la marionnette-sac et du personnage de Josette ent\u00e2m\u00e9 depuis d\u00e9j\u00e0 plusieurs ann\u00e9es. La bande son&nbsp;&nbsp;accompagne Josette aux portes du purgatoire o\u00f9 elle se rem\u00e9more des \u00e9v\u00e8nements pass\u00e9s et des cauchemars bien pr\u00e9sents.<\/p>\n<p><strong>Commanditaire : <\/strong>Cie Garin Trousseboeuf<br>\n<strong>Mission :<\/strong> Cr\u00e9ation de la bande son. Travail sur les archives de la compagnie, prise de son d&rsquo;ambiances, montage, mixage.<\/p>\n<p><img loading=\"lazy\" decoding=\"async\" src=\"https:\/\/www.scenotopic.fr\/wp-content\/uploads\/2016\/05\/josette-forever-cie-garin-trousseboeuf-01.jpg\" alt=\"Josette forever spectacle\" width=\"400\" height=\"300\"><br>\n<audio src=\"https:\/\/www.scenotopic.fr\/wp-content\/uploads\/2016\/04\/josette-extrait.mp3\" controls=\"controls\">votre navigateur ne peut pas g\u00e9rer ce contenu audio<\/audio><\/p><br><br>\n<h5>Spectacle \u00ab\u00a0Les f\u00e9\u00e9ries br\u00e9vinoises\u00a0\u00bb &#8211; 2007<\/h5>\n<p>Spectacle de plein air cr\u00e9\u00e9 sur les dunes de St-Br\u00e9vin en Loire-Atlantique.<br>\nDes personnages fantastiques prennent possession des dunes de St-Br\u00e9vin et retracent les grands et petits \u00e9v\u00e8nements qu&rsquo;a connu cette commune littorale.<\/p>\n<p><strong>Commanditaire : <\/strong>Cie l&rsquo;\u00e9ternel \u00e9ph\u00e9m\u00e8re &#8211; office de tourisme de St-Br\u00e9vin<br>\n<strong>Mission : <\/strong>Cr\u00e9ation sonore, installation et r\u00e9gie son du spectacle.<\/p>\n<p><img loading=\"lazy\" decoding=\"async\" src=\"https:\/\/www.scenotopic.fr\/wp-content\/uploads\/2018\/01\/feeriesBrevinoise-scenotopic_01.png\" alt=\"f\u00e9\u00e9ries br\u00e9vinoises spectacle\" width=\"739\" height=\"345\"><br>\nExtrait de la sc\u00e8ne \u00ab\u00a0la fouille\u00a0\u00bb :<br>\n<audio src=\"https:\/\/www.scenotopic.fr\/wp-content\/uploads\/2016\/04\/fouille-feerie.mp3\" controls=\"controls\">votre navigateur ne peut pas g\u00e9rer ce contenu audio<\/audio><\/p><br><br>\n<h2>Audiovisuel &#8211; sc\u00e9nario sonore<\/h2>\n<h5>Film d&rsquo;animation \u00ab\u00a0J&rsquo;ai horreur des restes\u00a0\u00bb<\/h5>\n<p><span style=\"color: #468960;\">Co-\u00e9criture du sc\u00e9nario \/ Conception &#8211; R\u00e9alisation bande son<\/span><\/p>\n<p><img loading=\"lazy\" decoding=\"async\" src=\"https:\/\/www.scenotopic.fr\/wp-content\/uploads\/2016\/05\/j-ai-horreur-des-restes-400x319.jpg\" alt=\"film animation j'ai horreur\" width=\"400\" height=\"319\"><br>\n<strong>Film d&rsquo; Alain Le Foll, Sandrine Berger et Sylvain Massot, 2002.<\/strong><a title=\"J'ai horreur des restes\" href=\"https:\/\/vimeo.com\/168219108\" target=\"_blank\" rel=\"noopener\"> [ version compl\u00e8te sur vimeo ] <\/a><\/p>\n<p>Sc\u00e8ne d&rsquo;introduction :<br>\n<audio src=\"https:\/\/www.scenotopic.fr\/wp-content\/uploads\/2016\/04\/SaintEsprit-extrait.mp3\" controls=\"controls\">votre navigateur ne peut pas g\u00e9rer ce contenu audio<\/audio><\/p>\n<h5>Film d&rsquo;animation \u00ab\u00a0Macwalker\u00a0\u00bb<\/h5>\n<p><span style=\"color: #468960;\">Co-\u00e9criture du sc\u00e9nario \/ Conception &#8211; R\u00e9alisation bande son<\/span><\/p>\n<p><img loading=\"lazy\" decoding=\"async\" src=\"https:\/\/www.scenotopic.fr\/wp-content\/uploads\/2016\/05\/macwalker-02.jpg\" alt=\"film animation macwalker\" width=\"400\" height=\"300\"><br>\n<strong>Film d&rsquo; Alain Le Foll et Sandrine Berger, 2002.<\/strong><a title=\"Macwalker\" href=\"https:\/\/vimeo.com\/168217477\" target=\"_blank\" rel=\"noopener\"> [ version compl\u00e8te sur vimeo ] <\/a><\/p>\n<p>S\u00e9quence musicale :<br>\n<audio src=\"https:\/\/www.scenotopic.fr\/wp-content\/uploads\/2016\/04\/macwalker-extrait.mp3\" controls=\"controls\">votre navigateur ne peut pas g\u00e9rer ce contenu audio<\/audio><\/p>\n<\/div>\n","protected":false},"excerpt":{"rendered":"<p>Mus\u00e9ographie &#8211; installations artistiques Exposition \u00ab\u00a0Namsborg, des vikings \u00e0 Nantes\u00a0\u00bb, Le Chronographe, Nantes &#8211; 2018 Le Chronographe, Centre d&rsquo;Interpr\u00e9tation et d&rsquo;Animation du Patrimoine, propose d&rsquo;explorer les traces de la pr\u00e9sence viking dans l&rsquo;estuaire de la Loire aux 9\u00e8me et 10\u00e8me si\u00e8cles. le Chronographe a souhait\u00e9 compl\u00e9ter le parcours sc\u00e9nographique de dispositifs audiovisuels: une animation d\u2019une &hellip; <a href=\"https:\/\/www.scenotopic.fr\/index.php\/espaces-sonores\/\" class=\"more-link\">Lire la suite <span class=\"screen-reader-text\">Espaces sonores<\/span><\/a><\/p>\n","protected":false},"author":2,"featured_media":0,"parent":0,"menu_order":0,"comment_status":"closed","ping_status":"closed","template":"page-templates\/full-width-page.php","meta":{"footnotes":""},"class_list":["post-933","page","type-page","status-publish","hentry","without-featured-image"],"_links":{"self":[{"href":"https:\/\/www.scenotopic.fr\/index.php\/wp-json\/wp\/v2\/pages\/933","targetHints":{"allow":["GET"]}}],"collection":[{"href":"https:\/\/www.scenotopic.fr\/index.php\/wp-json\/wp\/v2\/pages"}],"about":[{"href":"https:\/\/www.scenotopic.fr\/index.php\/wp-json\/wp\/v2\/types\/page"}],"author":[{"embeddable":true,"href":"https:\/\/www.scenotopic.fr\/index.php\/wp-json\/wp\/v2\/users\/2"}],"replies":[{"embeddable":true,"href":"https:\/\/www.scenotopic.fr\/index.php\/wp-json\/wp\/v2\/comments?post=933"}],"version-history":[{"count":71,"href":"https:\/\/www.scenotopic.fr\/index.php\/wp-json\/wp\/v2\/pages\/933\/revisions"}],"predecessor-version":[{"id":1339,"href":"https:\/\/www.scenotopic.fr\/index.php\/wp-json\/wp\/v2\/pages\/933\/revisions\/1339"}],"wp:attachment":[{"href":"https:\/\/www.scenotopic.fr\/index.php\/wp-json\/wp\/v2\/media?parent=933"}],"curies":[{"name":"wp","href":"https:\/\/api.w.org\/{rel}","templated":true}]}}