{"id":88,"date":"2016-02-20T10:41:56","date_gmt":"2016-02-20T09:41:56","guid":{"rendered":"http:\/\/www.scenotopic.fr\/?page_id=88"},"modified":"2021-11-03T15:35:09","modified_gmt":"2021-11-03T14:35:09","slug":"trouillometre","status":"publish","type":"page","link":"https:\/\/www.scenotopic.fr\/index.php\/expositions-itinerantes\/trouillometre\/","title":{"rendered":"trouillom\u00e8tre z\u00e9ro"},"content":{"rendered":"<p style=\"text-align: justify;\">Le dispositif Trouillom\u00e8tre Z\u00e9ro a \u00e9t\u00e9 con\u00e7u comme un terrain d&rsquo;exploration nomade qui d\u00e9mystifie les peurs pour offrir un <strong>voyage po\u00e9tique et inspir\u00e9 autour des imaginaires de la nuit, des monstres, des chim\u00e8res, de l\u2019\u00e9trange<\/strong>.<div id=\"pressrelease-link-88\" class=\"sh-link pressrelease-link sh-hide\"><a href=\"#\" onclick=\"showhide_toggle('pressrelease', 88, 'Lire la suite', 'Cacher le texte'); return false;\" aria-expanded=\"false\"><span id=\"pressrelease-toggle-88\">Lire la suite<\/span><\/a><\/div><div id=\"pressrelease-content-88\" class=\"sh-content pressrelease-content sh-hide\" style=\"display: none;\"><\/p>\n<p style=\"text-align: justify;\">Suivre les pistes sonores de <i>la bo\u00eete \u00e0 cauchemars<\/i>, <strong>se laisser conter de la po\u00e9sie<\/strong> en s&rsquo;installant confortablement dans un oreiller qui parle&#8230; rencontrer le valet des ombres.. jouer au <i>Kesako-Kimera ?<\/i> \u2026 regarder les nuages dans les yeux avec <i>Ocus-Nimbus&#8230;.<\/i><strong>explorer le langage<\/strong> avec un jeu de chim\u00e8res graphiques&#8230; bouquiner en compagnie de <i>Croqu&rsquo;m\u00f4me le libriovore <\/i>\u2026 autant d&rsquo;exp\u00e9riences insolites \u00e0 vivre dans l&rsquo;\u00e9change, pour<strong> partager des d\u00e9couvertes litt\u00e9raires en famille<\/strong> dans un univers d\u00e9cal\u00e9, ludique, interactif et non d\u00e9nu\u00e9 d&rsquo;humour.<\/p>\n<p><strong>Public familial \u00e0 partir de 4\/5 ans<\/strong>.<\/p>\n<p>Trouillom\u00e8tre Z\u00e9ro part \u00e0 la rencontre du public \u00e0 partir de 2016.<\/p>\n<h4><strong>DOCUMENT DE PR\u00c9SENTATION\/FICHE TECHNIQUE\/CONDITIONS TARIFAIRES :<\/strong><\/h4>\n<ul>\n<li>t\u00e9l\u00e9charger le document pdf <a href=\"https:\/\/www.scenotopic.fr\/wp-content\/uploads\/2016\/03\/TROUILLOmetrePresentationXpages.pdf\" target=\"_blank\" rel=\"noopener\">TROUILLOM\u00c8TRE Z\u00c9RO<\/a><\/li>\n<\/ul>\n<p><code><\/div><\/code><\/p>\n\n\n<p><\/p>\n","protected":false},"excerpt":{"rendered":"<p>Le dispositif Trouillom\u00e8tre Z\u00e9ro a \u00e9t\u00e9 con\u00e7u comme un terrain d&rsquo;exploration nomade qui d\u00e9mystifie les peurs pour offrir un voyage po\u00e9tique et inspir\u00e9 autour des imaginaires de la nuit, des monstres, des chim\u00e8res, de l\u2019\u00e9trange.<\/p>\n","protected":false},"author":2,"featured_media":0,"parent":168,"menu_order":0,"comment_status":"closed","ping_status":"closed","template":"page-templates\/grid-page.php","meta":{"footnotes":""},"class_list":["post-88","page","type-page","status-publish","hentry","without-featured-image"],"_links":{"self":[{"href":"https:\/\/www.scenotopic.fr\/index.php\/wp-json\/wp\/v2\/pages\/88","targetHints":{"allow":["GET"]}}],"collection":[{"href":"https:\/\/www.scenotopic.fr\/index.php\/wp-json\/wp\/v2\/pages"}],"about":[{"href":"https:\/\/www.scenotopic.fr\/index.php\/wp-json\/wp\/v2\/types\/page"}],"author":[{"embeddable":true,"href":"https:\/\/www.scenotopic.fr\/index.php\/wp-json\/wp\/v2\/users\/2"}],"replies":[{"embeddable":true,"href":"https:\/\/www.scenotopic.fr\/index.php\/wp-json\/wp\/v2\/comments?post=88"}],"version-history":[{"count":22,"href":"https:\/\/www.scenotopic.fr\/index.php\/wp-json\/wp\/v2\/pages\/88\/revisions"}],"predecessor-version":[{"id":2392,"href":"https:\/\/www.scenotopic.fr\/index.php\/wp-json\/wp\/v2\/pages\/88\/revisions\/2392"}],"up":[{"embeddable":true,"href":"https:\/\/www.scenotopic.fr\/index.php\/wp-json\/wp\/v2\/pages\/168"}],"wp:attachment":[{"href":"https:\/\/www.scenotopic.fr\/index.php\/wp-json\/wp\/v2\/media?parent=88"}],"curies":[{"name":"wp","href":"https:\/\/api.w.org\/{rel}","templated":true}]}}