{"id":70,"date":"2016-02-19T15:05:42","date_gmt":"2016-02-19T14:05:42","guid":{"rendered":"http:\/\/www.scenotopic.fr\/?page_id=70"},"modified":"2016-03-16T10:40:46","modified_gmt":"2016-03-16T09:40:46","slug":"trouillometre-un-visiteur","status":"publish","type":"page","link":"https:\/\/www.scenotopic.fr\/index.php\/expositions-itinerantes\/trouillometre\/trouillometre-un-visiteur\/","title":{"rendered":"1- un visiteur"},"content":{"rendered":"<p style=\"text-align: justify;\">\n\t<em>Un visiteur<\/em>, po&egrave;me de Claude Roy qui aborde le surnaturel et l&#39;inconscient, est donn&eacute; &agrave; lire sous forme de pages d&#39;un journal intime &agrave; feuilleter.\n<\/p>\n<p style=\"text-align: justify;\">\n\tA proximit&eacute;, une lampe de chevet vient &eacute;clairer symboliquement le propos. Elle semble poss&eacute;der sa propre vie,&nbsp; s&#39;allume et s&#39;&eacute;teint de fa&ccedil;on autonome et myst&eacute;rieuse, &eacute;chappant au contr&ocirc;le du visiteur.\n<\/p>\n<div style=\"width:850px\">\n\t<img decoding=\"async\" alt=\"un visiteur livre\" src=\"https:\/\/www.scenotopic.fr\/wp-content\/uploads\/2016\/02\/trouillometre-un-visiteur-livre.jpg\" style=\"margin: 30px;\" \/><img decoding=\"async\" alt=\"un visiteur texte\" src=\"https:\/\/www.scenotopic.fr\/wp-content\/uploads\/2016\/03\/trouillometre-un-visiteur-texte.png\" style=\"margin-top: 0px; margin-bottom: 0px;\" \/><img decoding=\"async\" alt=\"un visiteur oculus\" src=\"https:\/\/www.scenotopic.fr\/wp-content\/uploads\/2016\/02\/trouillometre-un-visiteur-oculus.jpg\" style=\"margin: 30px;\" \/>\n<\/div>\n<div class=\"menu-bas-trouillometre_1\" style=\"width:790px; margin-top:100px;\">\n\t<a href=\"https:\/\/www.scenotopic.fr\/index.php\/expositions-itinerantes\/trouillometre\/9-croqmomes-le-libriovore\/\" rel=\"attachment wp-att-327\" style=\"\" target=\"\" title=\"9-croq'm\u00f4me\"><img decoding=\"async\" alt=\"9-croq'm\u00f4me\" src=\"https:\/\/www.scenotopic.fr\/wp-content\/uploads\/2016\/02\/trouillometre-menu-QUA-9.jpg\" style=\"border-width: 0px; border-style: solid; margin-left: 0px; margin-right: 0px; width: 76px; height: 100px;\" title=\"9-croq'm\u00f4me\" \/><\/a> <a href=\"https:\/\/www.scenotopic.fr\/index.php\/expositions-itinerantes\/trouillometre\/8-ocus-nimbus\/\" rel=\"attachment wp-att-327\" style=\"\" target=\"\" title=\"8-ocus-nimbus\"><img decoding=\"async\" alt=\"8-ocus-nimbus\" src=\"https:\/\/www.scenotopic.fr\/wp-content\/uploads\/2016\/02\/trouillometre-menu-TER-8.jpg\" style=\"border-width: 0px; border-style: solid; margin-left: 0px; margin-right: 0px; width: 76px; height: 100px;\" title=\"8-ocus-nimbus\" \/><\/a> <a href=\"https:\/\/www.scenotopic.fr\/index.php\/expositions-itinerantes\/trouillometre\/7-kesako-kimera\/\" rel=\"attachment wp-att-327\" style=\"\" target=\"\" title=\"7-kesako kimera\"><img decoding=\"async\" alt=\"7-kesako kimera\" src=\"https:\/\/www.scenotopic.fr\/wp-content\/uploads\/2016\/02\/trouillometre-menu-TER-7.jpg\" style=\"border-width: 0px; border-style: solid; margin-left: 0px; margin-right: 0px; width: 76px; height: 100px;\" title=\"7-kesako kimera\" \/><\/a> <a href=\"https:\/\/www.scenotopic.fr\/index.php\/expositions-itinerantes\/trouillometre\/6-tetaqueues-jeu-de-cartes-geant\/\" rel=\"attachment wp-att-327\" style=\"\" target=\"\" title=\"6-t\u00eataqueues\"><img decoding=\"async\" alt=\"6-t\u00eataqueues\" src=\"https:\/\/www.scenotopic.fr\/wp-content\/uploads\/2016\/02\/trouillometre-menu-TER-6.jpg\" style=\"border-width: 0px; border-style: solid; margin-left: 0px; margin-right: 0px; width: 76px; height: 100px;\" title=\"6-t\u00eataqueues\" \/><\/a> <a href=\"https:\/\/www.scenotopic.fr\/index.php\/expositions-itinerantes\/trouillometre\/5-le-valet-des-ombres\/\" rel=\"attachment wp-att-327\" style=\"\" target=\"\" title=\"5-le valet des ombres\"><img decoding=\"async\" alt=\"5-le valet des ombres\" src=\"https:\/\/www.scenotopic.fr\/wp-content\/uploads\/2016\/02\/trouillometre-menu-TER-5.jpg\" style=\"border-width: 0px; border-style: solid; margin-left: 0px; margin-right: 0px; width: 74px; height: 98px;\" title=\"5-le valet des ombres\" \/><\/a> <a href=\"https:\/\/www.scenotopic.fr\/index.php\/expositions-itinerantes\/trouillometre\/4-la-boite-a-cauchemars\/\" rel=\"attachment wp-att-327\" style=\"\" target=\"\" title=\"4-la bo\u00eete \u00e0 cauchemars\"><img decoding=\"async\" alt=\"4-la bo\u00eete \u00e0 cauchemars\" src=\"https:\/\/www.scenotopic.fr\/wp-content\/uploads\/2016\/02\/trouillometre-menu-TER-4.jpg\" style=\"border-width: 0px; border-style: solid; margin-left: 0px; margin-right: 0px; width: 76px; height: 100px;\" title=\"4-la bo\u00eete \u00e0 cauchemars\" \/><\/a> <a href=\"https:\/\/www.scenotopic.fr\/index.php\/expositions-itinerantes\/trouillometre\/trouillometre-grattapaluches\/\" rel=\"attachment wp-att-327\" style=\"\" target=\"\" title=\"3-grattapaluches\"><img decoding=\"async\" alt=\"3-grattapaluches\" src=\"https:\/\/www.scenotopic.fr\/wp-content\/uploads\/2016\/02\/trouillometre-menu-TER-3.jpg\" style=\"border-width: 0px; border-style: solid; margin-left: 0px; margin-right: 0px; width: 76px; height: 100px;\" title=\"3-grattapaluches\" \/><\/a> <a href=\"https:\/\/www.scenotopic.fr\/index.php\/expositions-itinerantes\/trouillometre\/trouillometre-corne-de-lune\/\" rel=\"attachment wp-att-327\" style=\"\" target=\"\" title=\"2-oreiller sonore\"><img decoding=\"async\" alt=\"2-oreiller sonore\" src=\"https:\/\/www.scenotopic.fr\/wp-content\/uploads\/2016\/02\/trouillometre-menu-QUA-2.jpg\" style=\"border-width: 0px; border-style: solid; margin-left: 0px; margin-right: 0px; width: 75px; height: 100px;\" title=\"2-oreiller sonore\" \/><\/a> <a href=\"https:\/\/www.scenotopic.fr\/index.php\/expositions-itinerantes\/trouillometre\/trouillometre-un-visiteur\/\" rel=\"attachment wp-att-327\" style=\"\" target=\"\" title=\"1-un visiteur\"><img decoding=\"async\" alt=\"1-un visiteur\" src=\"https:\/\/www.scenotopic.fr\/wp-content\/uploads\/2016\/02\/trouillometre-menu-TER-1.jpg\" style=\"border-width: 0px; border-style: solid; margin-left: 0px; margin-right: 0px; width: 76px; height: 100px;\" title=\"1-un visiteur\" \/><\/a> <a href=\"https:\/\/www.scenotopic.fr\/index.php\/expositions-itinerantes\/trouillometre\/trouillometre-plateforme-des-imaginaires-nocturnes\/\" rel=\"attachment wp-att-327\" style=\"\" target=\"\" title=\"0-plateforme des imaginaires nocturnes\"><img decoding=\"async\" alt=\"0-plateforme des imaginaires nocturnes\" src=\"https:\/\/www.scenotopic.fr\/wp-content\/uploads\/2016\/02\/trouillometre-menu-TER-0.jpg\" style=\"border-width: 0px; border-style: solid; margin-left: 0px; margin-right: 0px; width: 76px; height: 100px;\" title=\"0-plateforme des imaginaires nocturnes\" \/><\/a><\/p>\n<div class=\"menu-bas-trouillometre_2\" style=\"width:100px;margin:auto;margin-top:50px;\"><a href=\"https:\/\/www.scenotopic.fr\/index.php\/expositions-itinerantes\/trouillometre\/\" rel=\"attachment wp-att-327\" style=\"\" target=\"\" title=\"Trouillom\u00e8tre Z\u00e9ro - pr\u00e9sentation\"><img decoding=\"async\" alt=\"pr\u00e9sentation du dispositif Trouillom\u00e8tre Z\u00e9ro\" src=\"https:\/\/www.scenotopic.fr\/wp-content\/uploads\/2016\/03\/trouillometre-icone2.png\" style=\"width: 53px; height: 80px;\" \/><\/a>\n\t<\/div>\n<\/div>\n","protected":false},"excerpt":{"rendered":"<p>Un visiteur, po&egrave;me de Claude Roy qui aborde le surnaturel et l&#39;inconscient, est donn&eacute; &agrave; lire sous forme de pages d&#39;un journal intime &agrave; feuilleter. A proximit&eacute;, une lampe de chevet vient &eacute;clairer symboliquement le propos. Elle semble poss&eacute;der sa propre vie,&nbsp; s&#39;allume et s&#39;&eacute;teint de fa&ccedil;on autonome et myst&eacute;rieuse, &eacute;chappant au contr&ocirc;le du visiteur.<\/p>\n","protected":false},"author":2,"featured_media":103,"parent":88,"menu_order":1,"comment_status":"closed","ping_status":"closed","template":"page-templates\/full-width-page.php","meta":{"footnotes":""},"class_list":["post-70","page","type-page","status-publish","has-post-thumbnail","hentry","with-featured-image"],"_links":{"self":[{"href":"https:\/\/www.scenotopic.fr\/index.php\/wp-json\/wp\/v2\/pages\/70","targetHints":{"allow":["GET"]}}],"collection":[{"href":"https:\/\/www.scenotopic.fr\/index.php\/wp-json\/wp\/v2\/pages"}],"about":[{"href":"https:\/\/www.scenotopic.fr\/index.php\/wp-json\/wp\/v2\/types\/page"}],"author":[{"embeddable":true,"href":"https:\/\/www.scenotopic.fr\/index.php\/wp-json\/wp\/v2\/users\/2"}],"replies":[{"embeddable":true,"href":"https:\/\/www.scenotopic.fr\/index.php\/wp-json\/wp\/v2\/comments?post=70"}],"version-history":[{"count":78,"href":"https:\/\/www.scenotopic.fr\/index.php\/wp-json\/wp\/v2\/pages\/70\/revisions"}],"predecessor-version":[{"id":805,"href":"https:\/\/www.scenotopic.fr\/index.php\/wp-json\/wp\/v2\/pages\/70\/revisions\/805"}],"up":[{"embeddable":true,"href":"https:\/\/www.scenotopic.fr\/index.php\/wp-json\/wp\/v2\/pages\/88"}],"wp:featuredmedia":[{"embeddable":true,"href":"https:\/\/www.scenotopic.fr\/index.php\/wp-json\/wp\/v2\/media\/103"}],"wp:attachment":[{"href":"https:\/\/www.scenotopic.fr\/index.php\/wp-json\/wp\/v2\/media?parent=70"}],"curies":[{"name":"wp","href":"https:\/\/api.w.org\/{rel}","templated":true}]}}