{"id":539,"date":"2016-03-04T17:08:30","date_gmt":"2016-03-04T16:08:30","guid":{"rendered":"http:\/\/www.scenotopic.fr\/?page_id=539"},"modified":"2022-04-28T14:08:48","modified_gmt":"2022-04-28T13:08:48","slug":"location-des-expositions-mode-demploi","status":"publish","type":"page","link":"https:\/\/www.scenotopic.fr\/index.php\/location-des-expositions-mode-demploi\/","title":{"rendered":"Location des expositions, mode d&#8217;emploi"},"content":{"rendered":"\n<h2>DOCUMENTS DE PR\u00c9SENTATION\/FICHES TECHNIQUES\/conditions financi\u00e8res :<\/h2>\n<ul style=\"list-style-type: none;\">\n<li>t\u00e9l\u00e9charger le document pdf <a href=\"https:\/\/www.scenotopic.fr\/wp-content\/uploads\/2022\/04\/DOSSIER-alphabula_MARS-2022.pdf\" target=\"_blank\" rel=\"noopener\">ALPHAbula\u00a9<\/a><\/li>\n<li>t\u00e9l\u00e9charger le document pdf <a href=\"https:\/\/www.scenotopic.fr\/wp-content\/uploads\/2016\/03\/TROUILLOmetrePresentationXpages.pdf\" target=\"_blank\" rel=\"noopener\">TROUILLOM\u00c8TRE Z\u00c9RO<\/a><\/li>\n<li>t\u00e9l\u00e9charger le document pdf <a href=\"https:\/\/www.scenotopic.fr\/wp-content\/uploads\/2016\/03\/GOURmandisesPresentationXpages.pdf\" target=\"_blank\" rel=\"noopener\">GOURMANDISES<\/a><\/li>\n<\/ul>\n<h2>DEVIS ET R\u00c9SERVATIONS :<\/h2>\n<p style=\"text-align: justify;\">Contactez-nous pour conna\u00eetre les disponibilit\u00e9s des modules en fonction des dates de votre \u00e9v\u00e8nement et poser une option sur les modules qui vous int\u00e9ressent.<br>Les demandes de devis sont \u00e0 transmettre par le <a href=\"https:\/\/www.scenotopic.fr\/index.php\/contact\/\"> formulaire de contact<\/a> ou \u00e0 l&rsquo;adresse suivante&nbsp;: contact@scenotopic.fr .<br>Pour tout renseignement, n&rsquo;h\u00e9sitez pas \u00e0 contacter Sandrine Berger au 06 61 71 88 53.<\/p>\n<h2>SUPPORTS P\u00c9DAGOGIQUES :<\/h2>\n<p style=\"text-align: justify;\">Th\u00e9matiques et librement inspir\u00e9es de la litt\u00e9rature jeunesse, nos expositions donnent \u00e0 d\u00e9couvrir un ensemble de textes form\u00e9 essentiellement de po\u00e8sies d\u2019auteurs contemporains&nbsp;; V\u00e9nus Khoury-Ghata, Jacques Roubaud, Michel Piquemal, Jacqueline Held, Raymond Queneau, Fran\u00e7ois David, Claude Roy.<br>Un corpus des r\u00e9f\u00e9rences de ces textes est fourni lors de la location. Transmissible par la structure d\u2019accueil aux enseignants qui viennent en visite avec leurs classes, il offre un \u00e9l\u00e9ment de support p\u00e9dagogique. Une bibliographie th\u00e9matique peut \u00eatre fournie \u00e9galement aux structures culturelles qui le souhaitent.<\/p>\n<h2>SUPPORTS DE COMMUNICATION :<\/h2>\n<p style=\"text-align: justify;\">Des documents iconographiques (fichiers) sont fournis pour accompagner votre communication (visuels pour vos affiches et flyers, illustrations pour vos programmes&#8230;). Des fichiers texte de pr\u00e9sentation sont \u00e9galement fournis.<\/p>\n<h2>MODULARIT\u00c9 :<\/h2>\n<p style=\"text-align: justify;\">Les dispositifs Trouillom\u00e8tre Z\u00e9ro et Gourmandises sont modulaires et peuvent s&rsquo;adapter \u00e0 l&rsquo;espace, \u00e0 l&rsquo;\u00e9quipement et au budget de la structure d&rsquo;accueil. Chaque module fonctionne de fa\u00e7on ind\u00e9pendante et peut \u00eatre pr\u00e9sent\u00e9 seul. Pr\u00e9sent\u00e9s ensemble, les modules forment un univers immersif. Dispatch\u00e9s, les modules permettent de composer un parcours au sein des diff\u00e9rents espaces d&rsquo;une structure voire m\u00eame au sein de diff\u00e9rents lieux f\u00e9d\u00e9r\u00e9s autour d&rsquo;un m\u00eame \u00e9v\u00e8nement.<\/p>\n<h2>ASSURANCE :<\/h2>\n<p style=\"text-align: justify;\">A charge de l\u2019organisateur. Chaque module a sa valeur d\u2019assurance. Voir le descriptif dans le document de pr\u00e9sentation de chaque dispositif.<br>Bien que con\u00e7us pour \u00eatre appr\u00e9hend\u00e9s et manipul\u00e9s librement, une surveillance ou m\u00e9diation est demand\u00e9e ainsi qu\u2019une bienveillance du public lors de leur utilisation.<\/p>\n<h2>TRANSPORT&nbsp;&#8211; MONTAGE \/ D\u00c9MONTAGE :<\/h2>\n<p style=\"text-align: justify;\">Pour l\u2019accueil de certains dispositifs, nous encourageons les structures d&rsquo;accueil \u00e0 s&rsquo;associer pour mutualiser les co\u00fbts de transport (communaut\u00e9 de communes, proximit\u00e9 g\u00e9ographique,&#8230;).<\/p>\n<h3>Dispositif ALPHAbula\u00a9<\/h3>\n<ul>\n<li><strong>Conditions Techniques<\/strong><br>\nLe dispositif ALPHAbula voyage seul et ne n\u00e9cessite pas de pr\u00e9-requis technique. L&rsquo;organisation et le co\u00fbt du transport sont \u00e0 la charge de la structure d&rsquo;accueil.<\/li>\n<li><strong>Transport<\/strong><br>\n3 colis : 2 flight cases H41cm x P57cm x L77cm + 1 carton de 25 x 25 x 230cm<\/li>\n<li><strong>Lieu de retrait<\/strong><br>\nNantes<\/li>\n<li><strong>Installation \/ composition<\/strong>\n<ul>\n<li>Surface n\u00e9cessaire au sol : 12 \u00e0 15 m<sup>2<\/sup>.<\/li>\n<li>deux flight cases \u00e0 roulettes servent de malles de transport et de supports-\u00adpr\u00e9sentoirs pour ranger les lettres dans les bo\u00eetiers d\u00e9codeurs. Dimensions : H41cm x P57cm x L77cm.<\/li>\n<li>un tapis de jeu g\u00e9ant imprim\u00e9 avec le d\u00e9codeur + l&rsquo;exemple d&rsquo;un mot \u00e9crit en ALPHAbula\u00a9 et traduit. Dimensions d\u00e9roul\u00e9 : 200cm x 270cm.<\/li>\n<li>un tableau pupitre pliant avec pr\u00e9sentation, consignes et pistes du jeu. Dimensions : hauteur\u00a0: 120cm \/  surface de pr\u00e9sentation\u00a0: 50 x 70cm.<\/li>\n<li>une notice de conditionnement avant r\u00e9\u00adexp\u00e9dition des colis de transport.<\/li>\n<\/ul>\n<\/ul>\n<p>Conditions tarifaires : page 9 du pdf \u00e0 t\u00e9l\u00e9charger.<br>\nMontant \u00e0 assurer : 4500\u20ac \u00e0 la charge de la structure d&rsquo;accueil<\/p>\n<h3>Exposition Trouillom\u00e8tre Z\u00e9ro<\/h3>\n<p style=\"text-align: justify;\"><strong>Les modules 6, 7, 8 peuvent voyager seuls<\/strong>, par transporteur, avec les services techniques de votre ville, ou toute solution \u00e0 votre disposition (quand il sont lou\u00e9s sans la plateforme). Ils sont accompagn\u00e9es de fiches conseils et ne n\u00e9cessitent pas de connaissances techniques particuli\u00e8res pour \u00eatre install\u00e9s dans vos espaces. L&rsquo;organisation du transport de ces modules est \u00e0 la charge de la structure d&rsquo;accueil quand ils sont lou\u00e9s sans la plateforme.<br>Lieu de retrait des modules : Nantes<br>Poids et volume des malles de transport&nbsp;: module 6, &nbsp;5L-5kg \/ module 7, 90L-10kg \/ module 8, 20L &#8211; 12kg<\/p>\n<p style=\"text-align: justify;\"><strong>Les modules 0 \u00e0 5 et le module 9<\/strong> : nous assurons les transport, montage et d\u00e9montage des modules 0 \u00e0 5&nbsp;: Plateforme des imaginaires nocturnes et des modules compl\u00e9mentaires 6, 7, 8 lorsqu\u2019ils sont lou\u00e9s en m\u00eame temps que la plateforme.<\/p>\n<h3>Exposition Gourmandises<\/h3>\n<p style=\"text-align: justify;\">Le <strong>module D<\/strong> des bonbons g\u00e9ants, peut \u00eatre mont\u00e9 par vos soins et peut voyager seul par transporteur, avec les services techniques de votre ville, ou toute solution \u00e0 votre disposition. Il est accompagn\u00e9 d\u2019une fiche conseil pour le montage.<br>L&rsquo;organisation du transport est \u00e0 la charge de la structure d&rsquo;accueil.<br>Lieu de retrait de la malle de transport : Nantes.<br>Poids et volume de la malle : 95 L \/20kg.<br><strong>Nous assurons les transport, montage et d\u00e9montage des <strong>modules A, B, C<\/strong> du dispositif Gourmandises.<\/strong><\/p>\n","protected":false},"excerpt":{"rendered":"<p>DOCUMENTS DE PR\u00c9SENTATION\/FICHES TECHNIQUES\/conditions financi\u00e8res : t\u00e9l\u00e9charger le document pdf ALPHAbula\u00a9 t\u00e9l\u00e9charger le document pdf TROUILLOM\u00c8TRE Z\u00c9RO t\u00e9l\u00e9charger le document pdf GOURMANDISES DEVIS ET R\u00c9SERVATIONS : Contactez-nous pour conna\u00eetre les disponibilit\u00e9s des modules en fonction des dates de votre \u00e9v\u00e8nement et poser une option sur les modules qui vous int\u00e9ressent.Les demandes de devis sont \u00e0 &hellip; <a href=\"https:\/\/www.scenotopic.fr\/index.php\/location-des-expositions-mode-demploi\/\" class=\"more-link\">Lire la suite <span class=\"screen-reader-text\">Location des expositions, mode d&#8217;emploi<\/span><\/a><\/p>\n","protected":false},"author":2,"featured_media":0,"parent":0,"menu_order":0,"comment_status":"closed","ping_status":"closed","template":"page-templates\/full-width-page.php","meta":{"footnotes":""},"class_list":["post-539","page","type-page","status-publish","hentry","without-featured-image"],"_links":{"self":[{"href":"https:\/\/www.scenotopic.fr\/index.php\/wp-json\/wp\/v2\/pages\/539","targetHints":{"allow":["GET"]}}],"collection":[{"href":"https:\/\/www.scenotopic.fr\/index.php\/wp-json\/wp\/v2\/pages"}],"about":[{"href":"https:\/\/www.scenotopic.fr\/index.php\/wp-json\/wp\/v2\/types\/page"}],"author":[{"embeddable":true,"href":"https:\/\/www.scenotopic.fr\/index.php\/wp-json\/wp\/v2\/users\/2"}],"replies":[{"embeddable":true,"href":"https:\/\/www.scenotopic.fr\/index.php\/wp-json\/wp\/v2\/comments?post=539"}],"version-history":[{"count":34,"href":"https:\/\/www.scenotopic.fr\/index.php\/wp-json\/wp\/v2\/pages\/539\/revisions"}],"predecessor-version":[{"id":2450,"href":"https:\/\/www.scenotopic.fr\/index.php\/wp-json\/wp\/v2\/pages\/539\/revisions\/2450"}],"wp:attachment":[{"href":"https:\/\/www.scenotopic.fr\/index.php\/wp-json\/wp\/v2\/media?parent=539"}],"curies":[{"name":"wp","href":"https:\/\/api.w.org\/{rel}","templated":true}]}}