{"id":338,"date":"2016-02-25T12:20:27","date_gmt":"2016-02-25T11:20:27","guid":{"rendered":"http:\/\/www.scenotopic.fr\/?page_id=338"},"modified":"2022-01-03T17:01:17","modified_gmt":"2022-01-03T16:01:17","slug":"exposition-gourmandises-galerie","status":"publish","type":"page","link":"https:\/\/www.scenotopic.fr\/index.php\/expositions-itinerantes\/gourmandises\/exposition-gourmandises-galerie\/","title":{"rendered":"Galerie des lieux de diffusion &#8211; Gourmandises"},"content":{"rendered":"<div style=\"margin-left: 100px;\"><div id=\"metaslider-id-555\" style=\"max-width: 498px;\" class=\"ml-slider-3-105-0 metaslider metaslider-flex metaslider-555 ml-slider has-dots-nav ms-theme-default\" role=\"region\" aria-label=\"gourmandises\" data-height=\"370\" data-width=\"498\">\n    <div id=\"metaslider_container_555\">\n        <div id=\"metaslider_555\">\n            <ul class='slides'>\n                <li style=\"display: block; width: 100%;\" class=\"slide-2323 ms-image \" aria-roledescription=\"slide\" data-date=\"2021-01-11 11:08:10\" data-filename=\"gourmandises-mediatheque-cosne-cours-sur-loire-d-498x370.jpg\" data-slide-type=\"image\"><img loading=\"lazy\" decoding=\"async\" src=\"https:\/\/www.scenotopic.fr\/wp-content\/uploads\/2021\/01\/gourmandises-mediatheque-cosne-cours-sur-loire-d-498x370.jpg\" height=\"370\" width=\"498\" alt=\"sc\u00e9notopic  exposition itin\u00e9rante gourmandises mediatheque cosne-cours-sur-loire \" class=\"slider-555 slide-2323 msDefaultImage\" title=\"sc\u00e9notopic  exposition itin\u00e9rante gourmandises mediatheque cosne-cours-sur-loire \" \/><div class=\"caption-wrap\"><div class=\"caption\">M\u00e9diath\u00e8que Cosne-Cours-sur-Loire, 2020<\/div><\/div><\/li>\n                <li style=\"display: none; width: 100%;\" class=\"slide-580 ms-image \" aria-roledescription=\"slide\" data-date=\"2016-03-05 17:38:26\" data-filename=\"gourmandises-galerie-st-brice-ss-foret.jpg\" data-slide-type=\"image\"><img loading=\"lazy\" decoding=\"async\" src=\"https:\/\/www.scenotopic.fr\/wp-content\/uploads\/2016\/03\/gourmandises-galerie-st-brice-ss-foret.jpg\" height=\"370\" width=\"498\" alt=\"Centre Culturel de St-Brice-Sous-For\u00eat - 2013\" class=\"slider-555 slide-580 msDefaultImage\" \/><div class=\"caption-wrap\"><div class=\"caption\">Centre Culturel de St-Brice-Sous-For\u00eat - 2013\n<\/div><\/div><\/li>\n                <li style=\"display: none; width: 100%;\" class=\"slide-582 ms-image \" aria-roledescription=\"slide\" data-date=\"2016-03-05 17:38:27\" data-filename=\"gourmandises-galerie-st-maurice-lexil-498x370.jpg\" data-slide-type=\"image\"><img loading=\"lazy\" decoding=\"async\" src=\"https:\/\/www.scenotopic.fr\/wp-content\/uploads\/2016\/03\/gourmandises-galerie-st-maurice-lexil-498x370.jpg\" height=\"370\" width=\"498\" alt=\"expressions gourmandes - M\u00e9diath\u00e8que de St Maurice L&#039;Exil - 2012\" class=\"slider-555 slide-582 msDefaultImage\" \/><div class=\"caption-wrap\"><div class=\"caption\">M\u00e9diath\u00e8que de St Maurice L'Exil - 2012\n<\/div><\/div><\/li>\n                <li style=\"display: none; width: 100%;\" class=\"slide-581 ms-image \" aria-roledescription=\"slide\" data-date=\"2016-03-05 17:38:26\" data-filename=\"gourmandises-galerie-st-brice-ss-foret-2.jpg\" data-slide-type=\"image\"><img loading=\"lazy\" decoding=\"async\" src=\"https:\/\/www.scenotopic.fr\/wp-content\/uploads\/2016\/03\/gourmandises-galerie-st-brice-ss-foret-2.jpg\" height=\"370\" width=\"498\" alt=\"\" class=\"slider-555 slide-581 msDefaultImage\" \/><div class=\"caption-wrap\"><div class=\"caption\">Centre Culturel de  St-Brice-Sous-For\u00eat - 2013\n<\/div><\/div><\/li>\n                <li style=\"display: none; width: 100%;\" class=\"slide-579 ms-image \" aria-roledescription=\"slide\" data-date=\"2016-03-05 17:38:25\" data-filename=\"gourmandises-galerie-saint-julien-493x366.jpg\" data-slide-type=\"image\"><img loading=\"lazy\" decoding=\"async\" src=\"https:\/\/www.scenotopic.fr\/wp-content\/uploads\/2016\/03\/gourmandises-galerie-saint-julien-493x366.jpg\" height=\"370\" width=\"498\" alt=\"Module B expo Gourmandises sc\u00e9notopic M\u00e9diath\u00e8que Le Passe-muraille de St Julien de Concelles - 2015\" class=\"slider-555 slide-579 msDefaultImage\" \/><div class=\"caption-wrap\"><div class=\"caption\">M\u00e9diath\u00e8que Le Passe-muraille de St Julien de Concelles - 2015\n<\/div><\/div><\/li>\n                <li style=\"display: none; width: 100%;\" class=\"slide-692 ms-image \" aria-roledescription=\"slide\" data-date=\"2016-03-10 15:27:14\" data-filename=\"gourmandises-galerie-reze-2-498x370.jpg\" data-slide-type=\"image\"><img loading=\"lazy\" decoding=\"async\" src=\"https:\/\/www.scenotopic.fr\/wp-content\/uploads\/2016\/03\/gourmandises-galerie-reze-2-498x370.jpg\" height=\"370\" width=\"498\" alt=\"M\u00e9diath\u00e8que de Rez\u00e9 - 2010\" class=\"slider-555 slide-692 msDefaultImage\" \/><div class=\"caption-wrap\"><div class=\"caption\">M\u00e9diath\u00e8que de Rez\u00e9 - 2010\n<\/div><\/div><\/li>\n                <li style=\"display: none; width: 100%;\" class=\"slide-575 ms-image \" aria-roledescription=\"slide\" data-date=\"2016-03-05 17:38:21\" data-filename=\"gourmandises-galerie-pornic.jpg\" data-slide-type=\"image\"><img loading=\"lazy\" decoding=\"async\" src=\"https:\/\/www.scenotopic.fr\/wp-content\/uploads\/2016\/03\/gourmandises-galerie-pornic.jpg\" height=\"370\" width=\"498\" alt=\"gourmandises Amphith\u00e9\u00e2tre de Pornic - 2011\" class=\"slider-555 slide-575 msDefaultImage\" \/><div class=\"caption-wrap\"><div class=\"caption\">Amphith\u00e9\u00e2tre de Pornic - 2011\n<\/div><\/div><\/li>\n                <li style=\"display: none; width: 100%;\" class=\"slide-573 ms-image \" aria-roledescription=\"slide\" data-date=\"2016-03-05 17:38:19\" data-filename=\"gourmandises-galerie-perigueux.jpg\" data-slide-type=\"image\"><img loading=\"lazy\" decoding=\"async\" src=\"https:\/\/www.scenotopic.fr\/wp-content\/uploads\/2016\/03\/gourmandises-galerie-perigueux.jpg\" height=\"370\" width=\"498\" alt=\"Festival du livre gourmand. Centre Culturel de la Visitation \u00e0 P\u00e9rigueux - 2010\" class=\"slider-555 slide-573 msDefaultImage\" title=\"gourmandises-galerie-perigueux\" \/><div class=\"caption-wrap\"><div class=\"caption\">Festival du livre gourmand. Centre Culturel de la Visitation \u00e0 P\u00e9rigueux - 2010\n<\/div><\/div><\/li>\n                <li style=\"display: none; width: 100%;\" class=\"slide-567 ms-image \" aria-roledescription=\"slide\" data-date=\"2016-03-05 17:38:14\" data-filename=\"gourmandises-galerie-arnouville.jpg\" data-slide-type=\"image\"><img loading=\"lazy\" decoding=\"async\" src=\"https:\/\/www.scenotopic.fr\/wp-content\/uploads\/2016\/03\/gourmandises-galerie-arnouville.jpg\" height=\"370\" width=\"498\" alt=\"gourmandises Centre Culturel d&#039;Arnouville - 2014\" class=\"slider-555 slide-567 msDefaultImage\" \/><div class=\"caption-wrap\"><div class=\"caption\">Centre Culturel d'Arnouville - 2014<\/div><\/div><\/li>\n                <li style=\"display: none; width: 100%;\" class=\"slide-2415 ms-image \" aria-roledescription=\"slide\" data-date=\"2022-01-03 16:47:51\" data-filename=\"gourmandises-mediation-maizieres-1-430x320.jpg\" data-slide-type=\"image\"><img loading=\"lazy\" decoding=\"async\" src=\"https:\/\/www.scenotopic.fr\/wp-content\/uploads\/2022\/01\/gourmandises-mediation-maizieres-1-430x320.jpg\" height=\"370\" width=\"498\" alt=\"M\u00e9diath\u00e8que de Maizi\u00e8res - 2021\" class=\"slider-555 slide-2415 msDefaultImage\" title=\"gourmandises-mediation-maizieres\" \/><div class=\"caption-wrap\"><div class=\"caption\">M\u00e9diath\u00e8que de Maizi\u00e8res - 2021<\/div><\/div><\/li>\n            <\/ul>\n        <\/div>\n        \n    <\/div>\n<\/div><\/div>\n<div style=\"margin-left: 30px; text-align: justify;\">\n<h3>T\u00e9moignages<\/h3>\n<ul>\n<li><em><em>\u00ab <\/em><\/em>Tout se passe tr\u00e8s bien, les \u00e9coles adorent l&rsquo;exposition, elle est vraiment bien, hyper dynamique, les visites sont tr\u00e8s interactives, les enseignants appr\u00e9cient beaucoup, et notre public aussi. Nous accueillons en tout une vingtaine de classes.<em>\u00bb<br \/>\n<strong>Carine Hocquel,\u00a0 M\u00e9diath\u00e8que Georges Brassens, Maizi\u00e8res-L\u00e8s-Metz. Novembre 2021<br \/>\n<\/strong><\/em><\/li>\n<\/ul>\n<ul>\n<li><em>\u00ab Ce que j\u2019ai pens\u00e9 de l\u2019exposition gourmandise au Salon du Livre ?<br \/>\nTr\u00e8s belle. J\u2019ai ador\u00e9 voir tous ces instruments de cuisine tout droit sortis des contes que l\u2019on connait tous. App\u00e9tissante. On a presque envie de sauter pour attraper tous ces bonbons g\u00e9ants au-dessus de nos t\u00eates\u00a0! Et le public, petit et grand \u00e9tait toujours curieux de d\u00e9couvrir ce que cachait ces gamelles parlantes.<br \/>\nC\u2019est une exposition qui a ravi tous les publics\u00a0! \u00bb<br \/>\n<strong>Ambre, m\u00e9diatrice b\u00e9n\u00e9vole de la ligue de l&rsquo;enseignement lors du 18e\u00a0<a class=\"profileLink\" href=\"https:\/\/www.facebook.com\/Salon-du-Livre-Jeunesse-du-Pays-de-Lorient-162331827118175\/?fref=mentions\" target=\"_blanck&quot;\" rel=\"noopener noreferrer\" data-hovercard=\"\/ajax\/hovercard\/page.php?id=162331827118175&amp;extragetparams=%7B%22fref%22%3A%22mentions%22%7D\" data-hovercard-prefer-more-content-show=\"1\">Salon du Livre Jeunesse du Pays de Lorient<\/a> . \u00ab\u00a0A table\u00a0\u00bb. Novembre\u00a0 2019.<\/strong><\/em><\/li>\n<\/ul>\n<\/div>\n<div style=\"margin-left: 30px; text-align: justify;\">\n<ul>\n<li><em>\u00ab Un bel outil ! J&rsquo;ai re\u00e7u des enfants dans la \u00ab\u00a0cuisine\u00a0\u00bb autour du piano et de ses marmites narratives. Le dispositif convient \u00e0 tous les \u00e2ges ; il \u00e9voque des r\u00e9cits connus et d&rsquo;autres \u00e0 introduire pour donner l&rsquo;envie d&rsquo;aller voir. Puisque justement il s&rsquo;agit d&rsquo;aller voir et entendre, et donner sens, cela cr\u00e9e des dialogues curieux et mouvants toujours joyeux. Les enfants et moi nous nous en sommes empar\u00e9s de fa\u00e7on toujours renouvel\u00e9e. \u00bb<br \/>\n<strong>Une m\u00e9diatrice b\u00e9n\u00e9vole de la ligue de l&rsquo;enseignement lors du 18e\u00a0 <a class=\"profileLink\" href=\"https:\/\/www.facebook.com\/Salon-du-Livre-Jeunesse-du-Pays-de-Lorient-162331827118175\/?fref=mentions\" target=\"_blanck&quot;\" rel=\"noopener noreferrer\" data-hovercard=\"\/ajax\/hovercard\/page.php?id=162331827118175&amp;extragetparams=%7B%22fref%22%3A%22mentions%22%7D\" data-hovercard-prefer-more-content-show=\"1\">Salon du Livre Jeunesse du Pays de Lorient<\/a>. \u00ab\u00a0A table\u00a0\u00bb. Novembre\u00a0 2019.<\/strong><br \/>\n<\/em><\/li>\n<\/ul>\n<ul>\n<li><i>\u00ab\u00a0Nous avons eu le plaisir d&rsquo;accueillir en ce d\u00e9but d&rsquo;ann\u00e9e, le dispositif \u00ab\u00a0Gourmandises\u00a0\u00bb. Cela a \u00e9t\u00e9 un vrai succ\u00e8s ! D\u00e8s leur arriv\u00e9e dans nos murs, les usagers ne pouvaient passer \u00e0 c\u00f4t\u00e9 du piano de cuisine qui d\u00e9bordait joyeusement de la salle d&rsquo;exposition. Les sons qu&rsquo;ils entendaient \u00e0 demi-mots finissaient de les attirer inexorablement \u00e0 soulever les couvercles des marmites pour en entendre davantage. Une fois p\u00e9n\u00e9tr\u00e9 dans cet espace sonore et ludique, c&rsquo;est un v\u00e9ritable plongeon au c\u0153ur de r\u00e9f\u00e9rences litt\u00e9raires qui attendait les lecteurs. Le panier du petit chaperon rouge, les moules \u00e0 gaufres du capitaine Haddock, le haricot de Jacques&#8230;, autant de r\u00e9f\u00e9rences aux contes de notre enfance mat\u00e9rialis\u00e9es par de petits objets curieux et insolites. Plus loin, au sein d&rsquo;un espace intimiste \u00e0 la lumi\u00e8re tamis\u00e9e, les visiteurs d\u00e9ambulaient dans un univers empli de po\u00e9sie et de gourmandises&#8230;. <\/i><i>Cette exposition a s\u00e9duit petits et grands, usagers fid\u00e8les et nouveaux arrivants. Les habitu\u00e9s venaient chaque jour soulever un couvercle pour entendre un nouveau texte. Les enfants \u00e9taient ravis de pouvoir enfin \u00ab\u00a0toucher\u00a0\u00bb une exposition. Les gens ont appr\u00e9ci\u00e9 de retrouver sur une table de s\u00e9lection les ouvrages mentionn\u00e9s dans l&rsquo;exposition. <\/i><i>Pour le c\u00f4t\u00e9 plus logistique, l&rsquo;utilisation du piano de cuisine est vraiment facile. Depuis que la nouvelle M\u00e9diath\u00e8que est ouverte, c&rsquo;\u00e9tait la premi\u00e8re fois qu&rsquo;on accueillait une aussi grande exposition, tellement grande que nous avons dout\u00e9 au d\u00e9but que nous pourrions accueillir ce magnifique outil.\u00a0\u00bb<\/i><\/li>\n<\/ul>\n<p style=\"text-align: right;\"><i><strong> Nathalie Malary, charg\u00e9e de programmation, M\u00e9diath\u00e8que du Pays de Ch\u00e2teau-Gontier. Avril 2017.<br \/>\n<\/strong><\/i><\/p>\n<\/div>\n<h3>Lieux de diffusion<\/h3>\n<ul>\n<li>M\u00e9diath\u00e8que de <strong>Maizi\u00e8res-Les-Metz (57)<\/strong>, du 2 au 27 Novembre 2021.<\/li>\n<li>M\u00e9diath\u00e8que de <strong>Cosne-Cours-sur-Loire<\/strong> <strong>(58)<\/strong>, du 3 Mars au 9 Avril 2020.<\/li>\n<li>18e Salon du Livre de jeunesse de <strong>Lorient (56)<\/strong> \u00ab A Table ! \u00bb, La Ligue de l&rsquo;enseignement \u2013 F\u00e9d\u00e9ration d\u00e9partementale du Morbihan, Novembre 2019.<\/li>\n<li>M\u00e9diath\u00e8que Edmond-Bertreux de <strong>Saint-Jean-de-Boiseau (44) <\/strong>du 11 Octobre au 5 Novembre 2019.<\/li>\n<li>M\u00e9diath\u00e8que Elie Chamard de <strong>Cholet (49) <\/strong>du 02 au 16 Mars 2019.<\/li>\n<li>Vend\u00e9th\u00e8que \u00ab L\u2019Arantelle \u00bb de <b>La Ch\u00e2taigneraie <\/b> (<b>85<\/b>) du 16 mars au 10 juin 2017.<\/li>\n<li>M\u00e9diath\u00e8que de <b><b>Ch\u00e2teau-Gontier<\/b> (<b>53<\/b>) <\/b>du 14 Janvier au 12 Avril 2017.<\/li>\n<li>M\u00e9diath\u00e8que de <b><b>Puilboreau\u00a0<\/b> (<b>17<\/b>) <\/b>du 22 novembre au 10 D\u00e9cembre 2016.<\/li>\n<li>M\u00e9diath\u00e8que de <b><b>Loud\u00e9ac\u00a0<\/b> (<b>22<\/b>) <\/b>du 4 au 26 Octobre 2016.<\/li>\n<li>Centres socioculturels de <b>Blois (41) <\/b>pour le festival \u00ab\u00a0Graines de lecteurs\u00a0\u00bb du 22 Janvier au 5 F\u00e9vrier 2016.<\/li>\n<li>M\u00e9diath\u00e8que Le Passe-muraille de <b>St Julien de Concelles (44)<\/b> du 1er Octobre au 1er Novembre 2015.<\/li>\n<li>M\u00e9diath\u00e8que de <b>Brest (29)<\/b> du 3 D\u00e9cembre 2014 au 7 Janvier 2015.<\/li>\n<li>Centre Culturel d&rsquo;<b>Arnouville (95)<\/b> du 1er au 6 Avril 2014.<\/li>\n<li>M\u00e9diath\u00e8que de <b>Dammarie-les-Lys (77) <\/b>du 11 au 26 D\u00e9cembre 2013.<\/li>\n<li>M\u00e9diath\u00e8que de <b>Port-de-Bouc (13) <\/b> du 6 au 28 Novembre 2013.<\/li>\n<li>M\u00e9diath\u00e8que de <b> Bailleul (59) <\/b> du 20 Septembre au 14 Octobre 2013.<\/li>\n<li>Galerie du Ch\u00e2teau de l&rsquo;Etang \u00e0 <b> Saran (45) <\/b> du 16 Juillet au 03 Ao\u00fbt 2013.<\/li>\n<li>Centre Culturel de <b> St-Brice-Sous-For\u00eat (95) <\/b> du 03 au 23 Avril 2013 .<\/li>\n<li>M\u00e9diath\u00e8que de <b> Quimperl\u00e9 (29) <\/b> du 16 Octobre au 15 D\u00e9cembre 2012.<\/li>\n<li>M\u00e9diath\u00e8que de <b> Chambly (60) <\/b> du 30 Ao\u00fbt au 9 Septembre 2012.<\/li>\n<li>M\u00e9diath\u00e8que de <b> St Maurice L&rsquo;Exil (38) <\/b> du 17 Janvier au 17 Mars 2012.<\/li>\n<li>M\u00e9diath\u00e8que de <b> Beauvais (60) <\/b> du 15 Novembre au 10 D\u00e9cembre 2011.<\/li>\n<li>M\u00e9diath\u00e8que de <b> Loud\u00e9ac (22) <\/b> du 4 au 22 Octobre 2011.<\/li>\n<li>M\u00e9diath\u00e8que de <b> St Macaire en Mauges (49) <\/b> du 4 au 28 Mai 2011.<\/li>\n<li>M\u00e9diath\u00e8que de <b> Chemill\u00e9 (49) <\/b> du 2 au 30 Avril 2011.<\/li>\n<li>M\u00e9diath\u00e8que de <b> La Pommeraye (49) <\/b> du 2 au 30 Mars 2011.<\/li>\n<li>Amphith\u00e9\u00e2tre de <b> Pornic (44) <\/b> du 5 au 11 F\u00e9vrier 2011.<\/li>\n<li>M\u00e9diath\u00e8que Diderot- <b> Rez\u00e9 (44) <\/b> du 1er au 18 D\u00e9cembre 2010.<\/li>\n<li>M\u00e9diath\u00e8que de <b> Ruelle-sur-Touvre (16) <\/b> pr\u00e8s d&rsquo;Angoul\u00eame du 16 Novembre au 18 D\u00e9cembre 2010.<\/li>\n<li>Mairie de <b> Saint-Yrieix (87) <\/b> du 15 au 29 Novembre 2010, dans le cadre du programme EPODE de pr\u00e9vention de l&rsquo;ob\u00e9sit\u00e9.<\/li>\n<li>Centre Culturel de la Visitation \u00e0 <b> P\u00e9rigueux <\/b> dans le cadre du Salon International du Livre Gourmand du 26 Octobre au 14 Novembre 2010.<\/li>\n<li>M\u00e9diath\u00e8que de <b> Carquefou (44) <\/b> du 17 Septembre au 20 Octobre 2010.<\/li>\n<li>M\u00e9diath\u00e8que de <b>Gu\u00e9rande (44) <\/b> du 30 Novembre au 21 D\u00e9cembre 2009.<\/li>\n<li>C\u00e9d\u00e9th\u00e8que de <b> la Gaubreti\u00e8re (85) <\/b> du 4 Juin au 28 Juillet 2010.<\/li>\n<li>M\u00e9diath\u00e8que de <b> Plougastel-Daoulas (29) <\/b> du 30 Octobre au 25 Novembre 2009.<\/li>\n<li>M\u00e9diath\u00e8ques de <b> Quimper et de Pluguffan (29) <\/b> du 7 au 25 Octobre 2009.<\/li>\n<li>Moulin Gautron \u00e0 <b>Vertou (44)<\/b> de D\u00e9cembre 2008 \u00e0 F\u00e9vrier 2009.<\/li>\n<\/ul>\n<p>Une vid\u00e9o, r\u00e9alis\u00e9e \u00e0 Vertou en janvier 2009, est visible ci-dessous.<\/p>\n<p><video controls=\"controls\" width=\"320\" height=\"240\"><source src=\"https:\/\/www.scenotopic.fr\/wp-content\/uploads\/2016\/03\/gourmandises.mp4\" type=\"video\/mp4\" \/><source src=\"https:\/\/www.scenotopic.fr\/wp-content\/uploads\/2016\/03\/gourmandises.ogv\" type=\"video\/ogg\" \/>Votre navigateur ne supporte pas le tag video.<\/video><\/p>\n<p>Une pr\u00e9sentation de l&rsquo;exposition sur \u00ab\u00a0Radio C\u00f4te d&rsquo;Amour\u00a0\u00bb, d\u00e9cembre 2008 :<\/p>\n<p><audio src=\"https:\/\/www.scenotopic.fr\/wp-content\/uploads\/2016\/03\/gourmandises.mp3\" controls=\"controls\"><audio src=\"https:\/\/www.scenotopic.fr\/wp-content\/uploads\/2016\/03\/gourmandises.ogg\" type=\"audio\/ogg\" controls=\"controls\">votre navigateur ne peut pas afficher ce contenu audio<\/audio><\/audio><\/p>\n<div style=\"width: 780px; margin-top: 100px;\">\n<div class=\"menu-bas-gourmandises_1\" style=\"width: 542px; margin: auto;\"><a title=\"Gourmandises - module A\" href=\"https:\/\/www.scenotopic.fr\/index.php\/expositions-itinerantes\/gourmandises\/module-a-les-petits-plats-dans-les-grands\/\" target=\"\" rel=\"attachment wp-att-327 noopener noreferrer\"><img decoding=\"async\" style=\"width: 107px; height: 100px; margin-left: 0px; margin-right: 0px;\" title=\"Gourmandises - module A\" src=\"https:\/\/www.scenotopic.fr\/wp-content\/uploads\/2016\/03\/gourmandises-menu-petits-plats_1.jpg\" alt=\"gourmandises petits plats installation\" \/><\/a><a title=\"Gourmandises - module B\" href=\"https:\/\/www.scenotopic.fr\/index.php\/expositions-itinerantes\/gourmandises\/module-b-petit-piano-de-cuisine-et-musee-imaginaire\/\" target=\"\" rel=\"attachment wp-att-327 noopener noreferrer\"><img decoding=\"async\" style=\"width: 108px; height: 100px; margin-left: 0px; margin-right: 0px;\" title=\"Gourmandises - module B\" src=\"https:\/\/www.scenotopic.fr\/wp-content\/uploads\/2016\/03\/gourmandises-menu-piano-de-cuisine_1.jpg\" alt=\"gourmandises module B\" \/><\/a><a title=\"Gourmandises - module C\" href=\"https:\/\/www.scenotopic.fr\/index.php\/expositions-itinerantes\/gourmandises\/module-c-des-expressions-a-chacun-sa-sauce\/\" target=\"\" rel=\"attachment wp-att-327 noopener noreferrer\"><img decoding=\"async\" style=\"width: 108px; height: 100px; margin-left: 0px; margin-right: 0px;\" title=\"Gourmandises - module C\" src=\"https:\/\/www.scenotopic.fr\/wp-content\/uploads\/2016\/03\/gourmandises-menu-expressions_1.jpg\" alt=\"gourmandises exposition module C\" \/><\/a><a title=\"Gourmandises - module D\" href=\"https:\/\/www.scenotopic.fr\/index.php\/expositions-itinerantes\/gourmandises\/module-d-nuee-de-bonbons-geants\/\" target=\"\" rel=\"attachment wp-att-327 noopener noreferrer\"><img decoding=\"async\" style=\"width: 108px; height: 100px; margin-left: 0px; margin-right: 0px;\" title=\"Gourmandises - module D\" src=\"https:\/\/www.scenotopic.fr\/wp-content\/uploads\/2016\/03\/gourmandises-menu-bonbons-geants_1.jpg\" alt=\"gourmandises module D installation\" \/><\/a><a title=\"Gourmandises - galerie\" href=\"https:\/\/www.scenotopic.fr\/index.php\/expositions-itinerantes\/gourmandises\/exposition-gourmandises-galerie\/\" target=\"\" rel=\"attachment wp-att-327 noopener noreferrer\"><img decoding=\"async\" style=\"margin-left: 0px; margin-right: 0px; width: 108px; height: 100px;\" title=\"Gourmandises - galerie\" src=\"https:\/\/www.scenotopic.fr\/wp-content\/uploads\/2016\/03\/gourmandises-menu-galerie_1.jpg\" alt=\"gourmandises module D installation\" \/> <\/a><\/div>\n<div class=\"menu-bas-gourmandises_2\" style=\"width: 68px; margin: auto; margin-top: 50px;\"><a title=\"Gourmandises - pr\u00e9sentation\" href=\"https:\/\/www.scenotopic.fr\/index.php\/expositions-itinerantes\/gourmandises\/\" target=\"\" rel=\"attachment wp-att-327 noopener noreferrer\"><img decoding=\"async\" style=\"width: 66px; height: 60px;\" src=\"https:\/\/www.scenotopic.fr\/wp-content\/uploads\/2016\/03\/gourmandises-icone1.png\" alt=\"pr\u00e9sentation du dispositif Gourmandises\" \/><\/a><\/div>\n<\/div>\n","protected":false},"excerpt":{"rendered":"<p>T\u00e9moignages \u00ab Tout se passe tr\u00e8s bien, les \u00e9coles adorent l&rsquo;exposition, elle est vraiment bien, hyper dynamique, les visites sont tr\u00e8s interactives, les enseignants appr\u00e9cient beaucoup, et notre public aussi. Nous accueillons en tout une vingtaine de classes.\u00bb Carine Hocquel,\u00a0 M\u00e9diath\u00e8que Georges Brassens, Maizi\u00e8res-L\u00e8s-Metz. Novembre 2021 \u00ab Ce que j\u2019ai pens\u00e9 de l\u2019exposition gourmandise au &hellip; <a href=\"https:\/\/www.scenotopic.fr\/index.php\/expositions-itinerantes\/gourmandises\/exposition-gourmandises-galerie\/\" class=\"more-link\">Lire la suite <span class=\"screen-reader-text\">Galerie des lieux de diffusion &#8211; Gourmandises<\/span><\/a><\/p>\n","protected":false},"author":2,"featured_media":1068,"parent":98,"menu_order":4,"comment_status":"closed","ping_status":"closed","template":"page-templates\/full-width-page.php","meta":{"footnotes":""},"class_list":["post-338","page","type-page","status-publish","has-post-thumbnail","hentry","with-featured-image"],"_links":{"self":[{"href":"https:\/\/www.scenotopic.fr\/index.php\/wp-json\/wp\/v2\/pages\/338","targetHints":{"allow":["GET"]}}],"collection":[{"href":"https:\/\/www.scenotopic.fr\/index.php\/wp-json\/wp\/v2\/pages"}],"about":[{"href":"https:\/\/www.scenotopic.fr\/index.php\/wp-json\/wp\/v2\/types\/page"}],"author":[{"embeddable":true,"href":"https:\/\/www.scenotopic.fr\/index.php\/wp-json\/wp\/v2\/users\/2"}],"replies":[{"embeddable":true,"href":"https:\/\/www.scenotopic.fr\/index.php\/wp-json\/wp\/v2\/comments?post=338"}],"version-history":[{"count":57,"href":"https:\/\/www.scenotopic.fr\/index.php\/wp-json\/wp\/v2\/pages\/338\/revisions"}],"predecessor-version":[{"id":2418,"href":"https:\/\/www.scenotopic.fr\/index.php\/wp-json\/wp\/v2\/pages\/338\/revisions\/2418"}],"up":[{"embeddable":true,"href":"https:\/\/www.scenotopic.fr\/index.php\/wp-json\/wp\/v2\/pages\/98"}],"wp:featuredmedia":[{"embeddable":true,"href":"https:\/\/www.scenotopic.fr\/index.php\/wp-json\/wp\/v2\/media\/1068"}],"wp:attachment":[{"href":"https:\/\/www.scenotopic.fr\/index.php\/wp-json\/wp\/v2\/media?parent=338"}],"curies":[{"name":"wp","href":"https:\/\/api.w.org\/{rel}","templated":true}]}}