{"id":295,"date":"2016-02-24T17:52:34","date_gmt":"2016-02-24T16:52:34","guid":{"rendered":"http:\/\/www.scenotopic.fr\/?page_id=295"},"modified":"2016-03-11T14:43:30","modified_gmt":"2016-03-11T13:43:30","slug":"module-d-nuee-de-bonbons-geants","status":"publish","type":"page","link":"https:\/\/www.scenotopic.fr\/index.php\/expositions-itinerantes\/gourmandises\/module-d-nuee-de-bonbons-geants\/","title":{"rendered":"Module D &#8211; Nu\u00e9e de bonbons g\u00e9ants"},"content":{"rendered":"<p style=\"text-align: justify;\">\n\tD&eacute;gringolant du plafond, des friandises g&eacute;antes pars&egrave;ment le parcours jusqu&#39;&agrave; l&#39;espace de lecture. Tous ces bonbons g&eacute;ants sont r&eacute;alis&eacute;s &agrave; l&#39;&eacute;chelle, environ 10 fois plus grands que nature et choisis dans une palette contrast&eacute;e.<br \/>\n\tInaccessibles et pourtant si proches par l&#39;effet de &quot;zoom&quot;, les diff&eacute;rents bonbons anglais, acidul&eacute;s, r&eacute;glisses et autres gourmandises empapillot&eacute;es font na&icirc;tre d&eacute;sir, curiosit&eacute; et commentaires&#8230;\n<\/p>\n<div style=\"width:780px;\">\n\t<img decoding=\"async\" alt=\"bonbons polystyr\u00e8ne faux g\u00e9ants  \u00e0 suspendre\" src=\"https:\/\/www.scenotopic.fr\/wp-content\/uploads\/2016\/02\/gourmandises-bonbons-geants-reglisse.jpg\" style=\"margin-left: 15px; margin-right: 15px;\" \/> <img decoding=\"async\" alt=\"bonbons g\u00e9ants color\u00e9s en suspension\" src=\"https:\/\/www.scenotopic.fr\/wp-content\/uploads\/2016\/03\/gourmandises-bonbons-geants-espace_2.jpg\" style=\"margin-left: 15px; margin-right: 15px;\" \/>\n<\/div>\n<div style=\"width:780px;margin-top:100px;\">\n<div class=\"menu-bas-gourmandises_1\" style=\"width:542px;margin:auto;\">\n\t\t<a href=\"https:\/\/www.scenotopic.fr\/index.php\/expositions-itinerantes\/gourmandises\/module-a-les-petits-plats-dans-les-grands\/\" rel=\"attachment wp-att-327\" style=\"\" target=\"\" title=\"Gourmandises - module A\"><img decoding=\"async\" alt=\"gourmandises petits plats installation\" src=\"https:\/\/www.scenotopic.fr\/wp-content\/uploads\/2016\/03\/gourmandises-menu-petits-plats_1.jpg\" style=\"width: 107px; height: 100px; margin-left: 0px; margin-right: 0px;\" title=\"Gourmandises - module A\" \/><\/a><a href=\"https:\/\/www.scenotopic.fr\/index.php\/expositions-itinerantes\/gourmandises\/module-b-petit-piano-de-cuisine-et-musee-imaginaire\/\" rel=\"attachment wp-att-327\" style=\"\" target=\"\" title=\"Gourmandises - module B\"><img decoding=\"async\" alt=\"gourmandises module B\" src=\"https:\/\/www.scenotopic.fr\/wp-content\/uploads\/2016\/03\/gourmandises-menu-piano-de-cuisine_1.jpg\" style=\"width: 108px; height: 100px; margin-left: 0px; margin-right: 0px;\" title=\"Gourmandises - module B\" \/><\/a><a href=\"https:\/\/www.scenotopic.fr\/index.php\/expositions-itinerantes\/gourmandises\/module-c-des-expressions-a-chacun-sa-sauce\/\" rel=\"attachment wp-att-327\" style=\"\" target=\"\" title=\"Gourmandises - module C\"><img decoding=\"async\" alt=\"gourmandises exposition module C\" src=\"https:\/\/www.scenotopic.fr\/wp-content\/uploads\/2016\/03\/gourmandises-menu-expressions_1.jpg\" style=\"width: 108px; height: 100px; margin-left: 0px; margin-right: 0px;\" title=\"Gourmandises - module C\" \/><\/a><a href=\"https:\/\/www.scenotopic.fr\/index.php\/expositions-itinerantes\/gourmandises\/module-d-nuee-de-bonbons-geants\/\" rel=\"attachment wp-att-327\" style=\"\" target=\"\" title=\"Gourmandises - module D\"><img decoding=\"async\" alt=\"gourmandises module D installation\" src=\"https:\/\/www.scenotopic.fr\/wp-content\/uploads\/2016\/03\/gourmandises-menu-bonbons-geants_1.jpg\" style=\"width: 108px; height: 100px; margin-left: 0px; margin-right: 0px;\" title=\"Gourmandises - module D\" \/><\/a><a href=\"https:\/\/www.scenotopic.fr\/index.php\/expositions-itinerantes\/gourmandises\/exposition-gourmandises-galerie\/\" rel=\"attachment wp-att-327\" style=\"\" target=\"\" title=\"Gourmandises - galerie\"><img decoding=\"async\" alt=\"gourmandises module D installation\" src=\"https:\/\/www.scenotopic.fr\/wp-content\/uploads\/2016\/03\/gourmandises-menu-galerie_1.jpg\" style=\"margin-left: 0px; margin-right: 0px; width: 108px; height: 100px;\" title=\"Gourmandises - galerie\" \/> <\/a>\n\t<\/div>\n<div class=\"menu-bas-gourmandises_2\" style=\"width:68px;margin:auto;margin-top:50px;\">\n\t\t<a href=\"https:\/\/www.scenotopic.fr\/index.php\/expositions-itinerantes\/gourmandises\/\" rel=\"attachment wp-att-327\" style=\"\" target=\"\" title=\"Gourmandises - pr\u00e9sentation\"><img decoding=\"async\" alt=\"pr\u00e9sentation du dispositif Gourmandises\" src=\"https:\/\/www.scenotopic.fr\/wp-content\/uploads\/2016\/03\/gourmandises-icone1.png\" style=\"width: 66px; height: 60px;\" \/><\/a>\n\t<\/div>\n<\/div>\n","protected":false},"excerpt":{"rendered":"<p>D&eacute;gringolant du plafond, des friandises g&eacute;antes pars&egrave;ment le parcours jusqu&#39;&agrave; l&#39;espace de lecture. Tous ces bonbons g&eacute;ants sont r&eacute;alis&eacute;s &agrave; l&#39;&eacute;chelle, environ 10 fois plus grands que nature et choisis dans une palette contrast&eacute;e. Inaccessibles et pourtant si proches par l&#39;effet de &quot;zoom&quot;, les diff&eacute;rents bonbons anglais, acidul&eacute;s, r&eacute;glisses et autres gourmandises empapillot&eacute;es font na&icirc;tre &hellip; <a href=\"https:\/\/www.scenotopic.fr\/index.php\/expositions-itinerantes\/gourmandises\/module-d-nuee-de-bonbons-geants\/\" class=\"more-link\">Lire la suite <span class=\"screen-reader-text\">Module D &#8211; Nu\u00e9e de bonbons g\u00e9ants<\/span><\/a><\/p>\n","protected":false},"author":2,"featured_media":296,"parent":98,"menu_order":3,"comment_status":"closed","ping_status":"closed","template":"page-templates\/full-width-page.php","meta":{"footnotes":""},"class_list":["post-295","page","type-page","status-publish","has-post-thumbnail","hentry","with-featured-image"],"_links":{"self":[{"href":"https:\/\/www.scenotopic.fr\/index.php\/wp-json\/wp\/v2\/pages\/295","targetHints":{"allow":["GET"]}}],"collection":[{"href":"https:\/\/www.scenotopic.fr\/index.php\/wp-json\/wp\/v2\/pages"}],"about":[{"href":"https:\/\/www.scenotopic.fr\/index.php\/wp-json\/wp\/v2\/types\/page"}],"author":[{"embeddable":true,"href":"https:\/\/www.scenotopic.fr\/index.php\/wp-json\/wp\/v2\/users\/2"}],"replies":[{"embeddable":true,"href":"https:\/\/www.scenotopic.fr\/index.php\/wp-json\/wp\/v2\/comments?post=295"}],"version-history":[{"count":11,"href":"https:\/\/www.scenotopic.fr\/index.php\/wp-json\/wp\/v2\/pages\/295\/revisions"}],"predecessor-version":[{"id":710,"href":"https:\/\/www.scenotopic.fr\/index.php\/wp-json\/wp\/v2\/pages\/295\/revisions\/710"}],"up":[{"embeddable":true,"href":"https:\/\/www.scenotopic.fr\/index.php\/wp-json\/wp\/v2\/pages\/98"}],"wp:featuredmedia":[{"embeddable":true,"href":"https:\/\/www.scenotopic.fr\/index.php\/wp-json\/wp\/v2\/media\/296"}],"wp:attachment":[{"href":"https:\/\/www.scenotopic.fr\/index.php\/wp-json\/wp\/v2\/media?parent=295"}],"curies":[{"name":"wp","href":"https:\/\/api.w.org\/{rel}","templated":true}]}}