{"id":258,"date":"2016-02-24T15:57:43","date_gmt":"2016-02-24T14:57:43","guid":{"rendered":"http:\/\/www.scenotopic.fr\/?page_id=258"},"modified":"2016-03-16T15:00:37","modified_gmt":"2016-03-16T14:00:37","slug":"9-croqmomes-le-libriovore","status":"publish","type":"page","link":"https:\/\/www.scenotopic.fr\/index.php\/expositions-itinerantes\/trouillometre\/9-croqmomes-le-libriovore\/","title":{"rendered":"9- Croq&rsquo;M\u00f4mes le libriovore"},"content":{"rendered":"<p style=\"text-align: justify;\">\u00ab\u00a0Un personnage monstrueux et confortable offre sa carapace pour <strong>s&rsquo;installer dans la d\u00e9voration des histoires qui font peur<\/strong>&#8230;.Croq&rsquo;m\u00f4mes le libriovore n&rsquo;est pas un seul poil dangereux, c&rsquo;est un monstre de bonne compagnie qui a des histoires plein la bouche, \u00e0 croquer avec lui et \u00e0 pleines dents !\u00a0\u00bb<\/p>\n<p style=\"text-align: justify;\">Ce monstre-pouf moelleux et doux au toucher est un puzzle g\u00e9ant en 5 morceaux, (4 pattes griffues et 1 t\u00eate cornue) <strong>5 si\u00e8ges collectifs et atypiques<\/strong> \u00e0 r\u00e9partir librement dans l&rsquo;espace ou \u00e0 assembler pour reconstituer le monstre.<\/p>\n<p style=\"text-align: justify;\">Jouer avec les combinaisons permet de cr\u00e9er diff\u00e9rents p\u00f4les de <span style=\"color: #f62872;\"><strong>lecture th\u00e9matis\u00e9e<\/strong><\/span>.<\/p>\n<p style=\"text-align: justify;\"><b>INDICATIONS TECHNIQUES \/<\/b><br \/>\nLe monstre est compos\u00e9 de 5 parties autonomes, chacune \u00e9quip\u00e9e de patins glissants, pour faciliter les d\u00e9placements.<\/p>\n<p style=\"text-align: justify;\"><b>DIMENSIONS \/ <\/b> envergure totale du monstre reconstitu\u00e9 2m20X2m80.<\/p>\n<p style=\"text-align: justify;\">5 parties : A -70X145cm \/ B &#8211; 100 x 145cm \/ C &#8211; 55X145cm\/ D &#8211; 85X145cm\/ E &#8211; 60x125cm<\/p>\n<p style=\"text-align: justify;\"><strong>HAUTEUR D&rsquo;ASSISE \/<\/strong> 30cm.<\/p>\n<div style=\"width: 780px;\"><img decoding=\"async\" src=\"https:\/\/www.scenotopic.fr\/wp-content\/uploads\/2016\/02\/trouillometre-croque-momes-enfant.jpg\" alt=\"enfants monstre canap\u00e9\" \/><img decoding=\"async\" style=\"margin-left: 50px; margin-right: 50px;\" src=\"https:\/\/www.scenotopic.fr\/wp-content\/uploads\/2016\/02\/trouillometre-croque-momes-enfants.jpg\" alt=\"enfants lisent assis sur le monstre canap\u00e9\" \/><img decoding=\"async\" src=\"https:\/\/www.scenotopic.fr\/wp-content\/uploads\/2016\/02\/trouillometre-croque-momes-puzzle.jpg\" alt=\"monstre canap\u00e9 puzzle pi\u00e8ces d\u00e9tach\u00e9es\" \/><\/div>\n<div class=\"menu-bas-trouillometre_1\" style=\"width: 790px; margin-top: 100px;\"><a title=\"9-croq'm\u00f4me\" href=\"https:\/\/www.scenotopic.fr\/index.php\/expositions-itinerantes\/trouillometre\/9-croqmomes-le-libriovore\/\" target=\"\" rel=\"attachment wp-att-327\"><img decoding=\"async\" style=\"border-width: 0px; border-style: solid; margin-left: 0px; margin-right: 0px; width: 76px; height: 100px;\" title=\"9-croq'm\u00f4me\" src=\"https:\/\/www.scenotopic.fr\/wp-content\/uploads\/2016\/02\/trouillometre-menu-QUA-9.jpg\" alt=\"9-croq'm\u00f4me\" \/><\/a> <a title=\"8-ocus-nimbus\" href=\"https:\/\/www.scenotopic.fr\/index.php\/expositions-itinerantes\/trouillometre\/8-ocus-nimbus\/\" target=\"\" rel=\"attachment wp-att-327\"><img decoding=\"async\" style=\"border-width: 0px; border-style: solid; margin-left: 0px; margin-right: 0px; width: 76px; height: 100px;\" title=\"8-ocus-nimbus\" src=\"https:\/\/www.scenotopic.fr\/wp-content\/uploads\/2016\/02\/trouillometre-menu-TER-8.jpg\" alt=\"8-ocus-nimbus\" \/><\/a> <a title=\"7-kesako kimera\" href=\"https:\/\/www.scenotopic.fr\/index.php\/expositions-itinerantes\/trouillometre\/7-kesako-kimera\/\" target=\"\" rel=\"attachment wp-att-327\"><img decoding=\"async\" style=\"border-width: 0px; border-style: solid; margin-left: 0px; margin-right: 0px; width: 76px; height: 100px;\" title=\"7-kesako kimera\" src=\"https:\/\/www.scenotopic.fr\/wp-content\/uploads\/2016\/02\/trouillometre-menu-TER-7.jpg\" alt=\"7-kesako kimera\" \/><\/a> <a title=\"6-t\u00eataqueues\" href=\"https:\/\/www.scenotopic.fr\/index.php\/expositions-itinerantes\/trouillometre\/6-tetaqueues-jeu-de-cartes-geant\/\" target=\"\" rel=\"attachment wp-att-327\"><img decoding=\"async\" style=\"border-width: 0px; border-style: solid; margin-left: 0px; margin-right: 0px; width: 76px; height: 100px;\" title=\"6-t\u00eataqueues\" src=\"https:\/\/www.scenotopic.fr\/wp-content\/uploads\/2016\/02\/trouillometre-menu-TER-6.jpg\" alt=\"6-t\u00eataqueues\" \/><\/a> <a title=\"5-le valet des ombres\" href=\"https:\/\/www.scenotopic.fr\/index.php\/expositions-itinerantes\/trouillometre\/5-le-valet-des-ombres\/\" target=\"\" rel=\"attachment wp-att-327\"><img decoding=\"async\" style=\"border-width: 0px; border-style: solid; margin-left: 0px; margin-right: 0px; width: 74px; height: 98px;\" title=\"5-le valet des ombres\" src=\"https:\/\/www.scenotopic.fr\/wp-content\/uploads\/2016\/02\/trouillometre-menu-TER-5.jpg\" alt=\"5-le valet des ombres\" \/><\/a> <a title=\"4-la bo\u00eete \u00e0 cauchemars\" href=\"https:\/\/www.scenotopic.fr\/index.php\/expositions-itinerantes\/trouillometre\/4-la-boite-a-cauchemars\/\" target=\"\" rel=\"attachment wp-att-327\"><img decoding=\"async\" style=\"border-width: 0px; border-style: solid; margin-left: 0px; margin-right: 0px; width: 76px; height: 100px;\" title=\"4-la bo\u00eete \u00e0 cauchemars\" src=\"https:\/\/www.scenotopic.fr\/wp-content\/uploads\/2016\/02\/trouillometre-menu-TER-4.jpg\" alt=\"4-la bo\u00eete \u00e0 cauchemars\" \/><\/a> <a title=\"3-grattapaluches\" href=\"https:\/\/www.scenotopic.fr\/index.php\/expositions-itinerantes\/trouillometre\/trouillometre-grattapaluches\/\" target=\"\" rel=\"attachment wp-att-327\"><img decoding=\"async\" style=\"border-width: 0px; border-style: solid; margin-left: 0px; margin-right: 0px; width: 76px; height: 100px;\" title=\"3-grattapaluches\" src=\"https:\/\/www.scenotopic.fr\/wp-content\/uploads\/2016\/02\/trouillometre-menu-TER-3.jpg\" alt=\"3-grattapaluches\" \/><\/a> <a title=\"2-oreiller sonore\" href=\"https:\/\/www.scenotopic.fr\/index.php\/expositions-itinerantes\/trouillometre\/trouillometre-corne-de-lune\/\" target=\"\" rel=\"attachment wp-att-327\"><img decoding=\"async\" style=\"border-width: 0px; border-style: solid; margin-left: 0px; margin-right: 0px; width: 75px; height: 100px;\" title=\"2-oreiller sonore\" src=\"https:\/\/www.scenotopic.fr\/wp-content\/uploads\/2016\/02\/trouillometre-menu-QUA-2.jpg\" alt=\"2-oreiller sonore\" \/><\/a> <a title=\"1-un visiteur\" href=\"https:\/\/www.scenotopic.fr\/index.php\/expositions-itinerantes\/trouillometre\/trouillometre-un-visiteur\/\" target=\"\" rel=\"attachment wp-att-327\"><img decoding=\"async\" style=\"border-width: 0px; border-style: solid; margin-left: 0px; margin-right: 0px; width: 76px; height: 100px;\" title=\"1-un visiteur\" src=\"https:\/\/www.scenotopic.fr\/wp-content\/uploads\/2016\/02\/trouillometre-menu-TER-1.jpg\" alt=\"1-un visiteur\" \/><\/a> <a title=\"0-plateforme des imaginaires nocturnes\" href=\"https:\/\/www.scenotopic.fr\/index.php\/expositions-itinerantes\/trouillometre\/trouillometre-plateforme-des-imaginaires-nocturnes\/\" target=\"\" rel=\"attachment wp-att-327\"><img decoding=\"async\" style=\"border-width: 0px; border-style: solid; margin-left: 0px; margin-right: 0px; width: 76px; height: 100px;\" title=\"0-plateforme des imaginaires nocturnes\" src=\"https:\/\/www.scenotopic.fr\/wp-content\/uploads\/2016\/02\/trouillometre-menu-TER-0.jpg\" alt=\"0-plateforme des imaginaires nocturnes\" \/><\/a><\/p>\n<div class=\"menu-bas-trouillometre_2\" style=\"width: 100px; margin: auto; margin-top: 50px;\"><a title=\"Trouillom\u00e8tre Z\u00e9ro - pr\u00e9sentation\" href=\"https:\/\/www.scenotopic.fr\/index.php\/expositions-itinerantes\/trouillometre\/\" target=\"\" rel=\"attachment wp-att-327\"><img decoding=\"async\" style=\"width: 53px; height: 80px;\" src=\"https:\/\/www.scenotopic.fr\/wp-content\/uploads\/2016\/03\/trouillometre-icone2.png\" alt=\"pr\u00e9sentation du dispositif Trouillom\u00e8tre Z\u00e9ro\" \/><\/a><\/div>\n<\/div>\n","protected":false},"excerpt":{"rendered":"<p>\u00ab\u00a0Un personnage monstrueux et confortable offre sa carapace pour s&rsquo;installer dans la d\u00e9voration des histoires qui font peur&#8230;.Croq&rsquo;m\u00f4mes le libriovore n&rsquo;est pas un seul poil dangereux, c&rsquo;est un monstre de bonne compagnie qui a des histoires plein la bouche, \u00e0 croquer avec lui et \u00e0 pleines dents !\u00a0\u00bb Ce monstre-pouf moelleux et doux au toucher &hellip; <a href=\"https:\/\/www.scenotopic.fr\/index.php\/expositions-itinerantes\/trouillometre\/9-croqmomes-le-libriovore\/\" class=\"more-link\">Lire la suite <span class=\"screen-reader-text\">9- Croq&rsquo;M\u00f4mes le libriovore<\/span><\/a><\/p>\n","protected":false},"author":2,"featured_media":259,"parent":88,"menu_order":9,"comment_status":"closed","ping_status":"closed","template":"page-templates\/full-width-page.php","meta":{"footnotes":""},"class_list":["post-258","page","type-page","status-publish","has-post-thumbnail","hentry","with-featured-image"],"_links":{"self":[{"href":"https:\/\/www.scenotopic.fr\/index.php\/wp-json\/wp\/v2\/pages\/258","targetHints":{"allow":["GET"]}}],"collection":[{"href":"https:\/\/www.scenotopic.fr\/index.php\/wp-json\/wp\/v2\/pages"}],"about":[{"href":"https:\/\/www.scenotopic.fr\/index.php\/wp-json\/wp\/v2\/types\/page"}],"author":[{"embeddable":true,"href":"https:\/\/www.scenotopic.fr\/index.php\/wp-json\/wp\/v2\/users\/2"}],"replies":[{"embeddable":true,"href":"https:\/\/www.scenotopic.fr\/index.php\/wp-json\/wp\/v2\/comments?post=258"}],"version-history":[{"count":21,"href":"https:\/\/www.scenotopic.fr\/index.php\/wp-json\/wp\/v2\/pages\/258\/revisions"}],"predecessor-version":[{"id":844,"href":"https:\/\/www.scenotopic.fr\/index.php\/wp-json\/wp\/v2\/pages\/258\/revisions\/844"}],"up":[{"embeddable":true,"href":"https:\/\/www.scenotopic.fr\/index.php\/wp-json\/wp\/v2\/pages\/88"}],"wp:featuredmedia":[{"embeddable":true,"href":"https:\/\/www.scenotopic.fr\/index.php\/wp-json\/wp\/v2\/media\/259"}],"wp:attachment":[{"href":"https:\/\/www.scenotopic.fr\/index.php\/wp-json\/wp\/v2\/media?parent=258"}],"curies":[{"name":"wp","href":"https:\/\/api.w.org\/{rel}","templated":true}]}}