{"id":243,"date":"2016-02-24T15:12:59","date_gmt":"2016-02-24T14:12:59","guid":{"rendered":"http:\/\/www.scenotopic.fr\/?page_id=243"},"modified":"2016-03-21T09:18:40","modified_gmt":"2016-03-21T08:18:40","slug":"7-kesako-kimera","status":"publish","type":"page","link":"https:\/\/www.scenotopic.fr\/index.php\/expositions-itinerantes\/trouillometre\/7-kesako-kimera\/","title":{"rendered":"7- Kesako ? Kimera !"},"content":{"rendered":"<p style=\"text-align: justify;\"><strong>KESAKO\u00a0? KIMERA\u00a0!<\/strong> est un jeu de questions-r\u00e9ponses cr\u00e9\u00e9 sp\u00e9cialement pour l&rsquo;exposition Trouillom\u00e8tre Z\u00e9ro. Le jeu consiste \u00e0 associer correctement les cartes \u00abTEXTE\u00bb, contenant les \u00e9nigmes descriptives de cr\u00e9atures hybrides aux cartes \u00abIMAGES\u00bb contenant les repr\u00e9sentations de ces chim\u00e8res animali\u00e8res. <span style=\"color: #993300;\">\u00a9textes et images Sandrine Berger.<\/span><\/p>\n<p style=\"text-align: justify;\">La pr\u00e9sentation dans un beau coffret-valise \u00e0 compartiments, fabriqu\u00e9 \u00e0 l&rsquo;ancienne, ainsi que le syst\u00e8me de manipulation des cartes fait de coulisses, de casiers et de tirettes, \u00e9voquent l&rsquo;imaginaire des cabinets de curiosit\u00e9 o\u00f9 l&rsquo;on rencontrait autrefois cr\u00e9atures \u00e9tranges et autres d\u00e9couvertes fabuleuses.<\/p>\n<p style=\"text-align: justify;\">L&rsquo;esth\u00e9tique des chim\u00e8res invent\u00e9es \u00e0 partir de l&rsquo;imagerie botaniste des gravures anciennes contribue \u00e0 nourrir cet imaginaire autour d&rsquo;une collection digne d&rsquo;un savant un peu fou.<\/p>\n<p style=\"text-align: justify;\"><b>INDICATIONS TECHNIQUES \/<\/b><br \/>\nLa valise s&rsquo;installe sur un socle ind\u00e9pendant ou sur le plateau de l&rsquo;exposition .<br \/>\nElle est \u00e9quip\u00e9e d&rsquo;un syst\u00e8me de maintien de l&rsquo;ouverture du couvercle en position ouverte pour \u00e9viter tout risque de pincement.<br \/>\nLes cartes en bois \u00e0 manipuler sont solidaires de la valises gr\u00e2ce \u00e0 un syst\u00e8me inamovible.<\/p>\n<p style=\"text-align: justify;\"><b>POIDS <\/b>: environ 6KG<b>\u00a0 \/\u00a0 DIMENSIONS <\/b> de la valise ferm\u00e9e : 33 l x 47,5 h x 25 p<\/p>\n<div style=\"width: 780px;\"><img loading=\"lazy\" decoding=\"async\" class=\"alignnone size-full wp-image-248\" src=\"https:\/\/www.scenotopic.fr\/wp-content\/uploads\/2016\/03\/trouillometre-kesako-kimera-lorioque-texte.png\" alt=\"po\u00e8me d\u00e9couverte chim\u00e8re\" width=\"257\" height=\"240\" \/><img loading=\"lazy\" decoding=\"async\" class=\"alignnone size-full wp-image-247\" src=\"https:\/\/www.scenotopic.fr\/wp-content\/uploads\/2016\/02\/trouillometre-kesako-kimera-photo.jpg\" alt=\"bo\u00eete association cartes po\u00e8me chim\u00e8re\" width=\"320\" height=\"240\" srcset=\"https:\/\/www.scenotopic.fr\/wp-content\/uploads\/2016\/02\/trouillometre-kesako-kimera-photo.jpg 320w, https:\/\/www.scenotopic.fr\/wp-content\/uploads\/2016\/02\/trouillometre-kesako-kimera-photo-300x225.jpg 300w\" sizes=\"auto, (max-width: 320px) 100vw, 320px\" \/><img loading=\"lazy\" decoding=\"async\" class=\"alignnone size-full wp-image-246\" src=\"https:\/\/www.scenotopic.fr\/wp-content\/uploads\/2016\/03\/trouillometre-kesako-kimera-lorioque_2.png\" alt=\"carte chim\u00e8re kesako kimera\" width=\"177\" height=\"240\" \/><\/div>\n<div class=\"menu-bas-trouillometre_1\" style=\"width: 790px; margin-top: 100px;\"><a title=\"9-croq'm\u00f4me\" href=\"https:\/\/www.scenotopic.fr\/index.php\/expositions-itinerantes\/trouillometre\/9-croqmomes-le-libriovore\/\" target=\"\" rel=\"attachment wp-att-327\"><img decoding=\"async\" style=\"border-width: 0px; border-style: solid; margin-left: 0px; margin-right: 0px; width: 76px; height: 100px;\" title=\"9-croq'm\u00f4me\" src=\"https:\/\/www.scenotopic.fr\/wp-content\/uploads\/2016\/02\/trouillometre-menu-QUA-9.jpg\" alt=\"9-croq'm\u00f4me\" \/><\/a> <a title=\"8-ocus-nimbus\" href=\"https:\/\/www.scenotopic.fr\/index.php\/expositions-itinerantes\/trouillometre\/8-ocus-nimbus\/\" target=\"\" rel=\"attachment wp-att-327\"><img decoding=\"async\" style=\"border-width: 0px; border-style: solid; margin-left: 0px; margin-right: 0px; width: 76px; height: 100px;\" title=\"8-ocus-nimbus\" src=\"https:\/\/www.scenotopic.fr\/wp-content\/uploads\/2016\/02\/trouillometre-menu-TER-8.jpg\" alt=\"8-ocus-nimbus\" \/><\/a> <a title=\"7-kesako kimera\" href=\"https:\/\/www.scenotopic.fr\/index.php\/expositions-itinerantes\/trouillometre\/7-kesako-kimera\/\" target=\"\" rel=\"attachment wp-att-327\"><img decoding=\"async\" style=\"border-width: 0px; border-style: solid; margin-left: 0px; margin-right: 0px; width: 76px; height: 100px;\" title=\"7-kesako kimera\" src=\"https:\/\/www.scenotopic.fr\/wp-content\/uploads\/2016\/02\/trouillometre-menu-TER-7.jpg\" alt=\"7-kesako kimera\" \/><\/a> <a title=\"6-t\u00eataqueues\" href=\"https:\/\/www.scenotopic.fr\/index.php\/expositions-itinerantes\/trouillometre\/6-tetaqueues-jeu-de-cartes-geant\/\" target=\"\" rel=\"attachment wp-att-327\"><img decoding=\"async\" style=\"border-width: 0px; border-style: solid; margin-left: 0px; margin-right: 0px; width: 76px; height: 100px;\" title=\"6-t\u00eataqueues\" src=\"https:\/\/www.scenotopic.fr\/wp-content\/uploads\/2016\/02\/trouillometre-menu-TER-6.jpg\" alt=\"6-t\u00eataqueues\" \/><\/a> <a title=\"5-le valet des ombres\" href=\"https:\/\/www.scenotopic.fr\/index.php\/expositions-itinerantes\/trouillometre\/5-le-valet-des-ombres\/\" target=\"\" rel=\"attachment wp-att-327\"><img decoding=\"async\" style=\"border-width: 0px; border-style: solid; margin-left: 0px; margin-right: 0px; width: 74px; height: 98px;\" title=\"5-le valet des ombres\" src=\"https:\/\/www.scenotopic.fr\/wp-content\/uploads\/2016\/02\/trouillometre-menu-TER-5.jpg\" alt=\"5-le valet des ombres\" \/><\/a> <a title=\"4-la bo\u00eete \u00e0 cauchemars\" href=\"https:\/\/www.scenotopic.fr\/index.php\/expositions-itinerantes\/trouillometre\/4-la-boite-a-cauchemars\/\" target=\"\" rel=\"attachment wp-att-327\"><img decoding=\"async\" style=\"border-width: 0px; border-style: solid; margin-left: 0px; margin-right: 0px; width: 76px; height: 100px;\" title=\"4-la bo\u00eete \u00e0 cauchemars\" src=\"https:\/\/www.scenotopic.fr\/wp-content\/uploads\/2016\/02\/trouillometre-menu-TER-4.jpg\" alt=\"4-la bo\u00eete \u00e0 cauchemars\" \/><\/a> <a title=\"3-grattapaluches\" href=\"https:\/\/www.scenotopic.fr\/index.php\/expositions-itinerantes\/trouillometre\/trouillometre-grattapaluches\/\" target=\"\" rel=\"attachment wp-att-327\"><img decoding=\"async\" style=\"border-width: 0px; border-style: solid; margin-left: 0px; margin-right: 0px; width: 76px; height: 100px;\" title=\"3-grattapaluches\" src=\"https:\/\/www.scenotopic.fr\/wp-content\/uploads\/2016\/02\/trouillometre-menu-TER-3.jpg\" alt=\"3-grattapaluches\" \/><\/a> <a title=\"2-oreiller sonore\" href=\"https:\/\/www.scenotopic.fr\/index.php\/expositions-itinerantes\/trouillometre\/trouillometre-corne-de-lune\/\" target=\"\" rel=\"attachment wp-att-327\"><img decoding=\"async\" style=\"border-width: 0px; border-style: solid; margin-left: 0px; margin-right: 0px; width: 75px; height: 100px;\" title=\"2-oreiller sonore\" src=\"https:\/\/www.scenotopic.fr\/wp-content\/uploads\/2016\/02\/trouillometre-menu-QUA-2.jpg\" alt=\"2-oreiller sonore\" \/><\/a> <a title=\"1-un visiteur\" href=\"https:\/\/www.scenotopic.fr\/index.php\/expositions-itinerantes\/trouillometre\/trouillometre-un-visiteur\/\" target=\"\" rel=\"attachment wp-att-327\"><img decoding=\"async\" style=\"border-width: 0px; border-style: solid; margin-left: 0px; margin-right: 0px; width: 76px; height: 100px;\" title=\"1-un visiteur\" src=\"https:\/\/www.scenotopic.fr\/wp-content\/uploads\/2016\/02\/trouillometre-menu-TER-1.jpg\" alt=\"1-un visiteur\" \/><\/a> <a title=\"0-plateforme des imaginaires nocturnes\" href=\"https:\/\/www.scenotopic.fr\/index.php\/expositions-itinerantes\/trouillometre\/trouillometre-plateforme-des-imaginaires-nocturnes\/\" target=\"\" rel=\"attachment wp-att-327\"><img decoding=\"async\" style=\"border-width: 0px; border-style: solid; margin-left: 0px; margin-right: 0px; width: 76px; height: 100px;\" title=\"0-plateforme des imaginaires nocturnes\" src=\"https:\/\/www.scenotopic.fr\/wp-content\/uploads\/2016\/02\/trouillometre-menu-TER-0.jpg\" alt=\"0-plateforme des imaginaires nocturnes\" \/><\/a><\/p>\n<div class=\"menu-bas-trouillometre_2\" style=\"width: 100px; margin: auto; margin-top: 50px;\"><a title=\"Trouillom\u00e8tre Z\u00e9ro - pr\u00e9sentation\" href=\"https:\/\/www.scenotopic.fr\/index.php\/expositions-itinerantes\/trouillometre\/\" target=\"\" rel=\"attachment wp-att-327\"><img decoding=\"async\" style=\"width: 53px; height: 80px;\" src=\"https:\/\/www.scenotopic.fr\/wp-content\/uploads\/2016\/03\/trouillometre-icone2.png\" alt=\"pr\u00e9sentation du dispositif Trouillom\u00e8tre Z\u00e9ro\" \/><\/a><\/div>\n<\/div>\n","protected":false},"excerpt":{"rendered":"<p>KESAKO\u00a0? KIMERA\u00a0! est un jeu de questions-r\u00e9ponses cr\u00e9\u00e9 sp\u00e9cialement pour l&rsquo;exposition Trouillom\u00e8tre Z\u00e9ro. Le jeu consiste \u00e0 associer correctement les cartes \u00abTEXTE\u00bb, contenant les \u00e9nigmes descriptives de cr\u00e9atures hybrides aux cartes \u00abIMAGES\u00bb contenant les repr\u00e9sentations de ces chim\u00e8res animali\u00e8res. \u00a9textes et images Sandrine Berger. La pr\u00e9sentation dans un beau coffret-valise \u00e0 compartiments, fabriqu\u00e9 \u00e0 l&rsquo;ancienne, &hellip; <a href=\"https:\/\/www.scenotopic.fr\/index.php\/expositions-itinerantes\/trouillometre\/7-kesako-kimera\/\" class=\"more-link\">Lire la suite <span class=\"screen-reader-text\">7- Kesako ? Kimera !<\/span><\/a><\/p>\n","protected":false},"author":2,"featured_media":244,"parent":88,"menu_order":7,"comment_status":"closed","ping_status":"closed","template":"page-templates\/full-width-page.php","meta":{"footnotes":""},"class_list":["post-243","page","type-page","status-publish","has-post-thumbnail","hentry","with-featured-image"],"_links":{"self":[{"href":"https:\/\/www.scenotopic.fr\/index.php\/wp-json\/wp\/v2\/pages\/243","targetHints":{"allow":["GET"]}}],"collection":[{"href":"https:\/\/www.scenotopic.fr\/index.php\/wp-json\/wp\/v2\/pages"}],"about":[{"href":"https:\/\/www.scenotopic.fr\/index.php\/wp-json\/wp\/v2\/types\/page"}],"author":[{"embeddable":true,"href":"https:\/\/www.scenotopic.fr\/index.php\/wp-json\/wp\/v2\/users\/2"}],"replies":[{"embeddable":true,"href":"https:\/\/www.scenotopic.fr\/index.php\/wp-json\/wp\/v2\/comments?post=243"}],"version-history":[{"count":20,"href":"https:\/\/www.scenotopic.fr\/index.php\/wp-json\/wp\/v2\/pages\/243\/revisions"}],"predecessor-version":[{"id":893,"href":"https:\/\/www.scenotopic.fr\/index.php\/wp-json\/wp\/v2\/pages\/243\/revisions\/893"}],"up":[{"embeddable":true,"href":"https:\/\/www.scenotopic.fr\/index.php\/wp-json\/wp\/v2\/pages\/88"}],"wp:featuredmedia":[{"embeddable":true,"href":"https:\/\/www.scenotopic.fr\/index.php\/wp-json\/wp\/v2\/media\/244"}],"wp:attachment":[{"href":"https:\/\/www.scenotopic.fr\/index.php\/wp-json\/wp\/v2\/media?parent=243"}],"curies":[{"name":"wp","href":"https:\/\/api.w.org\/{rel}","templated":true}]}}