{"id":231,"date":"2016-02-22T22:10:53","date_gmt":"2016-02-22T21:10:53","guid":{"rendered":"http:\/\/www.scenotopic.fr\/?page_id=231"},"modified":"2018-03-14T15:04:38","modified_gmt":"2018-03-14T14:04:38","slug":"6-tetaqueues-jeu-de-cartes-geant","status":"publish","type":"page","link":"https:\/\/www.scenotopic.fr\/index.php\/expositions-itinerantes\/trouillometre\/6-tetaqueues-jeu-de-cartes-geant\/","title":{"rendered":"6- T\u00eataqueues, jeu d&rsquo;assemblage de cartes g\u00e9antes"},"content":{"rendered":"<p style=\"text-align: justify;\">TETAQUEUES est un jeu de manipulation de cartes illustr\u00e9es en bois, \u00e0 assembler pour former des mots-valises. Chaque carte repr\u00e9sentant la moiti\u00e9 d&rsquo;un animal est l\u00e9gend\u00e9e avec la moiti\u00e9 de son nom (racine ou terminaison du mot selon qu&rsquo;il s&rsquo;agisse de la t\u00eate ou de la queue de l&rsquo;animal). Chacun est libre de combiner les images entre elles en juxtaposant une carte \u00ab\u00a0t\u00eate\u00a0\u00bb et une carte \u00ab\u00a0queue\u00a0\u00bb pour inventer des bestioles improbables tout en formant des chim\u00e8res lexicales piquantes et dr\u00f4les.<\/p>\n<p>&nbsp;<\/p>\n<div style=\"width: 790px;\">\n<p><img decoding=\"async\" style=\"margin-right: 6px;\" src=\"https:\/\/www.scenotopic.fr\/wp-content\/uploads\/2016\/03\/trouillometre-tetes-a-queues-salamandre.png\" alt=\"carte pour inventer des chim\u00e8res\" \/> <img decoding=\"async\" style=\"margin-left: 2px; margin-right: 2px;\" src=\"https:\/\/www.scenotopic.fr\/wp-content\/uploads\/2016\/02\/trouillometre-tetes-a-queues-enfant.jpg\" alt=\"enfant joue invente chim\u00e8res cartes\" \/> <img loading=\"lazy\" decoding=\"async\" src=\"https:\/\/www.scenotopic.fr\/wp-content\/uploads\/2016\/03\/trouillometre-tetes-a-queues-autruche.png\" alt=\"carte autruche chim\u00e8re \u00e0 cr\u00e9er\" width=\"241\" height=\"240\" \/><\/p>\n<p style=\"text-align: justify;\"><b>INDICATIONS TECHNIQUES \/<\/b><br \/>\nLE JEU COMPORTE 12 CARTES \u00ab\u00a0T\u00caTES\u00a0\u00bb ET 12 CARTES \u00ab\u00a0QUEUES\u00a0\u00bb 25X25cm.<br \/>\nChaque famille de cartes est regroup\u00e9e dans un casier de pr\u00e9sentation sur\u00e9lev\u00e9 \u00e0 roulettes<b>.<\/b><\/p>\n<\/div>\n<div style=\"width: 790px; margin-top: 100px;\">\n<p><a title=\"9-croq'm\u00f4me\" href=\"https:\/\/www.scenotopic.fr\/index.php\/expositions-itinerantes\/trouillometre\/9-croqmomes-le-libriovore\/\" target=\"\" rel=\"attachment wp-att-327\"><img decoding=\"async\" style=\"border-width: 0px; border-style: solid; margin-left: 0px; margin-right: 0px; width: 76px; height: 100px;\" title=\"9-croq'm\u00f4me\" src=\"https:\/\/www.scenotopic.fr\/wp-content\/uploads\/2016\/02\/trouillometre-menu-QUA-9.jpg\" alt=\"9-croq'm\u00f4me\" \/><\/a> <a title=\"8-ocus-nimbus\" href=\"https:\/\/www.scenotopic.fr\/index.php\/expositions-itinerantes\/trouillometre\/8-ocus-nimbus\/\" target=\"\" rel=\"attachment wp-att-327\"><img decoding=\"async\" style=\"border-width: 0px; border-style: solid; margin-left: 0px; margin-right: 0px; width: 76px; height: 100px;\" title=\"8-ocus-nimbus\" src=\"https:\/\/www.scenotopic.fr\/wp-content\/uploads\/2016\/02\/trouillometre-menu-TER-8.jpg\" alt=\"8-ocus-nimbus\" \/><\/a> <a title=\"7-kesako kimera\" href=\"https:\/\/www.scenotopic.fr\/index.php\/expositions-itinerantes\/trouillometre\/7-kesako-kimera\/\" target=\"\" rel=\"attachment wp-att-327\"><img decoding=\"async\" style=\"border-width: 0px; border-style: solid; margin-left: 0px; margin-right: 0px; width: 76px; height: 100px;\" title=\"7-kesako kimera\" src=\"https:\/\/www.scenotopic.fr\/wp-content\/uploads\/2016\/02\/trouillometre-menu-TER-7.jpg\" alt=\"7-kesako kimera\" \/><\/a> <a title=\"6-t\u00eataqueues\" href=\"https:\/\/www.scenotopic.fr\/index.php\/expositions-itinerantes\/trouillometre\/6-tetaqueues-jeu-de-cartes-geant\/\" target=\"\" rel=\"attachment wp-att-327\"><img decoding=\"async\" style=\"border-width: 0px; border-style: solid; margin-left: 0px; margin-right: 0px; width: 76px; height: 100px;\" title=\"6-t\u00eataqueues\" src=\"https:\/\/www.scenotopic.fr\/wp-content\/uploads\/2016\/02\/trouillometre-menu-TER-6.jpg\" alt=\"6-t\u00eataqueues\" \/><\/a> <a title=\"5-le valet des ombres\" href=\"https:\/\/www.scenotopic.fr\/index.php\/expositions-itinerantes\/trouillometre\/5-le-valet-des-ombres\/\" target=\"\" rel=\"attachment wp-att-327\"><img decoding=\"async\" style=\"border-width: 0px; border-style: solid; margin-left: 0px; margin-right: 0px; width: 74px; height: 98px;\" title=\"5-le valet des ombres\" src=\"https:\/\/www.scenotopic.fr\/wp-content\/uploads\/2016\/02\/trouillometre-menu-TER-5.jpg\" alt=\"5-le valet des ombres\" \/><\/a> <a title=\"4-la bo\u00eete \u00e0 cauchemars\" href=\"https:\/\/www.scenotopic.fr\/index.php\/expositions-itinerantes\/trouillometre\/4-la-boite-a-cauchemars\/\" target=\"\" rel=\"attachment wp-att-327\"><img decoding=\"async\" style=\"border-width: 0px; border-style: solid; margin-left: 0px; margin-right: 0px; width: 76px; height: 100px;\" title=\"4-la bo\u00eete \u00e0 cauchemars\" src=\"https:\/\/www.scenotopic.fr\/wp-content\/uploads\/2016\/02\/trouillometre-menu-TER-4.jpg\" alt=\"4-la bo\u00eete \u00e0 cauchemars\" \/><\/a> <a title=\"3-grattapaluches\" href=\"https:\/\/www.scenotopic.fr\/index.php\/expositions-itinerantes\/trouillometre\/trouillometre-grattapaluches\/\" target=\"\" rel=\"attachment wp-att-327\"><img decoding=\"async\" style=\"border-width: 0px; border-style: solid; margin-left: 0px; margin-right: 0px; width: 76px; height: 100px;\" title=\"3-grattapaluches\" src=\"https:\/\/www.scenotopic.fr\/wp-content\/uploads\/2016\/02\/trouillometre-menu-TER-3.jpg\" alt=\"3-grattapaluches\" \/><\/a> <a title=\"2-oreiller sonore\" href=\"https:\/\/www.scenotopic.fr\/index.php\/expositions-itinerantes\/trouillometre\/trouillometre-corne-de-lune\/\" target=\"\" rel=\"attachment wp-att-327\"><img decoding=\"async\" style=\"border-width: 0px; border-style: solid; margin-left: 0px; margin-right: 0px; width: 75px; height: 100px;\" title=\"2-oreiller sonore\" src=\"https:\/\/www.scenotopic.fr\/wp-content\/uploads\/2016\/02\/trouillometre-menu-QUA-2.jpg\" alt=\"2-oreiller sonore\" \/><\/a> <a title=\"1-un visiteur\" href=\"https:\/\/www.scenotopic.fr\/index.php\/expositions-itinerantes\/trouillometre\/trouillometre-un-visiteur\/\" target=\"\" rel=\"attachment wp-att-327\"><img decoding=\"async\" style=\"border-width: 0px; border-style: solid; margin-left: 0px; margin-right: 0px; width: 76px; height: 100px;\" title=\"1-un visiteur\" src=\"https:\/\/www.scenotopic.fr\/wp-content\/uploads\/2016\/02\/trouillometre-menu-TER-1.jpg\" alt=\"1-un visiteur\" \/><\/a> <a title=\"0-plateforme des imaginaires nocturnes\" href=\"https:\/\/www.scenotopic.fr\/index.php\/expositions-itinerantes\/trouillometre\/trouillometre-plateforme-des-imaginaires-nocturnes\/\" target=\"\" rel=\"attachment wp-att-327\"><img decoding=\"async\" style=\"border-width: 0px; border-style: solid; margin-left: 0px; margin-right: 0px; width: 76px; height: 100px;\" title=\"0-plateforme des imaginaires nocturnes\" src=\"https:\/\/www.scenotopic.fr\/wp-content\/uploads\/2016\/02\/trouillometre-menu-TER-0.jpg\" alt=\"0-plateforme des imaginaires nocturnes\" \/><\/a><\/p>\n<div style=\"width: 100px; margin: auto; margin-top: 50px;\"><a title=\"Trouillom\u00e8tre Z\u00e9ro - pr\u00e9sentation\" href=\"https:\/\/www.scenotopic.fr\/index.php\/expositions-itinerantes\/trouillometre\/\" target=\"\" rel=\"attachment wp-att-327\"><img decoding=\"async\" style=\"width: 53px; height: 80px; margin-left: 1px;\" src=\"https:\/\/www.scenotopic.fr\/wp-content\/uploads\/2016\/03\/trouillometre-icone2.png\" alt=\"pr\u00e9sentation du dispositif Trouillom\u00e8tre Z\u00e9ro\" \/><\/a><\/div>\n<\/div>\n","protected":false},"excerpt":{"rendered":"<p>TETAQUEUES est un jeu de manipulation de cartes illustr\u00e9es en bois, \u00e0 assembler pour former des mots-valises. Chaque carte repr\u00e9sentant la moiti\u00e9 d&rsquo;un animal est l\u00e9gend\u00e9e avec la moiti\u00e9 de son nom (racine ou terminaison du mot selon qu&rsquo;il s&rsquo;agisse de la t\u00eate ou de la queue de l&rsquo;animal). Chacun est libre de combiner les &hellip; <a href=\"https:\/\/www.scenotopic.fr\/index.php\/expositions-itinerantes\/trouillometre\/6-tetaqueues-jeu-de-cartes-geant\/\" class=\"more-link\">Lire la suite <span class=\"screen-reader-text\">6- T\u00eataqueues, jeu d&rsquo;assemblage de cartes g\u00e9antes<\/span><\/a><\/p>\n","protected":false},"author":2,"featured_media":505,"parent":88,"menu_order":6,"comment_status":"closed","ping_status":"closed","template":"page-templates\/full-width-page.php","meta":{"footnotes":""},"class_list":["post-231","page","type-page","status-publish","has-post-thumbnail","hentry","with-featured-image"],"_links":{"self":[{"href":"https:\/\/www.scenotopic.fr\/index.php\/wp-json\/wp\/v2\/pages\/231","targetHints":{"allow":["GET"]}}],"collection":[{"href":"https:\/\/www.scenotopic.fr\/index.php\/wp-json\/wp\/v2\/pages"}],"about":[{"href":"https:\/\/www.scenotopic.fr\/index.php\/wp-json\/wp\/v2\/types\/page"}],"author":[{"embeddable":true,"href":"https:\/\/www.scenotopic.fr\/index.php\/wp-json\/wp\/v2\/users\/2"}],"replies":[{"embeddable":true,"href":"https:\/\/www.scenotopic.fr\/index.php\/wp-json\/wp\/v2\/comments?post=231"}],"version-history":[{"count":20,"href":"https:\/\/www.scenotopic.fr\/index.php\/wp-json\/wp\/v2\/pages\/231\/revisions"}],"predecessor-version":[{"id":1141,"href":"https:\/\/www.scenotopic.fr\/index.php\/wp-json\/wp\/v2\/pages\/231\/revisions\/1141"}],"up":[{"embeddable":true,"href":"https:\/\/www.scenotopic.fr\/index.php\/wp-json\/wp\/v2\/pages\/88"}],"wp:featuredmedia":[{"embeddable":true,"href":"https:\/\/www.scenotopic.fr\/index.php\/wp-json\/wp\/v2\/media\/505"}],"wp:attachment":[{"href":"https:\/\/www.scenotopic.fr\/index.php\/wp-json\/wp\/v2\/media?parent=231"}],"curies":[{"name":"wp","href":"https:\/\/api.w.org\/{rel}","templated":true}]}}