{"id":150,"date":"2016-02-22T09:46:16","date_gmt":"2016-02-22T08:46:16","guid":{"rendered":"http:\/\/www.scenotopic.fr\/?page_id=150"},"modified":"2016-03-29T13:52:20","modified_gmt":"2016-03-29T12:52:20","slug":"trouillometre-plateforme-des-imaginaires-nocturnes","status":"publish","type":"page","link":"https:\/\/www.scenotopic.fr\/index.php\/expositions-itinerantes\/trouillometre\/trouillometre-plateforme-des-imaginaires-nocturnes\/","title":{"rendered":"0- Plateforme des imaginaires nocturnes"},"content":{"rendered":"<p style=\"text-align: justify;\">Le dispositif sc\u00e9nographique central convoque l&rsquo;imaginaire de fa\u00e7on imm\u00e9diate.<br \/>\nIl s&rsquo;agit d&rsquo;une estrade de 5m2 : une plateforme miroitante \u00e0 la pr\u00e9sence \u00e9nigmatique qui semble l\u00e9viter au dessus du sol, sur laquelle le public est invit\u00e9 \u00e0 marcher, s&rsquo;assoir ou s&rsquo;allonger. En posant le pied sur cette surface bleue, la double inclinaison du plateau va produire un imperceptible d\u00e9s\u00e9quilibre du corps et faire entrer physiquement le public dans une autre dimension, celle de la fiction, \u00e0 l&rsquo;instar du lecteur qui bascule dans l&rsquo;imaginaire quand il ouvre un livre.<\/p>\n<p style=\"text-align: justify;\">Cette plateforme centralise les 9 modules qui composent le parcours. Les modules 1 \u00e0 5 sont int\u00e9gr\u00e9s \u00e0 l&rsquo;estrade, les autres modules\u00a0 p\u00e9riph\u00e9riques et ind\u00e9pendants peuvent se disposer librement dans l&rsquo;espace.<\/p>\n<div style=\"width: 785px;\"><img decoding=\"async\" style=\"height: 521px; width: 780px;\" src=\"https:\/\/www.scenotopic.fr\/wp-content\/uploads\/2016\/03\/trouillometre-plateforme.png\" alt=\"plateforme de l'installation trouillom\u00e8tre z\u00e9ro\" \/><\/div>\n<div class=\"menu-bas-trouillometre_1\" style=\"width: 790px; margin-top: 100px;\"><a title=\"9-croq'm\u00f4me\" href=\"https:\/\/www.scenotopic.fr\/index.php\/expositions-itinerantes\/trouillometre\/9-croqmomes-le-libriovore\/\" target=\"\" rel=\"attachment wp-att-327\"><img decoding=\"async\" style=\"border-width: 0px; border-style: solid; margin-left: 0px; margin-right: 0px; width: 76px; height: 100px;\" title=\"9-croq'm\u00f4me\" src=\"https:\/\/www.scenotopic.fr\/wp-content\/uploads\/2016\/02\/trouillometre-menu-QUA-9.jpg\" alt=\"9-croq'm\u00f4me\" \/><\/a> <a title=\"8-ocus-nimbus\" href=\"https:\/\/www.scenotopic.fr\/index.php\/expositions-itinerantes\/trouillometre\/8-ocus-nimbus\/\" target=\"\" rel=\"attachment wp-att-327\"><img decoding=\"async\" style=\"border-width: 0px; border-style: solid; margin-left: 0px; margin-right: 0px; width: 76px; height: 100px;\" title=\"8-ocus-nimbus\" src=\"https:\/\/www.scenotopic.fr\/wp-content\/uploads\/2016\/02\/trouillometre-menu-TER-8.jpg\" alt=\"8-ocus-nimbus\" \/><\/a> <a title=\"7-kesako kimera\" href=\"https:\/\/www.scenotopic.fr\/index.php\/expositions-itinerantes\/trouillometre\/7-kesako-kimera\/\" target=\"\" rel=\"attachment wp-att-327\"><img decoding=\"async\" style=\"border-width: 0px; border-style: solid; margin-left: 0px; margin-right: 0px; width: 76px; height: 100px;\" title=\"7-kesako kimera\" src=\"https:\/\/www.scenotopic.fr\/wp-content\/uploads\/2016\/02\/trouillometre-menu-TER-7.jpg\" alt=\"7-kesako kimera\" \/><\/a> <a title=\"6-t\u00eataqueues\" href=\"https:\/\/www.scenotopic.fr\/index.php\/expositions-itinerantes\/trouillometre\/6-tetaqueues-jeu-de-cartes-geant\/\" target=\"\" rel=\"attachment wp-att-327\"><img decoding=\"async\" style=\"border-width: 0px; border-style: solid; margin-left: 0px; margin-right: 0px; width: 76px; height: 100px;\" title=\"6-t\u00eataqueues\" src=\"https:\/\/www.scenotopic.fr\/wp-content\/uploads\/2016\/02\/trouillometre-menu-TER-6.jpg\" alt=\"6-t\u00eataqueues\" \/><\/a> <a title=\"5-le valet des ombres\" href=\"https:\/\/www.scenotopic.fr\/index.php\/expositions-itinerantes\/trouillometre\/5-le-valet-des-ombres\/\" target=\"\" rel=\"attachment wp-att-327\"><img decoding=\"async\" style=\"border-width: 0px; border-style: solid; margin-left: 0px; margin-right: 0px; width: 74px; height: 98px;\" title=\"5-le valet des ombres\" src=\"https:\/\/www.scenotopic.fr\/wp-content\/uploads\/2016\/02\/trouillometre-menu-TER-5.jpg\" alt=\"5-le valet des ombres\" \/><\/a> <a title=\"4-la bo\u00eete \u00e0 cauchemars\" href=\"https:\/\/www.scenotopic.fr\/index.php\/expositions-itinerantes\/trouillometre\/4-la-boite-a-cauchemars\/\" target=\"\" rel=\"attachment wp-att-327\"><img decoding=\"async\" style=\"border-width: 0px; border-style: solid; margin-left: 0px; margin-right: 0px; width: 76px; height: 100px;\" title=\"4-la bo\u00eete \u00e0 cauchemars\" src=\"https:\/\/www.scenotopic.fr\/wp-content\/uploads\/2016\/02\/trouillometre-menu-TER-4.jpg\" alt=\"4-la bo\u00eete \u00e0 cauchemars\" \/><\/a> <a title=\"3-grattapaluches\" href=\"https:\/\/www.scenotopic.fr\/index.php\/expositions-itinerantes\/trouillometre\/trouillometre-grattapaluches\/\" target=\"\" rel=\"attachment wp-att-327\"><img decoding=\"async\" style=\"border-width: 0px; border-style: solid; margin-left: 0px; margin-right: 0px; width: 76px; height: 100px;\" title=\"3-grattapaluches\" src=\"https:\/\/www.scenotopic.fr\/wp-content\/uploads\/2016\/02\/trouillometre-menu-TER-3.jpg\" alt=\"3-grattapaluches\" \/><\/a> <a title=\"2-oreiller sonore\" href=\"https:\/\/www.scenotopic.fr\/index.php\/expositions-itinerantes\/trouillometre\/trouillometre-corne-de-lune\/\" target=\"\" rel=\"attachment wp-att-327\"><img decoding=\"async\" style=\"border-width: 0px; border-style: solid; margin-left: 0px; margin-right: 0px; width: 75px; height: 100px;\" title=\"2-oreiller sonore\" src=\"https:\/\/www.scenotopic.fr\/wp-content\/uploads\/2016\/02\/trouillometre-menu-QUA-2.jpg\" alt=\"2-oreiller sonore\" \/><\/a> <a title=\"1-un visiteur\" href=\"https:\/\/www.scenotopic.fr\/index.php\/expositions-itinerantes\/trouillometre\/trouillometre-un-visiteur\/\" target=\"\" rel=\"attachment wp-att-327\"><img decoding=\"async\" style=\"border-width: 0px; border-style: solid; margin-left: 0px; margin-right: 0px; width: 76px; height: 100px;\" title=\"1-un visiteur\" src=\"https:\/\/www.scenotopic.fr\/wp-content\/uploads\/2016\/02\/trouillometre-menu-TER-1.jpg\" alt=\"1-un visiteur\" \/><\/a> <a title=\"0-plateforme des imaginaires nocturnes\" href=\"https:\/\/www.scenotopic.fr\/index.php\/expositions-itinerantes\/trouillometre\/trouillometre-plateforme-des-imaginaires-nocturnes\/\" target=\"\" rel=\"attachment wp-att-327\"><img decoding=\"async\" style=\"border-width: 0px; border-style: solid; margin-left: 0px; margin-right: 0px; width: 76px; height: 100px;\" title=\"0-plateforme des imaginaires nocturnes\" src=\"https:\/\/www.scenotopic.fr\/wp-content\/uploads\/2016\/02\/trouillometre-menu-TER-0.jpg\" alt=\"0-plateforme des imaginaires nocturnes\" \/><\/a><\/p>\n<div class=\"menu-bas-trouillometre_2\" style=\"width: 100px; margin: auto; margin-top: 50px;\"><a title=\"Trouillom\u00e8tre Z\u00e9ro - pr\u00e9sentation\" href=\"https:\/\/www.scenotopic.fr\/index.php\/expositions-itinerantes\/trouillometre\/\" target=\"\" rel=\"attachment wp-att-327\"><img decoding=\"async\" style=\"width: 53px; height: 80px;\" src=\"https:\/\/www.scenotopic.fr\/wp-content\/uploads\/2016\/03\/trouillometre-icone2.png\" alt=\"pr\u00e9sentation du dispositif Trouillom\u00e8tre Z\u00e9ro\" \/><\/a><\/div>\n<\/div>\n","protected":false},"excerpt":{"rendered":"<p>Le dispositif sc\u00e9nographique central convoque l&rsquo;imaginaire de fa\u00e7on imm\u00e9diate. Il s&rsquo;agit d&rsquo;une estrade de 5m2 : une plateforme miroitante \u00e0 la pr\u00e9sence \u00e9nigmatique qui semble l\u00e9viter au dessus du sol, sur laquelle le public est invit\u00e9 \u00e0 marcher, s&rsquo;assoir ou s&rsquo;allonger. En posant le pied sur cette surface bleue, la double inclinaison du plateau va &hellip; <a href=\"https:\/\/www.scenotopic.fr\/index.php\/expositions-itinerantes\/trouillometre\/trouillometre-plateforme-des-imaginaires-nocturnes\/\" class=\"more-link\">Lire la suite <span class=\"screen-reader-text\">0- Plateforme des imaginaires nocturnes<\/span><\/a><\/p>\n","protected":false},"author":2,"featured_media":356,"parent":88,"menu_order":0,"comment_status":"closed","ping_status":"closed","template":"page-templates\/full-width-page.php","meta":{"footnotes":""},"class_list":["post-150","page","type-page","status-publish","has-post-thumbnail","hentry","with-featured-image"],"_links":{"self":[{"href":"https:\/\/www.scenotopic.fr\/index.php\/wp-json\/wp\/v2\/pages\/150","targetHints":{"allow":["GET"]}}],"collection":[{"href":"https:\/\/www.scenotopic.fr\/index.php\/wp-json\/wp\/v2\/pages"}],"about":[{"href":"https:\/\/www.scenotopic.fr\/index.php\/wp-json\/wp\/v2\/types\/page"}],"author":[{"embeddable":true,"href":"https:\/\/www.scenotopic.fr\/index.php\/wp-json\/wp\/v2\/users\/2"}],"replies":[{"embeddable":true,"href":"https:\/\/www.scenotopic.fr\/index.php\/wp-json\/wp\/v2\/comments?post=150"}],"version-history":[{"count":35,"href":"https:\/\/www.scenotopic.fr\/index.php\/wp-json\/wp\/v2\/pages\/150\/revisions"}],"predecessor-version":[{"id":907,"href":"https:\/\/www.scenotopic.fr\/index.php\/wp-json\/wp\/v2\/pages\/150\/revisions\/907"}],"up":[{"embeddable":true,"href":"https:\/\/www.scenotopic.fr\/index.php\/wp-json\/wp\/v2\/pages\/88"}],"wp:featuredmedia":[{"embeddable":true,"href":"https:\/\/www.scenotopic.fr\/index.php\/wp-json\/wp\/v2\/media\/356"}],"wp:attachment":[{"href":"https:\/\/www.scenotopic.fr\/index.php\/wp-json\/wp\/v2\/media?parent=150"}],"curies":[{"name":"wp","href":"https:\/\/api.w.org\/{rel}","templated":true}]}}