{"id":132,"date":"2016-02-20T20:07:17","date_gmt":"2016-02-20T19:07:17","guid":{"rendered":"http:\/\/www.scenotopic.fr\/?page_id=132"},"modified":"2024-04-19T10:11:20","modified_gmt":"2024-04-19T09:11:20","slug":"qui-sommes-nous","status":"publish","type":"page","link":"https:\/\/www.scenotopic.fr\/index.php\/qui-sommes-nous\/","title":{"rendered":"Qui sommes-nous ?"},"content":{"rendered":"<h2 style=\"margin-top: 10px;\">D\u00c9MARCHE<\/h2>\n<p style=\"text-align: justify;\">SC\u00c9NOtopic,<strong> bin\u00f4me<\/strong> compos\u00e9 d&rsquo;une <strong>sc\u00e9nographe<\/strong> et d&rsquo;un <strong>concepteur son et dispositifs num\u00e9riques interactifs<\/strong>, d\u00e9veloppe des espaces de narration et de m\u00e9diation culturelle originaux et innovants.<br \/>\nDans les parcours sc\u00e9nographiques qu&rsquo;ils con\u00e7oivent pour des commanditaires ou au sein de leurs propres productions, Sandrine Berger et Alain Le Foll mettent en r\u00e9sonance leurs savoir-faire compl\u00e9mentaires. \u00c9largie au champ des technologies innovantes, la palette des outils qu&rsquo;ils ma\u00eetrisent leur permet de choisir les modes d&rsquo;interaction pertinents avec le public .<\/p>\n<p style=\"text-align: justify;\"><strong>Mus\u00e9ographie, Spectacle vivant, Valorisation du Patrimoine, M\u00e9diation culturelle, \u00c9v\u00e9nementiel\u2026<\/strong>, ils savent se mettre \u00e0 l&rsquo;\u00e9coute et collaborer avec une \u00e9quipe pour y apporter leurs comp\u00e9tences respectives, ensemble ou individuellement selon les besoins des projets.<\/p>\n<p style=\"text-align: justify;\">Ils sont \u00e9galement co-auteurs \u00e0 l&rsquo;initiative d&rsquo;expositions itin\u00e9rantes <strong>dans le domaine de la Lecture-\u00e9criture<\/strong>. Propos\u00e9s sous forme d&rsquo;espaces d&rsquo;exploration, leurs parcours sc\u00e9nographi\u00e9s visuels et sonores sont interactifs et donnent \u00e0 d\u00e9couvrir des textes litt\u00e9raires de fa\u00e7on in\u00e9dite gr\u00e2ce \u00e0 une m\u00e9diation originale et ludique. Trois dispositifs\u00a0 \u00e0 leur actif programm\u00e9s dans pr\u00e8s de 50 lieux et m\u00e9diath\u00e8ques en france.\u00a0 : <em><strong><a href=\"https:\/\/www.scenotopic.fr\/index.php\/expositions-itinerantes\/gourmandises\/\">Gourmandises<\/a>, <a href=\"https:\/\/www.scenotopic.fr\/index.php\/expositions-itinerantes\/trouillometre\/\">Trouillom\u00e8tres Z\u00e9ro<\/a> et <a href=\"https:\/\/www.scenotopic.fr\/index.php\/expositions-itinerantes\/alphabula\/\">ALPHAbula \u00a9\u00a0<\/a><\/strong> <\/em>.<\/p>\n<p><strong>Dans le domaine du d\u00e9veloppement durable, <\/strong>ils ont cr\u00e9\u00e9 <a href=\"http:\/\/laboitemc.free.fr\/cuistomobile.html\"><strong><em>La CUISTOmobile<\/em><\/strong><\/a>, un espace de m\u00e9diation itin\u00e9rant pour valoriser la pratique culinaire comme fait culturel, sensibiliser et accompagner les publics \u00e0 la transition alimentaire. Sandrine Berger y d\u00e9veloppe des ateliers et \u00e9v\u00e8nements, en partenariat avec les acteurs de l&rsquo;\u00c9ducation alimentaire et de la Pr\u00e9vention sant\u00e9 du territoire.<strong><br \/>\n<\/strong><\/p>\n<h2>COLLABORATIONS<\/h2>\n<p style=\"text-align: justify;\">Exer\u00e7ant dans le secteur culturel depuis 20 ans, Sandrine Berger et Alain Le Foll travaillent avec de nombreux partenaires et structures commanditaires.<\/p>\n<h6>SC\u00c9NOGRAPHIES D&rsquo;EXPOSITIONS<\/h6>\n<ul style=\"font-size: 0.8em; font-weight: normal; list-style-type: none;\">\n<li>MAISON DU LAC DE GRAND LIEU \/ \u00c9COMUS\u00c9E DU PAYS DE RENNES \/ SERVICES D&rsquo;\u00c9DUCATION \u00c0 L&rsquo;ENVIRONNEMENT DES COLLECTIVIT\u00c9S \/ MUS\u00c9E ARCH\u00c9OLOGIQUE DE JUBLAINS \/ MUS\u00c9E D&rsquo;HISTOIRE NATURELLE DE NANTES \/ LE CHRONOGRAPHE &#8211; CENTRE D&rsquo;INTERPR\u00c9TATION ARCH\u00c9OLOGIQUE DE REZ\u00c9 \/ SYNDICAT D\u2019\u00c9NERGIE DU FINIST\u00c8RE \/ EXPOSITION \u00ab\u00a0En route vers notre futur \u00e9nerg\u00e9tique\u00a0\u00bb \/ ARCHIVES D\u00c9PARTEMENTALES DU FINIST\u00c8RE \/ EXPOSITION \u00ab\u00a0Le monde du travail en Finist\u00e8re de 1800 \u00e0 1970\u00a0\u00bb \/\u00a0 MUS\u00c9E DU CH\u00c2TEAU DE MAYENNE \/ EXPOSITION\u00a0 \u00ab\u00a0Curiosit\u00e9s d&rsquo;ici ou d&rsquo;ailleurs, une histoire de collections\u00a0\u00bb \/ LA BIBLIOTH\u00c8QUE-M\u00c9DIATH\u00c8QUE CHARLES GAUTIER HERMELAND \/ EXPOSITION D&rsquo;ARTISTES &#8211; BANDE DESSIN\u00c9E &#8211; ILLUSTRATION PRESSE ET JEUNESSE :\n<div style=\"font-size: 0.75em; font-weight: normal;\">MATHILDE MOURIER \/ CYRIL PEDROSA \/ HERV\u00c9 TANQUERELLE \/ LORENZO MATTOTTI \/ BENJAMIN FLAO \/ ALEX VARENNE \/ EMRE ORHUN \/ FABIO VISCOGLIOSI \/ GIANPAOLO PAGNI \/ JANICK COAT \/ ANNE HERBAUTS \/ ILLYA GREEN \/ CARL CNEUT \/ JOANA CONCEJO \/ ANTOINE GUILLOP\u00c9 \/ G\u00c9RALDINE ALIBEU \/ ANNE CRAUSAZ \/ CHAHAB \/ DIDIER HAMEY \/\u00a0 NATHALIE GRALL \/ TONY SOULI\u00c9.. \/ VILLE DE VERTOU \/ RENCONTRES ILLUSTRATEURS<\/div>\n<\/li>\n<\/ul>\n<h6>SC\u00c9NOGRAPHIE DE COMMUNICATION \u00c9V\u00c9NEMENTIELLE<\/h6>\n<ul style=\"font-size: 0.8em; font-weight: normal; list-style-type: none;\">\n<li>VILLE DE SAINT-HERBLAIN \/ CAP IMAGE-SAINT-NAZAIRE \/ SQUALIM \/ VILLE DE REZ\u00c9 &#8211; 50AIRE ET 60AIRE DE LA MAISON RADIEUSE LE CORBUSIER<\/li>\n<\/ul>\n<h6>CONCEPTION SONORE<\/h6>\n<ul style=\"font-size: 0.8em; font-weight: normal; list-style-type: none;\">\n<li>SDEF \/ CIE 29&#215;27 \/ CIE LES BARBARIES DES BARAKROK \/ CIE GARIN TROUSSEBOEUF \/ L&rsquo;\u00c9TERNEL \u00c9PH\u00c9M\u00c8RE \/ TH\u00c9\u00c2TRE DU RICTUS \/ TH\u00c9\u00c2TRE \u00c0 SPIRALES \/ LA MAISON DE LA PO\u00c9SIE-RAPHA\u00caL LERAY \/ STEREOLUX \/ LE HANGAR \u00c0 BANANES-DOMINIQUE LEROY \/ C\u00c9CILE FAVREAU \/ ALAIN DE FILIPPIS<\/li>\n<\/ul>\n<h6>CONCEPTION DE DISPOSITIFS NUM\u00c9RIQUES INTERACTIFS<\/h6>\n<ul style=\"font-size: 0.8em; font-weight: normal; list-style-type: none;\">\n<li>MUS\u00c9E DU CH\u00c2TEAU DE MAYENNE \/ M\u00c9DIATH\u00c8QUE JACQUES DEMY \/ CH\u00c2TEAU DES DUCS DE BRETAGNE \/ LA BO\u00ceTE MAISONCL\u00c9TANTE<\/li>\n<\/ul>\n<h6>CONCEPTION ET R\u00c9ALISATION DE DISPOSITIFS ITIN\u00c9RANTS DE M\u00c9DIATION \u00c0 LA LECTURE<\/h6>\n<ul style=\"font-size: 0.8em; font-weight: normal; list-style-type: none;\">\n<li>LIGUE DE L&rsquo;ENSEIGNEMENT \/ ADCEP \/ BIBLIOCIT\u00c9 \/ M\u00c9DIATH\u00c8QUES DU 13\/16\/19\/22\/25\/29\/36\/38\/41\/44\/45\/49\/53\/59\/60\/75\/77\/87\/93\/95<\/li>\n<\/ul>\n<ul style=\"font-size: 0.8em; font-weight: normal; list-style-type: none;\">\n<li>GALERIE DES LIEUX DE DIFFUSIONS <a href=\"https:\/\/www.scenotopic.fr\/index.php\/expositions-itinerantes\/gourmandises\/exposition-gourmandises-galerie\/\"> &gt;&gt;&gt; <\/a><\/li>\n<\/ul>\n<h2>PORTRAITS<\/h2>\n<div style=\"width: 96%;\">\n<div style=\"float: left; width: 50%; padding-right: 15px;\">\n<p><img decoding=\"async\" style=\"width: 100px; height: 100px; display: block; margin-left: auto; margin-right: auto;\" src=\"https:\/\/www.scenotopic.fr\/wp-content\/uploads\/2016\/03\/sandrine-berger.jpg\" alt=\"sandrine berger\" \/><\/p>\n<p style=\"text-align: justify; margin-top: 20px;\">Sc\u00e9nographe et plasticienne, <strong>Sandrine Berger<\/strong> explore la narration sous toutes ses formes et s&rsquo;est sp\u00e9cialis\u00e9e dans la m\u00e9diation par l&rsquo;espace. Elle <span data-dobid=\"hdw\">\u0153uvre<\/span> pour la valorisation des patrimoines et l&rsquo;appropriation des savoirs par tous.<br \/>\nSon regard artistique apporte une identit\u00e9 sp\u00e9cifique aux lieux de rencontres, de restitution et de transmission qu&rsquo;elle sc\u00e9nographie, et donne \u00e0 vivre au public\u00a0 des imaginaires et des univers articul\u00e9s de fa\u00e7on sensible et po\u00e9tique.<br \/>\nElle initie \u00e9galement des \u00ab\u00a0territoires de partage\u00a0\u00bb dans le domaine de l&rsquo;environnement, de la cuisine, de l&rsquo;alimentation durable et de la m\u00e9diation du livre.<br \/>\n<a href=\"http:\/\/bsandi.ultra-book.com\/portfolio\" target=\"_blank\" rel=\"noopener noreferrer\">Book Sandrine Berger<\/a><\/p>\n<\/div>\n<div style=\"width: 50%; margin-left: 53%; padding-left: 15px;\">\n<p><img decoding=\"async\" style=\"width: 100px; height: 100px; display: block; margin-left: auto; margin-right: auto;\" src=\"https:\/\/www.scenotopic.fr\/wp-content\/uploads\/2016\/03\/alain-le-foll.jpg\" alt=\"alain le foll\" \/><\/p>\n<p style=\"text-align: justify; margin-top: 20px;\"><strong>Alain Le Foll<\/strong> con\u00e7oit et r\u00e9alise des parcours narratifs s&rsquo;appuyant plus particuli\u00e8rement sur la spatialisation sonore et l&rsquo;interactivit\u00e9. Il d\u00e9veloppe des espaces sonores, lumineux et interactifs en combinant capteurs, outils logiciels et hardware libres. Ces outils num\u00e9riques lui permettent la mise en oeuvre de dispositifs qui questionnent et requalifient les modes op\u00e9ratoires de repr\u00e9sentation et de m\u00e9diation. Ils participent \u00e0 la cr\u00e9ation d&rsquo;un paysage sonore mouvant et immersif.<\/p>\n<\/div>\n<\/div>\n<p style=\"clear: both; text-align: justify; padding-top: 50px;\">\n<div style=\"width: 670px; margin-top: 80px;\">\n<div style=\"width: 600px; margin: auto;\"><a title=\"Alphabula - pr\u00e9sentation\" href=\"https:\/\/www.scenotopic.fr\/index.php\/expositions-itinerantes\/alphabula\/\" target=\"\" rel=\"attachment wp-att-327 noopener noreferrer\"><img decoding=\"async\" style=\"width: 57px; height: 52px; margin-right: 60px;\" src=\"https:\/\/www.scenotopic.fr\/wp-content\/uploads\/2019\/01\/A-comme-ALPHAbula.png\" alt=\"pr\u00e9sentation du dispositif Alphabula\" \/><\/a><a title=\"Trouillom\u00e8tre Z\u00e9ro - pr\u00e9sentation\" href=\"https:\/\/www.scenotopic.fr\/index.php\/expositions-itinerantes\/trouillometre\/\" target=\"\" rel=\"attachment wp-att-327 noopener noreferrer\"><img decoding=\"async\" style=\"width: 53px; height: 80px; margin-right: 60px;\" src=\"https:\/\/www.scenotopic.fr\/wp-content\/uploads\/2016\/03\/trouillometre-icone2.png\" alt=\"pr\u00e9sentation du dispositif Trouillom\u00e8tre Z\u00e9ro\" \/><\/a> <a title=\"Gourmandises - pr\u00e9sentation\" href=\"https:\/\/www.scenotopic.fr\/index.php\/expositions-itinerantes\/gourmandises\/\" target=\"\" rel=\"attachment wp-att-327 noopener noreferrer\"><img decoding=\"async\" style=\"width: 66px; height: 60px; margin-right: 40px;\" src=\"https:\/\/www.scenotopic.fr\/wp-content\/uploads\/2016\/03\/gourmandises-icone1.png\" alt=\"pr\u00e9sentation du dispositif Gourmandises\" \/><\/a> <\/div>\n<\/div>\n","protected":false},"excerpt":{"rendered":"<p>D\u00c9MARCHE SC\u00c9NOtopic, bin\u00f4me compos\u00e9 d&rsquo;une sc\u00e9nographe et d&rsquo;un concepteur son et dispositifs num\u00e9riques interactifs, d\u00e9veloppe des espaces de narration et de m\u00e9diation culturelle originaux et innovants. Dans les parcours sc\u00e9nographiques qu&rsquo;ils con\u00e7oivent pour des commanditaires ou au sein de leurs propres productions, Sandrine Berger et Alain Le Foll mettent en r\u00e9sonance leurs savoir-faire compl\u00e9mentaires. \u00c9largie &hellip; <a href=\"https:\/\/www.scenotopic.fr\/index.php\/qui-sommes-nous\/\" class=\"more-link\">Lire la suite <span class=\"screen-reader-text\">Qui sommes-nous ?<\/span><\/a><\/p>\n","protected":false},"author":2,"featured_media":0,"parent":0,"menu_order":0,"comment_status":"closed","ping_status":"closed","template":"page-templates\/full-width-page.php","meta":{"footnotes":""},"class_list":["post-132","page","type-page","status-publish","hentry","without-featured-image"],"_links":{"self":[{"href":"https:\/\/www.scenotopic.fr\/index.php\/wp-json\/wp\/v2\/pages\/132","targetHints":{"allow":["GET"]}}],"collection":[{"href":"https:\/\/www.scenotopic.fr\/index.php\/wp-json\/wp\/v2\/pages"}],"about":[{"href":"https:\/\/www.scenotopic.fr\/index.php\/wp-json\/wp\/v2\/types\/page"}],"author":[{"embeddable":true,"href":"https:\/\/www.scenotopic.fr\/index.php\/wp-json\/wp\/v2\/users\/2"}],"replies":[{"embeddable":true,"href":"https:\/\/www.scenotopic.fr\/index.php\/wp-json\/wp\/v2\/comments?post=132"}],"version-history":[{"count":111,"href":"https:\/\/www.scenotopic.fr\/index.php\/wp-json\/wp\/v2\/pages\/132\/revisions"}],"predecessor-version":[{"id":2502,"href":"https:\/\/www.scenotopic.fr\/index.php\/wp-json\/wp\/v2\/pages\/132\/revisions\/2502"}],"wp:attachment":[{"href":"https:\/\/www.scenotopic.fr\/index.php\/wp-json\/wp\/v2\/media?parent=132"}],"curies":[{"name":"wp","href":"https:\/\/api.w.org\/{rel}","templated":true}]}}