{"id":1245,"date":"2019-01-16T11:24:51","date_gmt":"2019-01-16T10:24:51","guid":{"rendered":"http:\/\/www.scenotopic.fr\/?page_id=1245"},"modified":"2024-01-29T16:43:18","modified_gmt":"2024-01-29T15:43:18","slug":"5-alphabula-mode-demploi","status":"publish","type":"page","link":"https:\/\/www.scenotopic.fr\/index.php\/expositions-itinerantes\/alphabula\/5-alphabula-mode-demploi\/","title":{"rendered":"5 &#8211; ALPHABULA\u00a9 MODE D\u2019EMPLOI"},"content":{"rendered":"\n<p>SURFACE\nAU SOL MINIMUM \u00c0 PR\u00c9VOIR&nbsp; :  12 \u00c0 15M2.<\/p>\n\n\n\n<p><strong>Outils\nfacilitateurs et Composition du dispositif :<\/strong><\/p>\n\n\n\n<ul class=\"wp-block-list\">\n<li> <strong>A et B&nbsp;:<\/strong> 2 flight cases \u00e0 roulettes servent de malles de transport et de supports-pr\u00e9sentoirs pour ranger les lettres dans les bo\u00eetiers d\u00e9codeurs.  Dimensions : H41cm X P57cm X L77cm.  <\/li>\n\n\n\n<li><strong>C<\/strong> <strong>:<\/strong> 1 tapis de jeu g\u00e9ant imprim\u00e9 avec l\u2019alphabet d\u00e9cod\u00e9 + l&rsquo;exemple d&rsquo;un mot \u00e9crit en ALPHAbula\u00a9 et traduit. Dimensions : 200cm X 270cm .<\/li>\n\n\n\n<li><strong>D :<\/strong> 1 tableau pupitre pliant avec pr\u00e9sentation, consignes et pistes du jeu. Dimensions : 120cm de haut avec 1 surface de pr\u00e9sentation de 50 X 70cm. <\/li>\n\n\n\n<li>1 notice de conditionnement avant r\u00e9-exp\u00e9dition des colis de transport.<\/li>\n<\/ul>\n\n\n\n<figure class=\"wp-block-image\"><img loading=\"lazy\" decoding=\"async\" width=\"800\" height=\"413\" src=\"https:\/\/www.scenotopic.fr\/wp-content\/uploads\/2019\/01\/implantations-technique-alphabula.jpg\" alt=\"Implantation d'Alphabula\" class=\"wp-image-1246\" srcset=\"https:\/\/www.scenotopic.fr\/wp-content\/uploads\/2019\/01\/implantations-technique-alphabula.jpg 800w, https:\/\/www.scenotopic.fr\/wp-content\/uploads\/2019\/01\/implantations-technique-alphabula-300x155.jpg 300w, https:\/\/www.scenotopic.fr\/wp-content\/uploads\/2019\/01\/implantations-technique-alphabula-736x380.jpg 736w\" sizes=\"auto, (max-width: 800px) 100vw, 800px\" \/><\/figure>\n\n\n<div class=\"wp-block-image\">\n<figure class=\"aligncenter\"><img loading=\"lazy\" decoding=\"async\" width=\"353\" height=\"350\" src=\"https:\/\/www.scenotopic.fr\/wp-content\/uploads\/2019\/01\/Page5-Alphabula-B.jpg\" alt=\"le tableau d'Alphabula\" class=\"wp-image-1248\" srcset=\"https:\/\/www.scenotopic.fr\/wp-content\/uploads\/2019\/01\/Page5-Alphabula-B.jpg 353w, https:\/\/www.scenotopic.fr\/wp-content\/uploads\/2019\/01\/Page5-Alphabula-B-150x150.jpg 150w, https:\/\/www.scenotopic.fr\/wp-content\/uploads\/2019\/01\/Page5-Alphabula-B-300x297.jpg 300w, https:\/\/www.scenotopic.fr\/wp-content\/uploads\/2019\/01\/Page5-Alphabula-B-90x90.jpg 90w\" sizes=\"auto, (max-width: 353px) 100vw, 353px\" \/><\/figure>\n<\/div>\n\n\n<figure class=\"wp-block-image\"><img loading=\"lazy\" decoding=\"async\" width=\"784\" height=\"554\" src=\"https:\/\/www.scenotopic.fr\/wp-content\/uploads\/2019\/01\/Page5-Alphabula-A.jpg\" alt=\"Contenu du tableau pupitre\" class=\"wp-image-1247\" srcset=\"https:\/\/www.scenotopic.fr\/wp-content\/uploads\/2019\/01\/Page5-Alphabula-A.jpg 784w, https:\/\/www.scenotopic.fr\/wp-content\/uploads\/2019\/01\/Page5-Alphabula-A-300x212.jpg 300w, https:\/\/www.scenotopic.fr\/wp-content\/uploads\/2019\/01\/Page5-Alphabula-A-538x380.jpg 538w\" sizes=\"auto, (max-width: 784px) 100vw, 784px\" \/><figcaption class=\"wp-element-caption\">Contenu du tableau pupitre<\/figcaption><\/figure>\n\n\n\n<div style=\"width:780px;margin-top:100px;\">\n\t<div class=\"menu-bas-gourmandises_1\" style=\"width:542px;margin:auto;\">\n\t\t<a href=\"https:\/\/www.scenotopic.fr\/index.php\/expositions-itinerantes\/alphabula\/1-un-jeu-sur-une-page-decriture-geante\/\" style=\"\" target=\"\" title=\"alphabula - page 1\" rel=\"noopener\"><img decoding=\"async\" alt=\"alphabula - page 1\" src=\"https:\/\/www.scenotopic.fr\/wp-content\/uploads\/2019\/01\/alphabula_Icone-Numero-1.png\" style=\"width: 103px; height: 122px; margin-left: 0px; margin-right: 0px;\" title=\"alphabula - page 1\"><\/a>\n<a href=\"https:\/\/www.scenotopic.fr\/index.php\/expositions-itinerantes\/alphabula\/2-un-alphabet-imaginaire-un-autre-systeme-graphique\/\" style=\"\" target=\"\" title=\"alphabula - page 2\" rel=\"noopener\"><img decoding=\"async\" alt=\"alphabula - page 2\" src=\"https:\/\/www.scenotopic.fr\/wp-content\/uploads\/2019\/01\/alphabula_Icone-Numero-2.png\" style=\"width: 103px; height: 122px; margin-left: 0px; margin-right: 0px;\" title=\"alphabula - page 2\"><\/a>\n<a href=\"https:\/\/www.scenotopic.fr\/index.php\/expositions-itinerantes\/alphabula\/3-pour-faire-grandir-les-mots-comme-des-arbres\/\" style=\"\" target=\"\" title=\"alphabula - page 3\" rel=\"noopener\"><img decoding=\"async\" alt=\"alphabula - page 3\" src=\"https:\/\/www.scenotopic.fr\/wp-content\/uploads\/2019\/01\/alphabula_Icone-Numero-3.png\" style=\"width: 103px; height: 122px; margin-left: 0px; margin-right: 0px;\" title=\"alphabula - page 3\"><\/a>\n<a href=\"https:\/\/www.scenotopic.fr\/index.php\/expositions-itinerantes\/alphabula\/4-un-outil-de-mediation-ludique-autour-du-langage\/\" style=\"\" target=\"\" title=\"alphabula - page 4\" rel=\"noopener\"><img decoding=\"async\" alt=\"alphabula - page 4\" src=\"https:\/\/www.scenotopic.fr\/wp-content\/uploads\/2019\/01\/alphabula_Icone-Numero-4.png\" style=\"width: 103px; height: 122px; margin-left: 0px; margin-right: 0px;\" title=\"alphabula - page 4\"><\/a>\n<a href=\"https:\/\/www.scenotopic.fr\/index.php\/expositions-itinerantes\/alphabula\/5-alphabula-mode-demploi\/\" style=\"\" target=\"\" title=\"alphabula - page 5\" rel=\"noopener\"><img decoding=\"async\" alt=\"alphabula - page 5\" src=\"https:\/\/www.scenotopic.fr\/wp-content\/uploads\/2019\/01\/alphabula_Icone-Numero-5.png\" style=\"margin-left: 0px; margin-right: 0px; width: 103px; height: 122px;\" title=\"alphabula - page 5\"> <\/a>\n\t<\/div>\n<p>\t<\/p><div class=\"menu-bas-gourmandises_2\" style=\"width:68px;margin:auto;margin-top:50px;\">\n\t\t<a href=\"https:\/\/www.scenotopic.fr\/index.php\/expositions-itinerantes\/alphabula\/\" rel=\"attachment wp-att-327 noopener\" style=\"\" target=\"\" title=\"pr\u00e9sentation du dispositif Alphabula\"><img decoding=\"async\" alt=\"pr\u00e9sentation du dispositif Alphabula\" src=\"https:\/\/www.scenotopic.fr\/wp-content\/uploads\/2019\/01\/A-comme-ALPHAbula.png\" style=\"width: 66px; height: 60px;\"><\/a>\n\t<\/div>\n<\/div>\n\n\n\n<p><\/p>\n\n\n\n<p class=\"has-small-font-size\">DOCUMENT DE PR\u00c9SENTATION\/FICHE TECHNIQUE\/CONDITIONS TARIFAIRES : t\u00e9l\u00e9charger le document pdf <a rel=\"noreferrer noopener\" href=\"https:\/\/www.scenotopic.fr\/wp-content\/uploads\/2016\/03\/GOURmandisesPresentationXpages.pdf\" target=\"_blank\"><\/a><a href=\"https:\/\/www.scenotopic.fr\/wp-content\/uploads\/2022\/04\/DOSSIER-alphabula_MARS-2022.pdf\" target=\"_blank\" rel=\"noreferrer noopener\">ALPHAbula\u00a9<\/a><\/p>\n","protected":false},"excerpt":{"rendered":"<p>SURFACE AU SOL MINIMUM \u00c0 PR\u00c9VOIR&nbsp; : 12 \u00c0 15M2. Outils facilitateurs et Composition du dispositif : DOCUMENT DE PR\u00c9SENTATION\/FICHE TECHNIQUE\/CONDITIONS TARIFAIRES : t\u00e9l\u00e9charger le document pdf ALPHAbula\u00a9<\/p>\n","protected":false},"author":4,"featured_media":1198,"parent":1157,"menu_order":0,"comment_status":"closed","ping_status":"closed","template":"page-templates\/full-width-page.php","meta":{"footnotes":""},"class_list":["post-1245","page","type-page","status-publish","has-post-thumbnail","hentry","with-featured-image"],"_links":{"self":[{"href":"https:\/\/www.scenotopic.fr\/index.php\/wp-json\/wp\/v2\/pages\/1245","targetHints":{"allow":["GET"]}}],"collection":[{"href":"https:\/\/www.scenotopic.fr\/index.php\/wp-json\/wp\/v2\/pages"}],"about":[{"href":"https:\/\/www.scenotopic.fr\/index.php\/wp-json\/wp\/v2\/types\/page"}],"author":[{"embeddable":true,"href":"https:\/\/www.scenotopic.fr\/index.php\/wp-json\/wp\/v2\/users\/4"}],"replies":[{"embeddable":true,"href":"https:\/\/www.scenotopic.fr\/index.php\/wp-json\/wp\/v2\/comments?post=1245"}],"version-history":[{"count":10,"href":"https:\/\/www.scenotopic.fr\/index.php\/wp-json\/wp\/v2\/pages\/1245\/revisions"}],"predecessor-version":[{"id":2467,"href":"https:\/\/www.scenotopic.fr\/index.php\/wp-json\/wp\/v2\/pages\/1245\/revisions\/2467"}],"up":[{"embeddable":true,"href":"https:\/\/www.scenotopic.fr\/index.php\/wp-json\/wp\/v2\/pages\/1157"}],"wp:featuredmedia":[{"embeddable":true,"href":"https:\/\/www.scenotopic.fr\/index.php\/wp-json\/wp\/v2\/media\/1198"}],"wp:attachment":[{"href":"https:\/\/www.scenotopic.fr\/index.php\/wp-json\/wp\/v2\/media?parent=1245"}],"curies":[{"name":"wp","href":"https:\/\/api.w.org\/{rel}","templated":true}]}}