{"id":1243,"date":"2019-01-16T11:23:45","date_gmt":"2019-01-16T10:23:45","guid":{"rendered":"http:\/\/www.scenotopic.fr\/?page_id=1243"},"modified":"2024-01-29T16:22:54","modified_gmt":"2024-01-29T15:22:54","slug":"4-un-outil-de-mediation-ludique-autour-du-langage","status":"publish","type":"page","link":"https:\/\/www.scenotopic.fr\/index.php\/expositions-itinerantes\/alphabula\/4-un-outil-de-mediation-ludique-autour-du-langage\/","title":{"rendered":"4 &#8211; UN OUTIL DE M\u00c9DIATION LUDIQUE AUTOUR DU LANGAGE"},"content":{"rendered":"\n<p>ALPHABULA\u00a9, UN OUTIL D&rsquo;ANIMATION QUI S&rsquo;ADRESSE \u00c0 TOUS, PETITS ET GRANDS.<\/p>\n\n\n\n<p><strong><em>*Le dispositif participatif<\/em><\/strong> <strong><em>ALPHAbula\u00a9 <\/em>fait l\u2019objet d\u2019une OFFRE de FORMATION \u00e0 l\u2019outil ainsi que de temps de m\u00e9diation et animation sur mesure et\/ou d\u2019ateliers sp\u00e9cifiques propos\u00e9s et anim\u00e9s par l\u2019auteure. Renseignements + Docs fiches ateliers sur demande<\/strong> : contact@scenotopic.fr  \/ 06 61 71 88 53<\/p>\n\n\n\n<p>Dans un rapport plus sensuel et ludique avec le langage, ALPHAbula\u00a9 peut \u00eatre un outil ressource \u00e0 destination de publics sensibles, en r\u00e9action ou en difficult\u00e9 avec l&rsquo;usage de l&rsquo;\u00e9crit, ou l&rsquo;expression.<\/p>\n\n\n\n<p>Support, aide ou\npr\u00e9ambule \u00e0 la cr\u00e9ativit\u00e9, les usages et objectifs p\u00e9dagogiques\n\u00e0 inventer sont nombreux, la liste des pistes qui suit n&rsquo;\u00e9tant pas\nexhaustive. \n<\/p>\n\n\n\n<ul class=\"wp-block-list\">\n<li>Travailler sur l&rsquo;imaginaire des formes : Faire correspondre formes des lettres d&rsquo;ALPHAbula\u00a9 et formes d&rsquo;animaux, leur donner un nom en fonction de leur ressemblance avec des formes connues&#8230;  <\/li>\n\n\n\n<li>Ouvrir l&rsquo;imaginaire en proposant d&rsquo;inventer \u00e0 son tour de nouveaux langages.  <\/li>\n\n\n\n<li>Aborder en douceur les notions de Signifiant &#8211; Signifi\u00e9 : raconter l&rsquo;histoire de l&rsquo;Aleph, r\u00e9fl\u00e9chir \u00e0 l&rsquo;origine du signe \u00e9crit, \u00e0 l&rsquo;histoire et l&rsquo;\u00e9volution des \u00e9critures de diff\u00e9rentes civilisations\u2026<\/li>\n\n\n\n<li>Explorer la dimension Graphique, tenter de repr\u00e9senter des \u00e9l\u00e9ments r\u00e9els en assemblant ces signes abstraits, inventer des r\u00e8gles du jeu \u00e0 deux\u2026<\/li>\n\n\n\n<li>Revisiter les jeux existants autour des mots mais avec les lettres d&rsquo;ALPHAbula\u00a9 : cadavre exquis, mots crois\u00e9s, boogle, etc&#8230;<\/li>\n<\/ul>\n\n\n\n<div style=\"width:780px;margin-top:100px;\">\n\t<div class=\"menu-bas-gourmandises_1\" style=\"width:542px;margin:auto;\">\n\t\t<a href=\"https:\/\/www.scenotopic.fr\/index.php\/expositions-itinerantes\/alphabula\/1-un-jeu-sur-une-page-decriture-geante\/\" style=\"\" target=\"\" title=\"alphabula - page 1\" rel=\"noopener\"><img decoding=\"async\" alt=\"alphabula - page 1\" src=\"https:\/\/www.scenotopic.fr\/wp-content\/uploads\/2019\/01\/alphabula_Icone-Numero-1.png\" style=\"width: 103px; height: 122px; margin-left: 0px; margin-right: 0px;\" title=\"alphabula - page 1\"><\/a>\n<a href=\"https:\/\/www.scenotopic.fr\/index.php\/expositions-itinerantes\/alphabula\/2-un-alphabet-imaginaire-un-autre-systeme-graphique\/\" style=\"\" target=\"\" title=\"alphabula - page 2\" rel=\"noopener\"><img decoding=\"async\" alt=\"alphabula - page 2\" src=\"https:\/\/www.scenotopic.fr\/wp-content\/uploads\/2019\/01\/alphabula_Icone-Numero-2.png\" style=\"width: 103px; height: 122px; margin-left: 0px; margin-right: 0px;\" title=\"alphabula - page 2\"><\/a>\n<a href=\"https:\/\/www.scenotopic.fr\/index.php\/expositions-itinerantes\/alphabula\/3-pour-faire-grandir-les-mots-comme-des-arbres\/\" style=\"\" target=\"\" title=\"alphabula - page 3\" rel=\"noopener\"><img decoding=\"async\" alt=\"alphabula - page 3\" src=\"https:\/\/www.scenotopic.fr\/wp-content\/uploads\/2019\/01\/alphabula_Icone-Numero-3.png\" style=\"width: 103px; height: 122px; margin-left: 0px; margin-right: 0px;\" title=\"alphabula - page 3\"><\/a>\n<a href=\"https:\/\/www.scenotopic.fr\/index.php\/expositions-itinerantes\/alphabula\/4-un-outil-de-mediation-ludique-autour-du-langage\/\" style=\"\" target=\"\" title=\"alphabula - page 4\" rel=\"noopener\"><img decoding=\"async\" alt=\"alphabula - page 4\" src=\"https:\/\/www.scenotopic.fr\/wp-content\/uploads\/2019\/01\/alphabula_Icone-Numero-4.png\" style=\"width: 103px; height: 122px; margin-left: 0px; margin-right: 0px;\" title=\"alphabula - page 4\"><\/a>\n<a href=\"https:\/\/www.scenotopic.fr\/index.php\/expositions-itinerantes\/alphabula\/5-alphabula-mode-demploi\/\" style=\"\" target=\"\" title=\"alphabula - page 5\" rel=\"noopener\"><img decoding=\"async\" alt=\"alphabula - page 5\" src=\"https:\/\/www.scenotopic.fr\/wp-content\/uploads\/2019\/01\/alphabula_Icone-Numero-5.png\" style=\"margin-left: 0px; margin-right: 0px; width: 103px; height: 122px;\" title=\"alphabula - page 5\"> <\/a>\n\t<\/div>\n<p>\t<\/p><div class=\"menu-bas-gourmandises_2\" style=\"width:68px;margin:auto;margin-top:50px;\">\n\t\t<a href=\"https:\/\/www.scenotopic.fr\/index.php\/expositions-itinerantes\/alphabula\/\" rel=\"attachment wp-att-327 noopener\" style=\"\" target=\"\" title=\"pr\u00e9sentation du dispositif Alphabula\"><img decoding=\"async\" alt=\"pr\u00e9sentation du dispositif Alphabula\" src=\"https:\/\/www.scenotopic.fr\/wp-content\/uploads\/2019\/01\/A-comme-ALPHAbula.png\" style=\"width: 66px; height: 60px;\"><\/a>\n\t<\/div>\n<\/div>\n","protected":false},"excerpt":{"rendered":"<p>ALPHABULA\u00a9, UN OUTIL D&rsquo;ANIMATION QUI S&rsquo;ADRESSE \u00c0 TOUS, PETITS ET GRANDS. *Le dispositif participatif ALPHAbula\u00a9 fait l\u2019objet d\u2019une OFFRE de FORMATION \u00e0 l\u2019outil ainsi que de temps de m\u00e9diation et animation sur mesure et\/ou d\u2019ateliers sp\u00e9cifiques propos\u00e9s et anim\u00e9s par l\u2019auteure. Renseignements + Docs fiches ateliers sur demande : contact@scenotopic.fr \/ 06 61 71 88 &hellip; <a href=\"https:\/\/www.scenotopic.fr\/index.php\/expositions-itinerantes\/alphabula\/4-un-outil-de-mediation-ludique-autour-du-langage\/\" class=\"more-link\">Lire la suite <span class=\"screen-reader-text\">4 &#8211; UN OUTIL DE M\u00c9DIATION LUDIQUE AUTOUR DU LANGAGE<\/span><\/a><\/p>\n","protected":false},"author":4,"featured_media":1258,"parent":1157,"menu_order":0,"comment_status":"closed","ping_status":"closed","template":"page-templates\/full-width-page.php","meta":{"footnotes":""},"class_list":["post-1243","page","type-page","status-publish","has-post-thumbnail","hentry","with-featured-image"],"_links":{"self":[{"href":"https:\/\/www.scenotopic.fr\/index.php\/wp-json\/wp\/v2\/pages\/1243","targetHints":{"allow":["GET"]}}],"collection":[{"href":"https:\/\/www.scenotopic.fr\/index.php\/wp-json\/wp\/v2\/pages"}],"about":[{"href":"https:\/\/www.scenotopic.fr\/index.php\/wp-json\/wp\/v2\/types\/page"}],"author":[{"embeddable":true,"href":"https:\/\/www.scenotopic.fr\/index.php\/wp-json\/wp\/v2\/users\/4"}],"replies":[{"embeddable":true,"href":"https:\/\/www.scenotopic.fr\/index.php\/wp-json\/wp\/v2\/comments?post=1243"}],"version-history":[{"count":7,"href":"https:\/\/www.scenotopic.fr\/index.php\/wp-json\/wp\/v2\/pages\/1243\/revisions"}],"predecessor-version":[{"id":2466,"href":"https:\/\/www.scenotopic.fr\/index.php\/wp-json\/wp\/v2\/pages\/1243\/revisions\/2466"}],"up":[{"embeddable":true,"href":"https:\/\/www.scenotopic.fr\/index.php\/wp-json\/wp\/v2\/pages\/1157"}],"wp:featuredmedia":[{"embeddable":true,"href":"https:\/\/www.scenotopic.fr\/index.php\/wp-json\/wp\/v2\/media\/1258"}],"wp:attachment":[{"href":"https:\/\/www.scenotopic.fr\/index.php\/wp-json\/wp\/v2\/media?parent=1243"}],"curies":[{"name":"wp","href":"https:\/\/api.w.org\/{rel}","templated":true}]}}