{"id":1233,"date":"2019-01-16T11:21:57","date_gmt":"2019-01-16T10:21:57","guid":{"rendered":"http:\/\/www.scenotopic.fr\/?page_id=1233"},"modified":"2019-01-16T11:57:41","modified_gmt":"2019-01-16T10:57:41","slug":"2-un-alphabet-imaginaire-un-autre-systeme-graphique","status":"publish","type":"page","link":"https:\/\/www.scenotopic.fr\/index.php\/expositions-itinerantes\/alphabula\/2-un-alphabet-imaginaire-un-autre-systeme-graphique\/","title":{"rendered":"2 &#8211; UN ALPHABET IMAGINAIRE, UN AUTRE SYST\u00c8ME GRAPHIQUE"},"content":{"rendered":"\n<p>AVEC\nALPHABULA\u00a9 ON \u00c9CRIT DES MOTS-TOTEMS, DE BAS EN HAUT, L&rsquo;INITIALE EST\nLE PILIER DU MOT.<\/p>\n\n\n\n<figure class=\"wp-block-image\"><img loading=\"lazy\" decoding=\"async\" width=\"1034\" height=\"775\" src=\"https:\/\/www.scenotopic.fr\/wp-content\/uploads\/2019\/01\/ALPHAbula-initiale_Page-2.jpg\" alt=\"jeu avec Alphabula\" class=\"wp-image-1235\" srcset=\"https:\/\/www.scenotopic.fr\/wp-content\/uploads\/2019\/01\/ALPHAbula-initiale_Page-2.jpg 1034w, https:\/\/www.scenotopic.fr\/wp-content\/uploads\/2019\/01\/ALPHAbula-initiale_Page-2-300x225.jpg 300w, https:\/\/www.scenotopic.fr\/wp-content\/uploads\/2019\/01\/ALPHAbula-initiale_Page-2-1024x768.jpg 1024w, https:\/\/www.scenotopic.fr\/wp-content\/uploads\/2019\/01\/ALPHAbula-initiale_Page-2-507x380.jpg 507w\" sizes=\"auto, (max-width: 1034px) 100vw, 1034px\" \/><figcaption>Pose de l\u2019initiale, pilier du mot, sur la grille rep\u00e8re<\/figcaption><\/figure>\n\n\n\n<p>LA\nR\u00c8GLE DU JEU EXPLIQU\u00c9E AUX ENFANTS<\/p>\n\n\n\n<ol class=\"wp-block-list\"><li>Va piocher dans le d\u00e9codeur les lettres de ton mot pour l&rsquo;\u00e9crire en ALPHAbula\u00a9.  <\/li><li>Pose l&rsquo;initiale sur la bande \u00e0 carreaux en bas du tapis, par exemple la premi\u00e8re lettre de ton pr\u00e9nom ou de ton mot pr\u00e9f\u00e9r\u00e9.  <\/li><li>Place l\u00e0 en respectant bien le sens HAUT\/BAS.  <\/li><li>Empile les autres formes vers le haut, chaque nouvelle forme doit toucher la pr\u00e9c\u00e9dente, comme pour faire un totem. Suis le mod\u00e8le. Tu verras que certaines lettres s&#8217;embo\u00eetent comme un puzzle.  <\/li><li>Regarde ! Tu as fais grandir ton mot comme un arbre !  <\/li><li>Tu peux ajouter des branches \u00e0 ton mot pour \u00e9crire un message.<\/li><li>La forme de ton pr\u00e9nom en ALPHAbula\u00a9 te plait ? Tu aimes ses couleurs ? Et si tu assembles au hasard tes couleurs et tes formes pr\u00e9f\u00e9r\u00e9es, \u00e7a \u00e9crit quoi ?<\/li><\/ol>\n\n\n\n<figure class=\"wp-block-image\"><img loading=\"lazy\" decoding=\"async\" width=\"775\" height=\"411\" src=\"https:\/\/www.scenotopic.fr\/wp-content\/uploads\/2019\/01\/ALPHAbula-etiquettes-decodeurs_Page-2.jpg\" alt=\"\u00c9tiquettes d\u00e9codeurs d'Alphabula\" class=\"wp-image-1234\" srcset=\"https:\/\/www.scenotopic.fr\/wp-content\/uploads\/2019\/01\/ALPHAbula-etiquettes-decodeurs_Page-2.jpg 775w, https:\/\/www.scenotopic.fr\/wp-content\/uploads\/2019\/01\/ALPHAbula-etiquettes-decodeurs_Page-2-300x159.jpg 300w, https:\/\/www.scenotopic.fr\/wp-content\/uploads\/2019\/01\/ALPHAbula-etiquettes-decodeurs_Page-2-717x380.jpg 717w\" sizes=\"auto, (max-width: 775px) 100vw, 775px\" \/><figcaption>\u00c9tiquettes d\u00e9codeurs int\u00e9gr\u00e9es aux bo\u00eetiers de rangement des lettres.<\/figcaption><\/figure>\n\n\n\n<p>AVEC\nALPHABULA\u00a9, LES SONORIT\u00c9S DE LA LANGUE FRAN\u00c7AISE SONT REPR\u00c9SENT\u00c9ES\n\n<\/p>\n\n\n\n<figure class=\"wp-block-image\"><img loading=\"lazy\" decoding=\"async\" width=\"775\" height=\"914\" src=\"https:\/\/www.scenotopic.fr\/wp-content\/uploads\/2019\/01\/ALPHAbula-sonorites_Page-2.jpg\" alt=\"les sonorit\u00e9s d'Alphabula\" class=\"wp-image-1236\" srcset=\"https:\/\/www.scenotopic.fr\/wp-content\/uploads\/2019\/01\/ALPHAbula-sonorites_Page-2.jpg 775w, https:\/\/www.scenotopic.fr\/wp-content\/uploads\/2019\/01\/ALPHAbula-sonorites_Page-2-254x300.jpg 254w, https:\/\/www.scenotopic.fr\/wp-content\/uploads\/2019\/01\/ALPHAbula-sonorites_Page-2-322x380.jpg 322w\" sizes=\"auto, (max-width: 775px) 100vw, 775px\" \/><figcaption>Dans le proc\u00e9d\u00e9 d\u2019articulation ludique propre au syst\u00e8me d\u2019\u00e9criture d&rsquo;ALPHAbula\u00a9, certaines pi\u00e8ces de bois vont s\u2019embo\u00eeter comme un puzzle pour repr\u00e9senter des phon\u00e8mes<\/figcaption><\/figure>\n\n\n\n<div style=\"width:780px;margin-top:100px;\">\n\t<div class=\"menu-bas-gourmandises_1\" style=\"width:542px;margin:auto;\">\n\t\t<a href=\"https:\/\/www.scenotopic.fr\/index.php\/expositions-itinerantes\/alphabula\/1-un-jeu-sur-une-page-decriture-geante\/\" style=\"\" target=\"\" title=\"alphabula - page 1\"><img decoding=\"async\" alt=\"alphabula - page 1\" src=\"https:\/\/www.scenotopic.fr\/wp-content\/uploads\/2019\/01\/alphabula_Icone-Numero-1.png\" style=\"width: 103px; height: 122px; margin-left: 0px; margin-right: 0px;\" title=\"alphabula - page 1\"><\/a>\n<a href=\"https:\/\/www.scenotopic.fr\/index.php\/expositions-itinerantes\/alphabula\/2-un-alphabet-imaginaire-un-autre-systeme-graphique\/\" style=\"\" target=\"\" title=\"alphabula - page 2\"><img decoding=\"async\" alt=\"alphabula - page 2\" src=\"https:\/\/www.scenotopic.fr\/wp-content\/uploads\/2019\/01\/alphabula_Icone-Numero-2.png\" style=\"width: 103px; height: 122px; margin-left: 0px; margin-right: 0px;\" title=\"alphabula - page 2\"><\/a>\n<a href=\"https:\/\/www.scenotopic.fr\/index.php\/expositions-itinerantes\/alphabula\/3-pour-faire-grandir-les-mots-comme-des-arbres\/\" style=\"\" target=\"\" title=\"alphabula - page 3\"><img decoding=\"async\" alt=\"alphabula - page 3\" src=\"https:\/\/www.scenotopic.fr\/wp-content\/uploads\/2019\/01\/alphabula_Icone-Numero-3.png\" style=\"width: 103px; height: 122px; margin-left: 0px; margin-right: 0px;\" title=\"alphabula - page 3\"><\/a>\n<a href=\"https:\/\/www.scenotopic.fr\/index.php\/expositions-itinerantes\/alphabula\/4-un-outil-de-mediation-ludique-autour-du-langage\/\" style=\"\" target=\"\" title=\"alphabula - page 4\"><img decoding=\"async\" alt=\"alphabula - page 4\" src=\"https:\/\/www.scenotopic.fr\/wp-content\/uploads\/2019\/01\/alphabula_Icone-Numero-4.png\" style=\"width: 103px; height: 122px; margin-left: 0px; margin-right: 0px;\" title=\"alphabula - page 4\"><\/a>\n<a href=\"https:\/\/www.scenotopic.fr\/index.php\/expositions-itinerantes\/alphabula\/5-alphabula-mode-demploi\/\" style=\"\" target=\"\" title=\"alphabula - page 5\"><img decoding=\"async\" alt=\"alphabula - page 5\" src=\"https:\/\/www.scenotopic.fr\/wp-content\/uploads\/2019\/01\/alphabula_Icone-Numero-5.png\" style=\"margin-left: 0px; margin-right: 0px; width: 103px; height: 122px;\" title=\"alphabula - page 5\"> <\/a>\n\t<\/div>\n<p>\t<\/p><div class=\"menu-bas-gourmandises_2\" style=\"width:68px;margin:auto;margin-top:50px;\">\n\t\t<a href=\"https:\/\/www.scenotopic.fr\/index.php\/expositions-itinerantes\/alphabula\/\" rel=\"attachment wp-att-327\" style=\"\" target=\"\" title=\"pr\u00e9sentation du dispositif Alphabula\"><img decoding=\"async\" alt=\"pr\u00e9sentation du dispositif Alphabula\" src=\"https:\/\/www.scenotopic.fr\/wp-content\/uploads\/2019\/01\/A-comme-ALPHAbula.png\" style=\"width: 66px; height: 60px;\"><\/a>\n\t<\/div>\n<\/div>\n","protected":false},"excerpt":{"rendered":"<p>AVEC ALPHABULA\u00a9 ON \u00c9CRIT DES MOTS-TOTEMS, DE BAS EN HAUT, L&rsquo;INITIALE EST LE PILIER DU MOT. LA R\u00c8GLE DU JEU EXPLIQU\u00c9E AUX ENFANTS Va piocher dans le d\u00e9codeur les lettres de ton mot pour l&rsquo;\u00e9crire en ALPHAbula\u00a9. Pose l&rsquo;initiale sur la bande \u00e0 carreaux en bas du tapis, par exemple la premi\u00e8re lettre de ton &hellip; <a href=\"https:\/\/www.scenotopic.fr\/index.php\/expositions-itinerantes\/alphabula\/2-un-alphabet-imaginaire-un-autre-systeme-graphique\/\" class=\"more-link\">Lire la suite <span class=\"screen-reader-text\">2 &#8211; UN ALPHABET IMAGINAIRE, UN AUTRE SYST\u00c8ME GRAPHIQUE<\/span><\/a><\/p>\n","protected":false},"author":4,"featured_media":1195,"parent":1157,"menu_order":0,"comment_status":"closed","ping_status":"closed","template":"page-templates\/full-width-page.php","meta":{"footnotes":""},"class_list":["post-1233","page","type-page","status-publish","has-post-thumbnail","hentry","with-featured-image"],"_links":{"self":[{"href":"https:\/\/www.scenotopic.fr\/index.php\/wp-json\/wp\/v2\/pages\/1233","targetHints":{"allow":["GET"]}}],"collection":[{"href":"https:\/\/www.scenotopic.fr\/index.php\/wp-json\/wp\/v2\/pages"}],"about":[{"href":"https:\/\/www.scenotopic.fr\/index.php\/wp-json\/wp\/v2\/types\/page"}],"author":[{"embeddable":true,"href":"https:\/\/www.scenotopic.fr\/index.php\/wp-json\/wp\/v2\/users\/4"}],"replies":[{"embeddable":true,"href":"https:\/\/www.scenotopic.fr\/index.php\/wp-json\/wp\/v2\/comments?post=1233"}],"version-history":[{"count":3,"href":"https:\/\/www.scenotopic.fr\/index.php\/wp-json\/wp\/v2\/pages\/1233\/revisions"}],"predecessor-version":[{"id":1307,"href":"https:\/\/www.scenotopic.fr\/index.php\/wp-json\/wp\/v2\/pages\/1233\/revisions\/1307"}],"up":[{"embeddable":true,"href":"https:\/\/www.scenotopic.fr\/index.php\/wp-json\/wp\/v2\/pages\/1157"}],"wp:featuredmedia":[{"embeddable":true,"href":"https:\/\/www.scenotopic.fr\/index.php\/wp-json\/wp\/v2\/media\/1195"}],"wp:attachment":[{"href":"https:\/\/www.scenotopic.fr\/index.php\/wp-json\/wp\/v2\/media?parent=1233"}],"curies":[{"name":"wp","href":"https:\/\/api.w.org\/{rel}","templated":true}]}}