{"id":1184,"date":"2019-01-16T11:10:25","date_gmt":"2019-01-16T10:10:25","guid":{"rendered":"http:\/\/www.scenotopic.fr\/?page_id=1184"},"modified":"2019-01-17T14:47:56","modified_gmt":"2019-01-17T13:47:56","slug":"1-un-jeu-sur-une-page-decriture-geante","status":"publish","type":"page","link":"https:\/\/www.scenotopic.fr\/index.php\/expositions-itinerantes\/alphabula\/1-un-jeu-sur-une-page-decriture-geante\/","title":{"rendered":"1 &#8211; UN JEU SUR UNE PAGE D\u2019\u00c9CRITURE G\u00c9ANTE"},"content":{"rendered":"<p style=\"text-align: justify;\">LE PRINCIPE DU JEU \/ UNE INVITATION \u00c0 L\u2019IMAGINAIRE ET \u00c0 LA LIBERT\u00c9 D\u2019\u00c9CRIRE.<\/p>\n<p style=\"text-align: justify;\">Jeu graphique, ALPHAbula\u00a9 est un alphabet r\u00e9-invent\u00e9 pour le plaisir de dessiner des mots dans l&rsquo;espace. La graphie de chaque lettre de l\u2019alphabet latin est \u00ab traduite \u00bb, remplac\u00e9e par un nouveau signe, une nouvelle forme abstraite et color\u00e9e.<\/p>\n<p style=\"text-align: justify;\">Mat\u00e9rialis\u00e9es par de grandes pi\u00e8ces de bois d\u00e9coup\u00e9es, les lettres d\u2019ALPHAbula\u00a9 sont facilement manipulables et s\u2019imbriquent ou se juxtaposent \u00e0 plat les unes aux autres dans toutes les directions spatiales.<\/p>\n<div style=\"width: 850px;\">&nbsp;<\/div>\n\n\n<ul class=\"wp-block-gallery columns-3 wp-block-gallery-1 is-layout-flex wp-block-gallery-is-layout-flex\"><li class=\"blocks-gallery-item\"><figure><img loading=\"lazy\" decoding=\"async\" width=\"240\" height=\"180\" src=\"https:\/\/www.scenotopic.fr\/wp-content\/uploads\/2018\/11\/ALPHAbula-lettre-A-page1.jpg\" alt=\"alphabula lettre A\" data-id=\"1200\" data-link=\"https:\/\/www.scenotopic.fr\/alphabula-lettre-a-page1\/\" class=\"wp-image-1200\"\/><figcaption>15 A<\/figcaption><\/figure><\/li><li class=\"blocks-gallery-item\"><figure><img loading=\"lazy\" decoding=\"async\" width=\"240\" height=\"180\" src=\"https:\/\/www.scenotopic.fr\/wp-content\/uploads\/2018\/11\/ALPHAbula-lettre-E-page1.jpg\" alt=\"lettre Alphabula E\" data-id=\"1203\" data-link=\"https:\/\/www.scenotopic.fr\/alphabula-lettre-e-page1\/\" class=\"wp-image-1203\"\/><figcaption>17 E<\/figcaption><\/figure><\/li><li class=\"blocks-gallery-item\"><figure><img loading=\"lazy\" decoding=\"async\" width=\"240\" height=\"180\" src=\"https:\/\/www.scenotopic.fr\/wp-content\/uploads\/2018\/11\/ALPHAbula-lettre-i-page1.jpg\" alt=\"lettre Alphabula i\" data-id=\"1187\" data-link=\"https:\/\/www.scenotopic.fr\/alphabula-lettre-i-page1\/\" class=\"wp-image-1187\"\/><figcaption>11 i<\/figcaption><\/figure><\/li><\/ul>\n\n\n\n<p>On\nchoisit les lettres sur les boitiers d\u00e9codeurs, on compose son mot\nen suivant le guide sur un grand tapis, puis on d\u00e9couvre la forme\nqu&rsquo;il dessine.<\/p>\n\n\n\n<figure class=\"wp-block-image\"><img loading=\"lazy\" decoding=\"async\" width=\"775\" height=\"581\" src=\"https:\/\/www.scenotopic.fr\/wp-content\/uploads\/2018\/11\/ALPHAbula-tapis-a-page1.jpg\" alt=\"le tapis d'\u00e9criture Alphabula\" class=\"wp-image-1188\" srcset=\"https:\/\/www.scenotopic.fr\/wp-content\/uploads\/2018\/11\/ALPHAbula-tapis-a-page1.jpg 775w, https:\/\/www.scenotopic.fr\/wp-content\/uploads\/2018\/11\/ALPHAbula-tapis-a-page1-300x225.jpg 300w, https:\/\/www.scenotopic.fr\/wp-content\/uploads\/2018\/11\/ALPHAbula-tapis-a-page1-507x380.jpg 507w\" sizes=\"auto, (max-width: 775px) 100vw, 775px\" \/><figcaption>Sur le tapis le mot <strong>BONJOUR<\/strong> imprim\u00e9 sert de guide, \u00e0 droite le mot <strong>SOLEIL<\/strong> a \u00e9t\u00e9 \u00e9crit avec les lettres en bois.<\/figcaption><\/figure>\n\n\n\n<figure class=\"wp-block-image\"><img loading=\"lazy\" decoding=\"async\" width=\"775\" height=\"581\" src=\"https:\/\/www.scenotopic.fr\/wp-content\/uploads\/2018\/11\/ALPHAbula-tapis-b-page1.jpg\" alt=\"les lettres d'Alphabula\" class=\"wp-image-1189\" srcset=\"https:\/\/www.scenotopic.fr\/wp-content\/uploads\/2018\/11\/ALPHAbula-tapis-b-page1.jpg 775w, https:\/\/www.scenotopic.fr\/wp-content\/uploads\/2018\/11\/ALPHAbula-tapis-b-page1-300x225.jpg 300w, https:\/\/www.scenotopic.fr\/wp-content\/uploads\/2018\/11\/ALPHAbula-tapis-b-page1-507x380.jpg 507w\" sizes=\"auto, (max-width: 775px) 100vw, 775px\" \/><\/figure>\n\n\n\n<p>Chacun est invit\u00e9 \u00e0 installer les lettres choisies sur le tapis d\u2019\u00e9criture g\u00e9ant pour dessiner son arbre-mot, son arbre \u00e0 mots ou son arbre po\u00e8me et le m\u00ealer aux autres en ajoutant des branches pour fabriquer \u00e0 plusieurs <strong>UN NOUVEAU LANGAGE-PAYSAGE<\/strong>.<br><\/p>\n\n\n\n<figure class=\"wp-block-image\"><img loading=\"lazy\" decoding=\"async\" width=\"775\" height=\"581\" src=\"https:\/\/www.scenotopic.fr\/wp-content\/uploads\/2018\/11\/ALPHAbula-tapis-c-page1.jpg\" alt=\"jeu sur le tapis d'Alphabula\" class=\"wp-image-1190\" srcset=\"https:\/\/www.scenotopic.fr\/wp-content\/uploads\/2018\/11\/ALPHAbula-tapis-c-page1.jpg 775w, https:\/\/www.scenotopic.fr\/wp-content\/uploads\/2018\/11\/ALPHAbula-tapis-c-page1-300x225.jpg 300w, https:\/\/www.scenotopic.fr\/wp-content\/uploads\/2018\/11\/ALPHAbula-tapis-c-page1-507x380.jpg 507w\" sizes=\"auto, (max-width: 775px) 100vw, 775px\" \/><\/figure>\n\n\n\n<div style=\"width:780px;margin-top:100px;\">\n\t<div class=\"menu-bas-gourmandises_1\" style=\"width:542px;margin:auto;\">\n\t\t<a href=\"https:\/\/www.scenotopic.fr\/index.php\/expositions-itinerantes\/alphabula\/1-un-jeu-sur-une-page-decriture-geante\/\" style=\"\" target=\"\" title=\"alphabula - page 1\"><img decoding=\"async\" alt=\"alphabula - page 1\" src=\"https:\/\/www.scenotopic.fr\/wp-content\/uploads\/2019\/01\/alphabula_Icone-Numero-1.png\" style=\"width: 103px; height: 122px; margin-left: 0px; margin-right: 0px;\" title=\"alphabula - page 1\"><\/a>\n<a href=\"https:\/\/www.scenotopic.fr\/index.php\/expositions-itinerantes\/alphabula\/2-un-alphabet-imaginaire-un-autre-systeme-graphique\/\" style=\"\" target=\"\" title=\"alphabula - page 2\"><img decoding=\"async\" alt=\"alphabula - page 2\" src=\"https:\/\/www.scenotopic.fr\/wp-content\/uploads\/2019\/01\/alphabula_Icone-Numero-2.png\" style=\"width: 103px; height: 122px; margin-left: 0px; margin-right: 0px;\" title=\"alphabula - page 2\"><\/a>\n<a href=\"https:\/\/www.scenotopic.fr\/index.php\/expositions-itinerantes\/alphabula\/3-pour-faire-grandir-les-mots-comme-des-arbres\/\" style=\"\" target=\"\" title=\"alphabula - page 3\"><img decoding=\"async\" alt=\"alphabula - page 3\" src=\"https:\/\/www.scenotopic.fr\/wp-content\/uploads\/2019\/01\/alphabula_Icone-Numero-3.png\" style=\"width: 103px; height: 122px; margin-left: 0px; margin-right: 0px;\" title=\"alphabula - page 3\"><\/a>\n<a href=\"https:\/\/www.scenotopic.fr\/index.php\/expositions-itinerantes\/alphabula\/4-un-outil-de-mediation-ludique-autour-du-langage\/\" style=\"\" target=\"\" title=\"alphabula - page 4\"><img decoding=\"async\" alt=\"alphabula - page 4\" src=\"https:\/\/www.scenotopic.fr\/wp-content\/uploads\/2019\/01\/alphabula_Icone-Numero-4.png\" style=\"width: 103px; height: 122px; margin-left: 0px; margin-right: 0px;\" title=\"alphabula - page 4\"><\/a>\n<a href=\"https:\/\/www.scenotopic.fr\/index.php\/expositions-itinerantes\/alphabula\/5-alphabula-mode-demploi\/\" style=\"\" target=\"\" title=\"alphabula - page 5\"><img decoding=\"async\" alt=\"alphabula - page 5\" src=\"https:\/\/www.scenotopic.fr\/wp-content\/uploads\/2019\/01\/alphabula_Icone-Numero-5.png\" style=\"margin-left: 0px; margin-right: 0px; width: 103px; height: 122px;\" title=\"alphabula - page 5\"> <\/a>\n\t<\/div>\n<p>\t<\/p><div class=\"menu-bas-gourmandises_2\" style=\"width:68px;margin:auto;margin-top:50px;\">\n\t\t<a href=\"https:\/\/www.scenotopic.fr\/index.php\/expositions-itinerantes\/alphabula\/\" rel=\"attachment wp-att-327\" style=\"\" target=\"\" title=\"pr\u00e9sentation du dispositif Alphabula\"><img decoding=\"async\" alt=\"pr\u00e9sentation du dispositif Alphabula\" src=\"https:\/\/www.scenotopic.fr\/wp-content\/uploads\/2019\/01\/A-comme-ALPHAbula.png\" style=\"width: 66px; height: 60px;\"><\/a>\n\t<\/div>\n<\/div>\n","protected":false},"excerpt":{"rendered":"<p>LE PRINCIPE DU JEU \/ UNE INVITATION \u00c0 L\u2019IMAGINAIRE ET \u00c0 LA LIBERT\u00c9 D\u2019\u00c9CRIRE. Jeu graphique, ALPHAbula\u00a9 est un alphabet r\u00e9-invent\u00e9 pour le plaisir de dessiner des mots dans l&rsquo;espace. La graphie de chaque lettre de l\u2019alphabet latin est \u00ab traduite \u00bb, remplac\u00e9e par un nouveau signe, une nouvelle forme abstraite et color\u00e9e. Mat\u00e9rialis\u00e9es par &hellip; <a href=\"https:\/\/www.scenotopic.fr\/index.php\/expositions-itinerantes\/alphabula\/1-un-jeu-sur-une-page-decriture-geante\/\" class=\"more-link\">Lire la suite <span class=\"screen-reader-text\">1 &#8211; UN JEU SUR UNE PAGE D\u2019\u00c9CRITURE G\u00c9ANTE<\/span><\/a><\/p>\n","protected":false},"author":2,"featured_media":1194,"parent":1157,"menu_order":0,"comment_status":"closed","ping_status":"closed","template":"page-templates\/full-width-page.php","meta":{"footnotes":""},"class_list":["post-1184","page","type-page","status-publish","has-post-thumbnail","hentry","with-featured-image"],"_links":{"self":[{"href":"https:\/\/www.scenotopic.fr\/index.php\/wp-json\/wp\/v2\/pages\/1184","targetHints":{"allow":["GET"]}}],"collection":[{"href":"https:\/\/www.scenotopic.fr\/index.php\/wp-json\/wp\/v2\/pages"}],"about":[{"href":"https:\/\/www.scenotopic.fr\/index.php\/wp-json\/wp\/v2\/types\/page"}],"author":[{"embeddable":true,"href":"https:\/\/www.scenotopic.fr\/index.php\/wp-json\/wp\/v2\/users\/2"}],"replies":[{"embeddable":true,"href":"https:\/\/www.scenotopic.fr\/index.php\/wp-json\/wp\/v2\/comments?post=1184"}],"version-history":[{"count":41,"href":"https:\/\/www.scenotopic.fr\/index.php\/wp-json\/wp\/v2\/pages\/1184\/revisions"}],"predecessor-version":[{"id":1328,"href":"https:\/\/www.scenotopic.fr\/index.php\/wp-json\/wp\/v2\/pages\/1184\/revisions\/1328"}],"up":[{"embeddable":true,"href":"https:\/\/www.scenotopic.fr\/index.php\/wp-json\/wp\/v2\/pages\/1157"}],"wp:featuredmedia":[{"embeddable":true,"href":"https:\/\/www.scenotopic.fr\/index.php\/wp-json\/wp\/v2\/media\/1194"}],"wp:attachment":[{"href":"https:\/\/www.scenotopic.fr\/index.php\/wp-json\/wp\/v2\/media?parent=1184"}],"curies":[{"name":"wp","href":"https:\/\/api.w.org\/{rel}","templated":true}]}}