{"id":1157,"date":"2019-01-16T11:14:30","date_gmt":"2019-01-16T10:14:30","guid":{"rendered":"http:\/\/www.scenotopic.fr\/?page_id=1157"},"modified":"2024-01-29T16:47:46","modified_gmt":"2024-01-29T15:47:46","slug":"alphabula","status":"publish","type":"page","link":"https:\/\/www.scenotopic.fr\/index.php\/expositions-itinerantes\/alphabula\/","title":{"rendered":"ALPHAbula\u00a9"},"content":{"rendered":"<p style=\"text-align: justify;\">AVEC ALPHABULA\u00a9 ON FAIT GRANDIR LES MOTS COMME DES ARBRES.<\/p>\n<p style=\"text-align: justify;\">Jeu graphique, ALPHAbula\u00a9 est un alphabet r\u00e9-invent\u00e9 pour le plaisir de dessiner des mots dans l&rsquo;espace. La graphie de chaque lettre de l\u2019alphabet latin a \u00e9t\u00e9 \u00ab traduite \u00bb par une forme abstraite color\u00e9e.<\/p>\n<p>LE TEASER POUR ALPHABULER EN MOINS DE DEUX MINUTES :<\/p>\n<div style=\"width: 620px;\" class=\"wp-video\"><video class=\"wp-video-shortcode\" id=\"video-1157-1\" width=\"620\" height=\"348\" preload=\"metadata\" controls=\"controls\"><source type=\"video\/mp4\" src=\"https:\/\/www.scenotopic.fr\/wp-content\/uploads\/2019\/03\/ALPHAbula-teaser-2018-05-f.mp4?_=1\" \/><a href=\"https:\/\/www.scenotopic.fr\/wp-content\/uploads\/2019\/03\/ALPHAbula-teaser-2018-05-f.mp4\">https:\/\/www.scenotopic.fr\/wp-content\/uploads\/2019\/03\/ALPHAbula-teaser-2018-05-f.mp4<\/a><\/video><\/div>\n<p style=\"text-align: justify; margin-top: 30px;\">Mat\u00e9rialis\u00e9es par de grandes pi\u00e8ces de bois d\u00e9coup\u00e9es, les nouvelles lettres d\u2019ALPHAbula\u00a9 sont facilement manipulables et s\u2019imbriquent ou se juxtaposent les unes aux autres dans toutes les directions spatiales. Chacun est invit\u00e9 \u00e0 les installer sur un tapis d\u2019\u00e9criture g\u00e9ant pour dessiner son arbre-mot, son arbre \u00e0 mots ou son arbre po\u00e8me et le m\u00ealer aux autres pour ajouter des branches et fabriquer \u00e0 plusieurs un nouveau langage-paysage.<\/p>\n<p style=\"text-align: justify;\">Une invitation \u00e0 l\u2019imaginaire et \u00e0 la libert\u00e9 d\u2019\u00e9crire.<\/p>\n<p style=\"text-align: justify;\"><strong>Le b\u00e9aba d&rsquo;ALPHAbula\u00a9 en une phrase : Un jeu d&rsquo;\u00e9criture dans une page de 6m2\u00a0!<\/strong><\/p>\n<p style=\"text-align: justify;\"><strong>Public familial \u00e0 partir de 5\/6 ans.<\/strong><\/p>\n<p style=\"text-align: justify;\">Dispositif cr\u00e9\u00e9 et initi\u00e9 par Sandrine Berger.<\/p>\n<ul>\n<li><strong><em>*Le dispositif participatif<\/em><\/strong> <strong><em>ALPHAbula\u00a9 <\/em><\/strong><strong>fait l\u2019objet d\u2019une OFFRE de FORMATION \u00e0 l\u2019outil ainsi que de temps de m\u00e9diation sur mesure et\/ou d\u2019ateliers sp\u00e9cifiques propos\u00e9s et anim\u00e9s par l\u2019auteure. Renseignements + Docs fiches ateliers sur demande.<\/strong><\/li>\n<\/ul>\n<p><strong>\u00a0<\/strong><\/p>\n<div class=\"entry-content\">\n<h4>DOCUMENT DE PR\u00c9SENTATION \/ FICHE TECHNIQUE \/ CONDITIONS TARIFAIRES<\/h4>\n<ul>\n<li>t\u00e9l\u00e9charger le document pdf <a href=\"https:\/\/www.scenotopic.fr\/wp-content\/uploads\/2022\/04\/DOSSIER-alphabula_MARS-2022.pdf\" target=\"_blank\" rel=\"noopener\">ALPHAbula\u00a9<\/a><\/li>\n<\/ul>\n<\/div>\n<p style=\"text-align: justify;\">\n","protected":false},"excerpt":{"rendered":"<p>AVEC ALPHABULA\u00a9 ON FAIT GRANDIR LES MOTS COMME DES ARBRES. Jeu graphique, ALPHAbula\u00a9 est un alphabet r\u00e9-invent\u00e9 pour le plaisir de dessiner des mots dans l&rsquo;espace. La graphie de chaque lettre de l\u2019alphabet latin a \u00e9t\u00e9 \u00ab traduite \u00bb par une forme abstraite color\u00e9e. LE TEASER POUR ALPHABULER EN MOINS DE DEUX MINUTES : Mat\u00e9rialis\u00e9es &hellip; <a href=\"https:\/\/www.scenotopic.fr\/index.php\/expositions-itinerantes\/alphabula\/\" class=\"more-link\">Lire la suite <span class=\"screen-reader-text\">ALPHAbula\u00a9<\/span><\/a><\/p>\n","protected":false},"author":2,"featured_media":0,"parent":168,"menu_order":0,"comment_status":"closed","ping_status":"closed","template":"page-templates\/grid-page.php","meta":{"footnotes":""},"class_list":["post-1157","page","type-page","status-publish","hentry","without-featured-image"],"_links":{"self":[{"href":"https:\/\/www.scenotopic.fr\/index.php\/wp-json\/wp\/v2\/pages\/1157","targetHints":{"allow":["GET"]}}],"collection":[{"href":"https:\/\/www.scenotopic.fr\/index.php\/wp-json\/wp\/v2\/pages"}],"about":[{"href":"https:\/\/www.scenotopic.fr\/index.php\/wp-json\/wp\/v2\/types\/page"}],"author":[{"embeddable":true,"href":"https:\/\/www.scenotopic.fr\/index.php\/wp-json\/wp\/v2\/users\/2"}],"replies":[{"embeddable":true,"href":"https:\/\/www.scenotopic.fr\/index.php\/wp-json\/wp\/v2\/comments?post=1157"}],"version-history":[{"count":16,"href":"https:\/\/www.scenotopic.fr\/index.php\/wp-json\/wp\/v2\/pages\/1157\/revisions"}],"predecessor-version":[{"id":2448,"href":"https:\/\/www.scenotopic.fr\/index.php\/wp-json\/wp\/v2\/pages\/1157\/revisions\/2448"}],"up":[{"embeddable":true,"href":"https:\/\/www.scenotopic.fr\/index.php\/wp-json\/wp\/v2\/pages\/168"}],"wp:attachment":[{"href":"https:\/\/www.scenotopic.fr\/index.php\/wp-json\/wp\/v2\/media?parent=1157"}],"curies":[{"name":"wp","href":"https:\/\/api.w.org\/{rel}","templated":true}]}}