{"id":1060,"date":"2017-06-23T11:53:22","date_gmt":"2017-06-23T10:53:22","guid":{"rendered":"http:\/\/www.scenotopic.fr\/?page_id=1060"},"modified":"2021-01-14T11:55:27","modified_gmt":"2021-01-14T10:55:27","slug":"exposition-trouillometre-zero-galerie","status":"publish","type":"page","link":"https:\/\/www.scenotopic.fr\/index.php\/expositions-itinerantes\/trouillometre\/exposition-trouillometre-zero-galerie\/","title":{"rendered":"Galerie des lieux de diffusion &#8211; Trouillom\u00e8tre Z\u00e9ro"},"content":{"rendered":"<div id=\"metaslider-id-693\" style=\"max-width: 600px;\" class=\"ml-slider-3-105-0 metaslider metaslider-flex metaslider-693 ml-slider has-dots-nav ms-theme-default\" role=\"region\" aria-label=\"trouillom\u00e8tre z\u00e9ro\" data-height=\"450\" data-width=\"600\">\n    <div id=\"metaslider_container_693\">\n        <div id=\"metaslider_693\">\n            <ul class='slides'>\n                <li style=\"display: block; width: 100%;\" class=\"slide-2330 ms-image \" aria-roledescription=\"slide\" data-date=\"2021-01-11 11:40:03\" data-filename=\"Trouillometre-zero-le-pellerin-g.jpg\" data-slide-type=\"image\"><img loading=\"lazy\" decoding=\"async\" src=\"https:\/\/www.scenotopic.fr\/wp-content\/uploads\/2021\/01\/Trouillometre-zero-le-pellerin-g.jpg\" height=\"450\" width=\"600\" alt=\"Sc\u00e9notopic Exposition itin\u00e9rante Trouillom\u00e8tre-z\u00e9ro Module-Croq&#039;m\u00f4mes-le-libriovore\" class=\"slider-693 slide-2330 msDefaultImage\" title=\"Sc\u00e9notopic Exposition itin\u00e9rante Trouillom\u00e8tre-z\u00e9ro Module-Croq&#039;m\u00f4mes-le-libriovore\" \/><div class=\"caption-wrap\"><div class=\"caption\">M\u00e9diath\u00e8que Le Pellerin, Module Croque-m\u00f4mes Le Libriovore, 2020\n\n\n<\/div><\/div><\/li>\n                <li style=\"display: none; width: 100%;\" class=\"slide-2332 ms-image \" aria-roledescription=\"slide\" data-date=\"2021-01-11 11:41:57\" data-filename=\"Trouillometre-zero-le-pellerin-f.jpg\" data-slide-type=\"image\"><img loading=\"lazy\" decoding=\"async\" src=\"https:\/\/www.scenotopic.fr\/wp-content\/uploads\/2021\/01\/Trouillometre-zero-le-pellerin-f.jpg\" height=\"450\" width=\"600\" alt=\"Sc\u00e9notopic Exposition itin\u00e9rante Trouillom\u00e8tre-z\u00e9ro Module-Croq&#039;m\u00f4mes-le-libriovore\" class=\"slider-693 slide-2332 msDefaultImage\" title=\"Sc\u00e9notopic Exposition itin\u00e9rante Trouillom\u00e8tre-z\u00e9ro Module-Croq&#039;m\u00f4mes-le-libriovore\" \/><div class=\"caption-wrap\"><div class=\"caption\">M\u00e9diath\u00e8que Le Pellerin, Module Croque-m\u00f4mes Le Libriovore, 2020<\/div><\/div><\/li>\n                <li style=\"display: none; width: 100%;\" class=\"slide-2338 ms-image \" aria-roledescription=\"slide\" data-date=\"2021-01-11 11:48:06\" data-filename=\"Trouillometre-zero-le-pellerin-i-600x450.jpg\" data-slide-type=\"image\"><img loading=\"lazy\" decoding=\"async\" src=\"https:\/\/www.scenotopic.fr\/wp-content\/uploads\/2021\/01\/Trouillometre-zero-le-pellerin-i-600x450.jpg\" height=\"450\" width=\"600\" alt=\"Sc\u00e9notopic Exposition itin\u00e9rante Trouillom\u00e8tre-z\u00e9ro Module-Ocus-Nimbus\" class=\"slider-693 slide-2338 msDefaultImage\" title=\"Sc\u00e9notopic Exposition itin\u00e9rante Trouillom\u00e8tre-z\u00e9ro Module-Ocus-Nimbus\" \/><div class=\"caption-wrap\"><div class=\"caption\">M\u00e9diath\u00e8que Le Pellerin, Module Ocus-Nimbus, 2020<\/div><\/div><\/li>\n                <li style=\"display: none; width: 100%;\" class=\"slide-1050 ms-image \" aria-roledescription=\"slide\" data-date=\"2017-06-23 11:32:53\" data-filename=\"Trouillometre-zero-diderot-boitacauchemars-2.jpg\" data-slide-type=\"image\"><img loading=\"lazy\" decoding=\"async\" src=\"https:\/\/www.scenotopic.fr\/wp-content\/uploads\/2017\/06\/Trouillometre-zero-diderot-boitacauchemars-2.jpg\" height=\"450\" width=\"600\" alt=\"Sc\u00e9notopic Exposition itin\u00e9rante Trouillom\u00e8tre-z\u00e9ro Module-Plateforme-des-imaginaires-nocturnes\" class=\"slider-693 slide-1050 msDefaultImage\" title=\"Sc\u00e9notopic Exposition itin\u00e9rante Trouillom\u00e8tre-z\u00e9ro Module-Plateforme-des-imaginaires-nocturnes\" \/><div class=\"caption-wrap\"><div class=\"caption\">M\u00e9diath\u00e8que Diderot, Module Plateforme des imaginaires nocturnes, Rez\u00e9, 2016\n<\/div><\/div><\/li>\n                <li style=\"display: none; width: 100%;\" class=\"slide-2340 ms-image \" aria-roledescription=\"slide\" data-date=\"2021-01-11 11:51:19\" data-filename=\"Trouillometre-zero-le-pellerin-b-450x337.jpg\" data-slide-type=\"image\"><img loading=\"lazy\" decoding=\"async\" src=\"https:\/\/www.scenotopic.fr\/wp-content\/uploads\/2021\/01\/Trouillometre-zero-le-pellerin-b-450x337.jpg\" height=\"450\" width=\"600\" alt=\"Sc\u00e9notopic Exposition itin\u00e9rante Trouillom\u00e8tre-z\u00e9ro Module-Ocus-Nimbus\" class=\"slider-693 slide-2340 msDefaultImage\" title=\"Sc\u00e9notopic Exposition itin\u00e9rante Trouillom\u00e8tre-z\u00e9ro Module-Ocus-Nimbus\" \/><div class=\"caption-wrap\"><div class=\"caption\">M\u00e9diath\u00e8que Le Pellerin, Module Ocus-Nimbus, 2020\n<\/div><\/div><\/li>\n                <li style=\"display: none; width: 100%;\" class=\"slide-2331 ms-image \" aria-roledescription=\"slide\" data-date=\"2021-01-11 11:41:57\" data-filename=\"Trouillometre-zero-st-jean-de-boiseau-a.jpg\" data-slide-type=\"image\"><img loading=\"lazy\" decoding=\"async\" src=\"https:\/\/www.scenotopic.fr\/wp-content\/uploads\/2021\/01\/Trouillometre-zero-st-jean-de-boiseau-a.jpg\" height=\"450\" width=\"600\" alt=\"Sc\u00e9notopic Exposition itin\u00e9rante Trouillom\u00e8tre-z\u00e9ro Module-Plateforme-des-imaginaires-nocturnes\" class=\"slider-693 slide-2331 msDefaultImage\" title=\"Sc\u00e9notopic Exposition itin\u00e9rante Trouillom\u00e8tre-z\u00e9ro Module-Plateforme-des-imaginaires-nocturnes\" \/><div class=\"caption-wrap\"><div class=\"caption\">M\u00e9diath\u00e8que St-Jean-de-Boiseau  Module Plateforme des imaginaires nocturnes, 2020\n<\/div><\/div><\/li>\n                <li style=\"display: none; width: 100%;\" class=\"slide-1057 ms-image \" aria-roledescription=\"slide\" data-date=\"2017-06-23 11:33:10\" data-filename=\"Trouillometre-zero-diderot-oreiller-sonore.jpg\" data-slide-type=\"image\"><img loading=\"lazy\" decoding=\"async\" src=\"https:\/\/www.scenotopic.fr\/wp-content\/uploads\/2017\/06\/Trouillometre-zero-diderot-oreiller-sonore.jpg\" height=\"450\" width=\"600\" alt=\"Module-Plateforme-des-imaginaires-nocturnes\" class=\"slider-693 slide-1057 msDefaultImage\" title=\"Sc\u00e9notopic Exposition itin\u00e9rante Trouillom\u00e8tre-z\u00e9ro Module-Plateforme-des-imaginaires-nocturnes\" \/><div class=\"caption-wrap\"><div class=\"caption\">M\u00e9diath\u00e8que Diderot, Module Plateforme des imaginaires nocturnes, Rez\u00e9, 2016<\/div><\/div><\/li>\n                <li style=\"display: none; width: 100%;\" class=\"slide-1053 ms-image \" aria-roledescription=\"slide\" data-date=\"2017-06-23 11:33:01\" data-filename=\"Trouillometre-zero-diderot-ocus-nimbus-1.jpg\" data-slide-type=\"image\"><img loading=\"lazy\" decoding=\"async\" src=\"https:\/\/www.scenotopic.fr\/wp-content\/uploads\/2017\/06\/Trouillometre-zero-diderot-ocus-nimbus-1.jpg\" height=\"450\" width=\"600\" alt=\"Sc\u00e9notopic Exposition itin\u00e9rante Trouillom\u00e8tre-z\u00e9ro Module-Ocus-Nimbus\" class=\"slider-693 slide-1053 msDefaultImage\" title=\"Sc\u00e9notopic Exposition itin\u00e9rante Trouillom\u00e8tre-z\u00e9ro Module-Ocus-Nimbus\" \/><div class=\"caption-wrap\"><div class=\"caption\">M\u00e9diath\u00e8que Diderot, Module Ocus-Nimbus, Rez\u00e9, 2016\n<\/div><\/div><\/li>\n                <li style=\"display: none; width: 100%;\" class=\"slide-1049 ms-image \" aria-roledescription=\"slide\" data-date=\"2017-06-23 11:32:51\" data-filename=\"Trouillometre-zero-diderot-boitacauchemars.jpg\" data-slide-type=\"image\"><img loading=\"lazy\" decoding=\"async\" src=\"https:\/\/www.scenotopic.fr\/wp-content\/uploads\/2017\/06\/Trouillometre-zero-diderot-boitacauchemars.jpg\" height=\"450\" width=\"600\" alt=\"Sc\u00e9notopic Exposition itin\u00e9rante Trouillom\u00e8tre-z\u00e9ro Module-Plateforme-des-imaginaires-nocturnes\" class=\"slider-693 slide-1049 msDefaultImage\" title=\"Sc\u00e9notopic Exposition itin\u00e9rante Trouillom\u00e8tre-z\u00e9ro Module-Plateforme-des-imaginaires-nocturnes\" \/><div class=\"caption-wrap\"><div class=\"caption\">M\u00e9diath\u00e8que Diderot, Module Plateforme des imaginaires nocturnes, Rez\u00e9, 2016<\/div><\/div><\/li>\n                <li style=\"display: none; width: 100%;\" class=\"slide-2333 ms-image \" aria-roledescription=\"slide\" data-date=\"2021-01-11 11:41:58\" data-filename=\"Trouillometre-zero-le-pellerin-e.jpg\" data-slide-type=\"image\"><img loading=\"lazy\" decoding=\"async\" src=\"https:\/\/www.scenotopic.fr\/wp-content\/uploads\/2021\/01\/Trouillometre-zero-le-pellerin-e.jpg\" height=\"450\" width=\"600\" alt=\"Sc\u00e9notopic Exposition itin\u00e9rante Trouillom\u00e8tre-z\u00e9ro Module-Croq&#039;m\u00f4mes-le-libriovore\" class=\"slider-693 slide-2333 msDefaultImage\" title=\"Sc\u00e9notopic Exposition itin\u00e9rante Trouillom\u00e8tre-z\u00e9ro Module-Croq&#039;m\u00f4mes-le-libriovore\" \/><div class=\"caption-wrap\"><div class=\"caption\">M\u00e9diath\u00e8que Le Pellerin, Module Croque-m\u00f4mes Le Libriovore, 2020<\/div><\/div><\/li>\n                <li style=\"display: none; width: 100%;\" class=\"slide-1051 ms-image \" aria-roledescription=\"slide\" data-date=\"2017-06-23 11:32:56\" data-filename=\"Trouillometre-zero-diderot-croquemomes.jpg\" data-slide-type=\"image\"><img loading=\"lazy\" decoding=\"async\" src=\"https:\/\/www.scenotopic.fr\/wp-content\/uploads\/2017\/06\/Trouillometre-zero-diderot-croquemomes.jpg\" height=\"450\" width=\"600\" alt=\"Sc\u00e9notopic Exposition itin\u00e9rante Trouillom\u00e8tre-z\u00e9ro Module-Croq&#039;m\u00f4mes-le-libriovore\" class=\"slider-693 slide-1051 msDefaultImage\" title=\"Sc\u00e9notopic Exposition itin\u00e9rante Trouillom\u00e8tre-z\u00e9ro Module-Croq&#039;m\u00f4mes-le-libriovore\" \/><div class=\"caption-wrap\"><div class=\"caption\">M\u00e9diath\u00e8que Diderot, Module Croque-m\u00f4mes le libriovore, Rez\u00e9, 2016\n<\/div><\/div><\/li>\n                <li style=\"display: none; width: 100%;\" class=\"slide-1058 ms-image \" aria-roledescription=\"slide\" data-date=\"2017-06-23 11:33:12\" data-filename=\"Trouillometre-zero-diderot-tetaqueues.2.jpg\" data-slide-type=\"image\"><img loading=\"lazy\" decoding=\"async\" src=\"https:\/\/www.scenotopic.fr\/wp-content\/uploads\/2017\/06\/Trouillometre-zero-diderot-tetaqueues.2.jpg\" height=\"450\" width=\"600\" alt=\"Sc\u00e9notopic Exposition itin\u00e9rante Trouillom\u00e8tre-z\u00e9ro Module-Jeu-T\u00eataqueues\" class=\"slider-693 slide-1058 msDefaultImage\" title=\"Sc\u00e9notopic Exposition itin\u00e9rante Trouillom\u00e8tre-z\u00e9ro Module-Jeu-T\u00eataqueues\" \/><div class=\"caption-wrap\"><div class=\"caption\">M\u00e9diath\u00e8que Diderot, Module Jeu T\u00eataqueues, Rez\u00e9, 2016\n<\/div><\/div><\/li>\n                <li style=\"display: none; width: 100%;\" class=\"slide-1054 ms-image \" aria-roledescription=\"slide\" data-date=\"2017-06-23 11:33:04\" data-filename=\"Trouillometre-zero-diderot-ocus-nimbus-2.jpg\" data-slide-type=\"image\"><img loading=\"lazy\" decoding=\"async\" src=\"https:\/\/www.scenotopic.fr\/wp-content\/uploads\/2017\/06\/Trouillometre-zero-diderot-ocus-nimbus-2.jpg\" height=\"450\" width=\"600\" alt=\"Sc\u00e9notopic Exposition itin\u00e9rante Trouillom\u00e8tre-z\u00e9ro Module-Ocus-Nimbus\" class=\"slider-693 slide-1054 msDefaultImage\" title=\"Sc\u00e9notopic Exposition itin\u00e9rante Trouillom\u00e8tre-z\u00e9ro Module-Ocus-Nimbus\" \/><div class=\"caption-wrap\"><div class=\"caption\">M\u00e9diath\u00e8que Diderot, Module Ocus-Nimbus, Rez\u00e9, 2016\n<\/div><\/div><\/li>\n                <li style=\"display: none; width: 100%;\" class=\"slide-1056 ms-image \" aria-roledescription=\"slide\" data-date=\"2017-06-23 11:33:08\" data-filename=\"Trouillometre-zero-diderot-oreiller-sonore.3.jpg\" data-slide-type=\"image\"><img loading=\"lazy\" decoding=\"async\" src=\"https:\/\/www.scenotopic.fr\/wp-content\/uploads\/2017\/06\/Trouillometre-zero-diderot-oreiller-sonore.3.jpg\" height=\"450\" width=\"600\" alt=\"Sc\u00e9notopic Exposition itin\u00e9rante Trouillom\u00e8tre-z\u00e9ro Module-Plateforme-des-imaginaires-nocturnes\" class=\"slider-693 slide-1056 msDefaultImage\" title=\"Sc\u00e9notopic Exposition itin\u00e9rante Trouillom\u00e8tre-z\u00e9ro Module-Plateforme-des-imaginaires-nocturnes\" \/><div class=\"caption-wrap\"><div class=\"caption\">M\u00e9diath\u00e8que Diderot, Module Plateforme des imaginaires nocturnes, Rez\u00e9, 2016\n<\/div><\/div><\/li>\n                <li style=\"display: none; width: 100%;\" class=\"slide-1059 ms-image \" aria-roledescription=\"slide\" data-date=\"2017-06-23 11:33:15\" data-filename=\"Trouillometre-zero-diderot-tetaqueues.jpg\" data-slide-type=\"image\"><img loading=\"lazy\" decoding=\"async\" src=\"https:\/\/www.scenotopic.fr\/wp-content\/uploads\/2017\/06\/Trouillometre-zero-diderot-tetaqueues.jpg\" height=\"450\" width=\"600\" alt=\"Sc\u00e9notopic Exposition itin\u00e9rante Trouillom\u00e8tre-z\u00e9ro Module-Jeu-T\u00eataqueues\" class=\"slider-693 slide-1059 msDefaultImage\" title=\"Sc\u00e9notopic Exposition itin\u00e9rante Trouillom\u00e8tre-z\u00e9ro Module-Jeu-T\u00eataqueues\" \/><div class=\"caption-wrap\"><div class=\"caption\">M\u00e9diath\u00e8que Diderot, Module T\u00eataqueues, Rez\u00e9, 2016\n<\/div><\/div><\/li>\n                <li style=\"display: none; width: 100%;\" class=\"slide-1052 ms-image \" aria-roledescription=\"slide\" data-date=\"2017-06-23 11:32:58\" data-filename=\"Trouillometre-zero-diderot-croquemomes-2.jpg\" data-slide-type=\"image\"><img loading=\"lazy\" decoding=\"async\" src=\"https:\/\/www.scenotopic.fr\/wp-content\/uploads\/2017\/06\/Trouillometre-zero-diderot-croquemomes-2.jpg\" height=\"450\" width=\"600\" alt=\"Sc\u00e9notopic Exposition itin\u00e9rante Trouillom\u00e8tre-z\u00e9ro Module-Croq&#039;m\u00f4mes-le-libriovore\" class=\"slider-693 slide-1052 msDefaultImage\" title=\"Sc\u00e9notopic Exposition itin\u00e9rante Trouillom\u00e8tre-z\u00e9ro Module-Croq&#039;m\u00f4mes-le-libriovore\" \/><div class=\"caption-wrap\"><div class=\"caption\">M\u00e9diath\u00e8que Diderot, Croq\u2019m\u00f4mes le libriovore, Rez\u00e9, 2016\n<\/div><\/div><\/li>\n            <\/ul>\n        <\/div>\n        \n    <\/div>\n<\/div>\n<div>\n<h3>T\u00e9moignages<\/h3>\n<p><em><em>\u00ab<\/em><\/em>Nous avons accueilli avec grand plaisir une partie de l\u2019exposition <em>Trouillom\u00e8tre Z\u00e9ro<\/em>, dans le cadre de notre temps fort Biblioth\u00e8ques en f\u00eate sur le th\u00e8me de la peur. Les grands nuages cyclopes ont donn\u00e9 le ton en ponctuant le chemin vers le Libriovore. Les enfants se sont appropri\u00e9s le Croq\u2019m\u00f4mes qu\u2019ils se sont amus\u00e9s \u00e0 d\u00e9membrer pour finalement s\u2019installer dessus, ou dedans, et y lire tranquillement seul ou en famille. M\u00eame pas peur ! Le public \u00e9tait ravi et a pu d\u00e9couvrir d\u2019autres modules dans les m\u00e9diath\u00e8ques partenaires. L\u2019exposition est de grande qualit\u00e9 ! <em>\u00bb<\/em><em><strong>Isabelle, M\u00e9diath\u00e8que George-Sand \u2013 Le Pellerin . \u00ab M\u00eame pas peur \u00bb. Novembre\u00a0 2020<\/strong><\/em><\/p>\n<h3>Lieux de diffusion<\/h3>\n<ul>\n<li style=\"list-style-type: none;\">\n<ul>\n<li>M\u00e9diath\u00e8que Edmond-Bertreux de <strong>Saint-Jean-de-Boiseau (44) <\/strong>du du 13 au 31 Octobre 2020 .<\/li>\n<li><span class=\"aCOpRe\">M\u00e9diath\u00e8que George-Sand &#8211; <strong>Le Pellerin (44)<\/strong><\/span> du 13 au 31 Octobre 2020 .<\/li>\n<li>M\u00e9diath\u00e8que Albert Camus &#8211; <strong>Issoudun (36)<\/strong> d<span class=\"aCOpRe\">u 01 au 25 F\u00e9vrier 2017, dans le cadre du Salon du livre jeunesse \u00ab\u00a0A vos livres !\u00a0\u00bb.<\/span><\/li>\n<li>M\u00e9diath\u00e8que Diderot &#8211; <strong>Rez\u00e9 (44)<\/strong> d<span class=\"aCOpRe\">u 06 au 31 D\u00e9cembre 2016.<\/span><\/li>\n<\/ul>\n<\/li>\n<\/ul>\n<\/div>\n<div class=\"menu-bas-trouillometre_1\" style=\"width: 790px; margin-top: 100px;\"><a title=\"9-croq'm\u00f4me\" href=\"https:\/\/www.scenotopic.fr\/index.php\/expositions-itinerantes\/trouillometre\/9-croqmomes-le-libriovore\/\" target=\"\" rel=\"attachment wp-att-327 noopener noreferrer\"><img decoding=\"async\" style=\"border-width: 0px; border-style: solid; margin-left: 0px; margin-right: 0px; width: 76px; height: 100px;\" title=\"9-croq'm\u00f4me\" src=\"https:\/\/www.scenotopic.fr\/wp-content\/uploads\/2016\/02\/trouillometre-menu-QUA-9.jpg\" alt=\"9-croq'm\u00f4me\" \/><\/a> <a title=\"8-ocus-nimbus\" href=\"https:\/\/www.scenotopic.fr\/index.php\/expositions-itinerantes\/trouillometre\/8-ocus-nimbus\/\" target=\"\" rel=\"attachment wp-att-327 noopener noreferrer\"><img decoding=\"async\" style=\"border-width: 0px; border-style: solid; margin-left: 0px; margin-right: 0px; width: 76px; height: 100px;\" title=\"8-ocus-nimbus\" src=\"https:\/\/www.scenotopic.fr\/wp-content\/uploads\/2016\/02\/trouillometre-menu-TER-8.jpg\" alt=\"8-ocus-nimbus\" \/><\/a> <a title=\"7-kesako kimera\" href=\"https:\/\/www.scenotopic.fr\/index.php\/expositions-itinerantes\/trouillometre\/7-kesako-kimera\/\" target=\"\" rel=\"attachment wp-att-327 noopener noreferrer\"><img decoding=\"async\" style=\"border-width: 0px; border-style: solid; margin-left: 0px; margin-right: 0px; width: 76px; height: 100px;\" title=\"7-kesako kimera\" src=\"https:\/\/www.scenotopic.fr\/wp-content\/uploads\/2016\/02\/trouillometre-menu-TER-7.jpg\" alt=\"7-kesako kimera\" \/><\/a> <a title=\"6-t\u00eataqueues\" href=\"https:\/\/www.scenotopic.fr\/index.php\/expositions-itinerantes\/trouillometre\/6-tetaqueues-jeu-de-cartes-geant\/\" target=\"\" rel=\"attachment wp-att-327 noopener noreferrer\"><img decoding=\"async\" style=\"border-width: 0px; border-style: solid; margin-left: 0px; margin-right: 0px; width: 76px; height: 100px;\" title=\"6-t\u00eataqueues\" src=\"https:\/\/www.scenotopic.fr\/wp-content\/uploads\/2016\/02\/trouillometre-menu-TER-6.jpg\" alt=\"6-t\u00eataqueues\" \/><\/a> <a title=\"5-le valet des ombres\" href=\"https:\/\/www.scenotopic.fr\/index.php\/expositions-itinerantes\/trouillometre\/5-le-valet-des-ombres\/\" target=\"\" rel=\"attachment wp-att-327 noopener noreferrer\"><img decoding=\"async\" style=\"border-width: 0px; border-style: solid; margin-left: 0px; margin-right: 0px; width: 74px; height: 98px;\" title=\"5-le valet des ombres\" src=\"https:\/\/www.scenotopic.fr\/wp-content\/uploads\/2016\/02\/trouillometre-menu-TER-5.jpg\" alt=\"5-le valet des ombres\" \/><\/a> <a title=\"4-la bo\u00eete \u00e0 cauchemars\" href=\"https:\/\/www.scenotopic.fr\/index.php\/expositions-itinerantes\/trouillometre\/4-la-boite-a-cauchemars\/\" target=\"\" rel=\"attachment wp-att-327 noopener noreferrer\"><img decoding=\"async\" style=\"border-width: 0px; border-style: solid; margin-left: 0px; margin-right: 0px; width: 76px; height: 100px;\" title=\"4-la bo\u00eete \u00e0 cauchemars\" src=\"https:\/\/www.scenotopic.fr\/wp-content\/uploads\/2016\/02\/trouillometre-menu-TER-4.jpg\" alt=\"4-la bo\u00eete \u00e0 cauchemars\" \/><\/a> <a title=\"3-grattapaluches\" href=\"https:\/\/www.scenotopic.fr\/index.php\/expositions-itinerantes\/trouillometre\/trouillometre-grattapaluches\/\" target=\"\" rel=\"attachment wp-att-327 noopener noreferrer\"><img decoding=\"async\" style=\"border-width: 0px; border-style: solid; margin-left: 0px; margin-right: 0px; width: 76px; height: 100px;\" title=\"3-grattapaluches\" src=\"https:\/\/www.scenotopic.fr\/wp-content\/uploads\/2016\/02\/trouillometre-menu-TER-3.jpg\" alt=\"3-grattapaluches\" \/><\/a> <a title=\"2-oreiller sonore\" href=\"https:\/\/www.scenotopic.fr\/index.php\/expositions-itinerantes\/trouillometre\/trouillometre-corne-de-lune\/\" target=\"\" rel=\"attachment wp-att-327 noopener noreferrer\"><img decoding=\"async\" style=\"border-width: 0px; border-style: solid; margin-left: 0px; margin-right: 0px; width: 75px; height: 100px;\" title=\"2-oreiller sonore\" src=\"https:\/\/www.scenotopic.fr\/wp-content\/uploads\/2016\/02\/trouillometre-menu-QUA-2.jpg\" alt=\"2-oreiller sonore\" \/><\/a> <a title=\"1-un visiteur\" href=\"https:\/\/www.scenotopic.fr\/index.php\/expositions-itinerantes\/trouillometre\/trouillometre-un-visiteur\/\" target=\"\" rel=\"attachment wp-att-327 noopener noreferrer\"><img decoding=\"async\" style=\"border-width: 0px; border-style: solid; margin-left: 0px; margin-right: 0px; width: 76px; height: 100px;\" title=\"1-un visiteur\" src=\"https:\/\/www.scenotopic.fr\/wp-content\/uploads\/2016\/02\/trouillometre-menu-TER-1.jpg\" alt=\"1-un visiteur\" \/><\/a> <a title=\"0-plateforme des imaginaires nocturnes\" href=\"https:\/\/www.scenotopic.fr\/index.php\/expositions-itinerantes\/trouillometre\/trouillometre-plateforme-des-imaginaires-nocturnes\/\" target=\"\" rel=\"attachment wp-att-327 noopener noreferrer\"><img decoding=\"async\" style=\"border-width: 0px; border-style: solid; margin-left: 0px; margin-right: 0px; width: 76px; height: 100px;\" title=\"0-plateforme des imaginaires nocturnes\" src=\"https:\/\/www.scenotopic.fr\/wp-content\/uploads\/2016\/02\/trouillometre-menu-TER-0.jpg\" alt=\"0-plateforme des imaginaires nocturnes\" \/><\/a><\/p>\n<div class=\"menu-bas-trouillometre_2\" style=\"width: 100px; margin: auto; margin-top: 50px;\"><a title=\"Trouillom\u00e8tre Z\u00e9ro - pr\u00e9sentation\" href=\"https:\/\/www.scenotopic.fr\/index.php\/expositions-itinerantes\/trouillometre\/\" target=\"\" rel=\"attachment wp-att-327 noopener noreferrer\"><img decoding=\"async\" style=\"width: 53px; height: 80px;\" src=\"https:\/\/www.scenotopic.fr\/wp-content\/uploads\/2016\/03\/trouillometre-icone2.png\" alt=\"pr\u00e9sentation du dispositif Trouillom\u00e8tre Z\u00e9ro\" \/><\/a><\/div>\n<\/div>\n","protected":false},"excerpt":{"rendered":"<p>T\u00e9moignages \u00abNous avons accueilli avec grand plaisir une partie de l\u2019exposition Trouillom\u00e8tre Z\u00e9ro, dans le cadre de notre temps fort Biblioth\u00e8ques en f\u00eate sur le th\u00e8me de la peur. Les grands nuages cyclopes ont donn\u00e9 le ton en ponctuant le chemin vers le Libriovore. Les enfants se sont appropri\u00e9s le Croq\u2019m\u00f4mes qu\u2019ils se sont amus\u00e9s &hellip; <a href=\"https:\/\/www.scenotopic.fr\/index.php\/expositions-itinerantes\/trouillometre\/exposition-trouillometre-zero-galerie\/\" class=\"more-link\">Lire la suite <span class=\"screen-reader-text\">Galerie des lieux de diffusion &#8211; Trouillom\u00e8tre Z\u00e9ro<\/span><\/a><\/p>\n","protected":false},"author":2,"featured_media":1063,"parent":88,"menu_order":10,"comment_status":"closed","ping_status":"closed","template":"page-templates\/full-width-page.php","meta":{"footnotes":""},"class_list":["post-1060","page","type-page","status-publish","has-post-thumbnail","hentry","with-featured-image"],"_links":{"self":[{"href":"https:\/\/www.scenotopic.fr\/index.php\/wp-json\/wp\/v2\/pages\/1060","targetHints":{"allow":["GET"]}}],"collection":[{"href":"https:\/\/www.scenotopic.fr\/index.php\/wp-json\/wp\/v2\/pages"}],"about":[{"href":"https:\/\/www.scenotopic.fr\/index.php\/wp-json\/wp\/v2\/types\/page"}],"author":[{"embeddable":true,"href":"https:\/\/www.scenotopic.fr\/index.php\/wp-json\/wp\/v2\/users\/2"}],"replies":[{"embeddable":true,"href":"https:\/\/www.scenotopic.fr\/index.php\/wp-json\/wp\/v2\/comments?post=1060"}],"version-history":[{"count":11,"href":"https:\/\/www.scenotopic.fr\/index.php\/wp-json\/wp\/v2\/pages\/1060\/revisions"}],"predecessor-version":[{"id":2359,"href":"https:\/\/www.scenotopic.fr\/index.php\/wp-json\/wp\/v2\/pages\/1060\/revisions\/2359"}],"up":[{"embeddable":true,"href":"https:\/\/www.scenotopic.fr\/index.php\/wp-json\/wp\/v2\/pages\/88"}],"wp:featuredmedia":[{"embeddable":true,"href":"https:\/\/www.scenotopic.fr\/index.php\/wp-json\/wp\/v2\/media\/1063"}],"wp:attachment":[{"href":"https:\/\/www.scenotopic.fr\/index.php\/wp-json\/wp\/v2\/media?parent=1060"}],"curies":[{"name":"wp","href":"https:\/\/api.w.org\/{rel}","templated":true}]}}